{"id":3770,"date":"2024-05-23T14:12:42","date_gmt":"2024-05-23T12:12:42","guid":{"rendered":"https:\/\/megawash.dk\/leistungen\/van-waschraum\/"},"modified":"2025-06-13T09:11:46","modified_gmt":"2025-06-13T07:11:46","slug":"van-waschraum","status":"publish","type":"page","link":"https:\/\/megawash.dk\/de\/leistungen\/van-waschraum\/","title":{"rendered":"Van-Waschraum"},"content":{"rendered":"<section class=\"wpb-content-wrapper\"><p>[vc_row full_width=&#8220;stretch_row&#8220;][vc_column]<div class=\"ult-spacer spacer-69ed1bdd56119\" data-id=\"69ed1bdd56119\" data-height=\"90\" data-height-mobile=\"60\" data-height-tab=\"90\" data-height-tab-portrait=\"60\" data-height-mobile-landscape=\"60\" style=\"clear:both;display:block;\"><\/div>[vc_row_inner][vc_column_inner offset=&#8220;vc_col-lg-8 vc_col-md-8 vc_col-xs-12&#8243;][vc_column_text]<\/p>\n<h2>Lassen Sie Ihren Transporter bei Mega Wash waschen.<\/h2>\n<p>Regelm\u00e4\u00dfiges Waschen ist f\u00fcr die Instandhaltung und Langlebigkeit Ihres Transporters unerl\u00e4sslich. Andernfalls k\u00f6nnen verschiedene Probleme auftreten.<\/p>\n<p>Schmutz und Ablagerungen k\u00f6nnen sich auf der Oberfl\u00e4che des Transporters ablagern und Rost verursachen. Rost kann die Struktur des Transporters besch\u00e4digen und zu teuren Reparaturen f\u00fchren.<\/p>\n<p>Dar\u00fcber hinaus k\u00f6nnen sich Schmutz und Ablagerungen auf der Oberfl\u00e4che negativ auf die Aerodynamik und den Kraftstoffverbrauch auswirken. Eine saubere und glatte Oberfl\u00e4che verringert den Luftwiderstand und hilft Ihnen, beim Fahren weniger Kraftstoff zu verbrauchen.<\/p>\n<p>Ein unsauberer Transporter kann auch das Image und die Glaubw\u00fcrdigkeit Ihres Unternehmens sch\u00e4digen. Mit einem sauberen und repr\u00e4sentativen Transporter signalisieren Sie Ihren Kunden Professionalit\u00e4t und Liebe zum Detail.<\/p>\n<p>So waschen Sie Ihren Transporter selbst.<\/p>\n<p>Wenn Sie einen Transporter besitzen, wissen Sie, wie wichtig es ist, ihn sauber und repr\u00e4sentativ zu halten. Obwohl wir bei Mega Wash Experten f\u00fcr die Transporterw\u00e4sche sind, k\u00f6nnen Sie Ihren Transporter auch selbst gr\u00fcndlich waschen.<\/p>\n<p>Sp\u00fclen Sie Ihren Transporter zun\u00e4chst mit Wasser ab, um groben Schmutz zu entfernen. Anschlie\u00dfend k\u00f6nnen Sie ihn mit einer weichen B\u00fcrste und einem milden Reinigungsmittel waschen. Denken Sie daran, auch die Ecken und Winkel zu reinigen, in denen sich h\u00e4ufig Schmutz ansammelt.<\/p>\n<p>Nachdem Sie den Transporter gr\u00fcndlich geschrubbt haben, sp\u00fclen Sie ihn erneut mit klarem Wasser ab, um das gesamte Reinigungsmittel zu entfernen. Wischen Sie ihn anschlie\u00dfend mit einem weichen Tuch ab oder lassen Sie ihn an der Luft trocknen.<\/p>\n<p>Unsere Abteilungen bei Mega Wash<\/p>\n<p>Wenn Sie eine professionelle und gr\u00fcndliche Reinigung Ihres Transporters w\u00fcnschen, k\u00f6nnen Sie sich jederzeit an Mega Wash wenden. Wir haben mehrere Abteilungen im ganzen Land \u2013 Padborg, Vejle, Horsens und H\u00f8rning \u2013 wo unsere erfahrenen Mitarbeiter Ihnen gerne weiterhelfen.<\/p>\n<p>Ob Sie in der Gro\u00dfstadt oder auf dem Land wohnen, wir haben eine Abteilung in Ihrer N\u00e4he. Wir bieten eine breite Palette an Waschservices, die auf die individuellen Bed\u00fcrfnisse Ihres Fahrzeugs zugeschnitten sind.<\/p>\n<p>Besuchen Sie unsere Website oder rufen Sie uns noch heute an, um mehr \u00fcber unsere Standorte zu erfahren und eine professionelle Transporterw\u00e4sche bei Mega Wash zu buchen.[\/vc_column_text]<div class=\"ult-spacer spacer-69ed1bdd56161\" data-id=\"69ed1bdd56161\" data-height=\"0\" data-height-mobile=\"30\" data-height-tab=\"0\" data-height-tab-portrait=\"30\" data-height-mobile-landscape=\"30\" style=\"clear:both;display:block;\"><\/div>[\/vc_column_inner][vc_column_inner offset=&#8220;vc_col-lg-4 vc_col-md-4 vc_col-xs-12&#8243;][vc_widget_sidebar sidebar_id=&#8220;sidebar-2&#8243; el_class=&#8220;kf&#8220;][\/vc_column_inner][\/vc_row_inner]<div class=\"ult-spacer spacer-69ed1bdd5618c\" data-id=\"69ed1bdd5618c\" data-height=\"90\" data-height-mobile=\"60\" data-height-tab=\"90\" data-height-tab-portrait=\"60\" data-height-mobile-landscape=\"60\" style=\"clear:both;display:block;\"><\/div>[\/vc_column][\/vc_row][vc_row full_width=&#8220;stretch_row&#8220; css=&#8220;.vc_custom_1624970689165{background-image: url(https:\/\/megawash.dk\/wp-content\/uploads\/2021\/06\/iStock-1031587806-min-scaled.jpg?id=2755) !important;background-position: center !important;background-repeat: no-repeat !important;background-size: cover !important;}&#8220; el_class=&#8220;parallax&#8220;][vc_column]<div class=\"ult-spacer spacer-69ed1bdd561b3\" data-id=\"69ed1bdd561b3\" data-height=\"90\" data-height-mobile=\"60\" data-height-tab=\"90\" data-height-tab-portrait=\"60\" data-height-mobile-landscape=\"60\" style=\"clear:both;display:block;\"><\/div>[vc_row_inner equal_height=&#8220;yes&#8220;][vc_column_inner width=&#8220;1\/12&#8243; offset=&#8220;vc_col-lg-3 vc_col-md-2 vc_col-xs-12&#8243;][\/vc_column_inner][vc_column_inner width=&#8220;5\/6&#8243; css=&#8220;.vc_custom_1624970734785{margin-right: 30px !important;margin-left: 30px !important;padding-top: 30px !important;padding-right: 30px !important;padding-bottom: 30px !important;padding-left: 30px !important;background-color: rgba(255,255,255,0.9) !important;*background-color: rgb(255,255,255) !important;}&#8220; offset=&#8220;vc_col-lg-6 vc_col-md-8 vc_col-xs-12&#8243;][vc_column_text]<\/p>\n<h3 style=\"text-align: center;\">W\u00fcnschen Sie ein unverbindliches Angebot?<\/h3>\n<p style=\"text-align: center;\">MegaWash erstellt Ihnen gerne ein Angebot f\u00fcr Reinigungs- oder Desinfektionsarbeiten in Ihrem Unternehmen. Kontaktieren Sie uns gerne f\u00fcr ein unverbindliches Gespr\u00e4ch oder ein individuelles Angebot f\u00fcr Ihre Reinigungs- und Desinfektionsarbeiten.<\/p>\n<p style=\"text-align: center;\">Sie erreichen uns unter kontakt@megawash.dk oder unter dem Men\u00fcpunkt \u201eKontakt\u201c.<\/p>\n<p>[\/vc_column_text][vc_empty_space height=&#8220;30px&#8220;][vc_btn title=&#8220;Kontaktieren Sie uns noch heute&#8220; style=&#8220;custom&#8220; custom_background=&#8220;#778174&#8243; custom_text=&#8220;#ffffff&#8220; shape=&#8220;square&#8220; size=&#8220;sm&#8220; align=&#8220;center&#8220; link=&#8220;url:https%3A%2F%2Fmegawash.dk%2Fde%2Fkontaktieren-sie-uns-noch-heute%2F|title:Kontaktieren%20Sie%20uns%20noch%20heute|&#8220;][\/vc_column_inner][vc_column_inner width=&#8220;1\/12&#8243; offset=&#8220;vc_col-lg-3 vc_col-md-2 vc_col-xs-12&#8243;][\/vc_column_inner][\/vc_row_inner]<div class=\"ult-spacer spacer-69ed1bdd561dc\" data-id=\"69ed1bdd561dc\" data-height=\"90\" data-height-mobile=\"60\" data-height-tab=\"90\" data-height-tab-portrait=\"60\" data-height-mobile-landscape=\"60\" style=\"clear:both;display:block;\"><\/div>[\/vc_column][\/vc_row]<\/p>\n<\/section>","protected":false},"excerpt":{"rendered":"<p>\u2013 f\u00fcr sauberen Transport!<\/p>\n","protected":false},"author":2,"featured_media":3678,"parent":3022,"menu_order":4,"comment_status":"closed","ping_status":"closed","template":"","meta":{"footnotes":""},"categories":[31],"class_list":{"0":"post-3770","1":"page","2":"type-page","3":"status-publish","4":"has-post-thumbnail","6":"category-fokus-de"},"yoast_head":"<!-- This site is optimized with the Yoast SEO plugin v21.6 - https:\/\/yoast.com\/wordpress\/plugins\/seo\/ -->\n<title>Autowaschanlage f\u00fcr Kastenwagen und Transporter &#183; MegaWash<\/title>\n<meta name=\"description\" content=\"MegaWash bietet bundesweit Autow\u00e4schen f\u00fcr Transporter und Nutzfahrzeuge an. Professionelle Reinigung und Pflege. Besuchen Sie uns jetzt!\" \/>\n<meta name=\"robots\" content=\"index, follow, max-snippet:-1, max-image-preview:large, max-video-preview:-1\" \/>\n<link rel=\"canonical\" href=\"https:\/\/megawash.dk\/de\/leistungen\/van-waschraum\/\" \/>\n<meta property=\"og:locale\" content=\"de_DE\" \/>\n<meta property=\"og:type\" content=\"article\" \/>\n<meta property=\"og:title\" content=\"Autowaschanlage f\u00fcr Kastenwagen und Transporter &#183; MegaWash\" \/>\n<meta property=\"og:description\" content=\"MegaWash bietet bundesweit Autow\u00e4schen f\u00fcr Transporter und Nutzfahrzeuge an. Professionelle Reinigung und Pflege. Besuchen Sie uns jetzt!\" \/>\n<meta property=\"og:url\" content=\"https:\/\/megawash.dk\/de\/leistungen\/van-waschraum\/\" \/>\n<meta property=\"og:site_name\" content=\"MegaWash\" \/>\n<meta property=\"article:modified_time\" content=\"2025-06-13T07:11:46+00:00\" \/>\n<meta property=\"og:image\" content=\"https:\/\/megawash.dk\/wp-content\/uploads\/2025\/02\/varevogn-2-e1740055191111.webp\" \/>\n\t<meta property=\"og:image:width\" content=\"1500\" \/>\n\t<meta property=\"og:image:height\" content=\"1080\" \/>\n\t<meta property=\"og:image:type\" content=\"image\/webp\" \/>\n<meta name=\"twitter:card\" content=\"summary_large_image\" \/>\n<meta name=\"twitter:label1\" content=\"Gesch\u00e4tzte Lesezeit\" \/>\n\t<meta name=\"twitter:data1\" content=\"4\u00a0Minuten\" \/>\n<script type=\"application\/ld+json\" class=\"yoast-schema-graph\">{\"@context\":\"https:\/\/schema.org\",\"@graph\":[{\"@type\":\"WebPage\",\"@id\":\"https:\/\/megawash.dk\/de\/leistungen\/van-waschraum\/\",\"url\":\"https:\/\/megawash.dk\/de\/leistungen\/van-waschraum\/\",\"name\":\"Autowaschanlage f\u00fcr Kastenwagen und Transporter &#183; MegaWash\",\"isPartOf\":{\"@id\":\"https:\/\/megawash.dk\/de\/#website\"},\"datePublished\":\"2024-05-23T12:12:42+00:00\",\"dateModified\":\"2025-06-13T07:11:46+00:00\",\"description\":\"MegaWash bietet bundesweit Autow\u00e4schen f\u00fcr Transporter und Nutzfahrzeuge an. Professionelle Reinigung und Pflege. Besuchen Sie uns jetzt!\",\"breadcrumb\":{\"@id\":\"https:\/\/megawash.dk\/de\/leistungen\/van-waschraum\/#breadcrumb\"},\"inLanguage\":\"de\",\"potentialAction\":[{\"@type\":\"ReadAction\",\"target\":[\"https:\/\/megawash.dk\/de\/leistungen\/van-waschraum\/\"]}]},{\"@type\":\"BreadcrumbList\",\"@id\":\"https:\/\/megawash.dk\/de\/leistungen\/van-waschraum\/#breadcrumb\",\"itemListElement\":[{\"@type\":\"ListItem\",\"position\":1,\"name\":\"Hjem\",\"item\":\"https:\/\/megawash.dk\/de\/\"},{\"@type\":\"ListItem\",\"position\":2,\"name\":\"Leistungen\",\"item\":\"https:\/\/megawash.dk\/de\/arbejdsomraader\/\"},{\"@type\":\"ListItem\",\"position\":3,\"name\":\"Van-Waschraum\"}]},{\"@type\":\"WebSite\",\"@id\":\"https:\/\/megawash.dk\/de\/#website\",\"url\":\"https:\/\/megawash.dk\/de\/\",\"name\":\"MegaWash\",\"description\":\"Vaskehal til lastbiler og kassevogn i \u00c5rhus og Recharge City: Vask af lastbil\",\"publisher\":{\"@id\":\"https:\/\/megawash.dk\/de\/#organization\"},\"potentialAction\":[{\"@type\":\"SearchAction\",\"target\":{\"@type\":\"EntryPoint\",\"urlTemplate\":\"https:\/\/megawash.dk\/de\/?s={search_term_string}\"},\"query-input\":\"required name=search_term_string\"}],\"inLanguage\":\"de\"},{\"@type\":\"Organization\",\"@id\":\"https:\/\/megawash.dk\/de\/#organization\",\"name\":\"MegaWash\",\"url\":\"https:\/\/megawash.dk\/de\/\",\"logo\":{\"@type\":\"ImageObject\",\"inLanguage\":\"de\",\"@id\":\"https:\/\/megawash.dk\/de\/#\/schema\/logo\/image\/\",\"url\":\"https:\/\/megawash.dk\/wp-content\/uploads\/2023\/04\/megawash-logo-pantone-2727c-2798c.png\",\"contentUrl\":\"https:\/\/megawash.dk\/wp-content\/uploads\/2023\/04\/megawash-logo-pantone-2727c-2798c.png\",\"width\":2048,\"height\":1046,\"caption\":\"MegaWash\"},\"image\":{\"@id\":\"https:\/\/megawash.dk\/de\/#\/schema\/logo\/image\/\"}}]}<\/script>\n<!-- \/ Yoast SEO plugin. -->","yoast_head_json":{"title":"Autowaschanlage f\u00fcr Kastenwagen und Transporter &#183; MegaWash","description":"MegaWash bietet bundesweit Autow\u00e4schen f\u00fcr Transporter und Nutzfahrzeuge an. Professionelle Reinigung und Pflege. Besuchen Sie uns jetzt!","robots":{"index":"index","follow":"follow","max-snippet":"max-snippet:-1","max-image-preview":"max-image-preview:large","max-video-preview":"max-video-preview:-1"},"canonical":"https:\/\/megawash.dk\/de\/leistungen\/van-waschraum\/","og_locale":"de_DE","og_type":"article","og_title":"Autowaschanlage f\u00fcr Kastenwagen und Transporter &#183; MegaWash","og_description":"MegaWash bietet bundesweit Autow\u00e4schen f\u00fcr Transporter und Nutzfahrzeuge an. Professionelle Reinigung und Pflege. Besuchen Sie uns jetzt!","og_url":"https:\/\/megawash.dk\/de\/leistungen\/van-waschraum\/","og_site_name":"MegaWash","article_modified_time":"2025-06-13T07:11:46+00:00","og_image":[{"width":1500,"height":1080,"url":"https:\/\/megawash.dk\/wp-content\/uploads\/2025\/02\/varevogn-2-e1740055191111.webp","type":"image\/webp"}],"twitter_card":"summary_large_image","twitter_misc":{"Gesch\u00e4tzte Lesezeit":"4\u00a0Minuten"},"schema":{"@context":"https:\/\/schema.org","@graph":[{"@type":"WebPage","@id":"https:\/\/megawash.dk\/de\/leistungen\/van-waschraum\/","url":"https:\/\/megawash.dk\/de\/leistungen\/van-waschraum\/","name":"Autowaschanlage f\u00fcr Kastenwagen und Transporter &#183; MegaWash","isPartOf":{"@id":"https:\/\/megawash.dk\/de\/#website"},"datePublished":"2024-05-23T12:12:42+00:00","dateModified":"2025-06-13T07:11:46+00:00","description":"MegaWash bietet bundesweit Autow\u00e4schen f\u00fcr Transporter und Nutzfahrzeuge an. Professionelle Reinigung und Pflege. Besuchen Sie uns jetzt!","breadcrumb":{"@id":"https:\/\/megawash.dk\/de\/leistungen\/van-waschraum\/#breadcrumb"},"inLanguage":"de","potentialAction":[{"@type":"ReadAction","target":["https:\/\/megawash.dk\/de\/leistungen\/van-waschraum\/"]}]},{"@type":"BreadcrumbList","@id":"https:\/\/megawash.dk\/de\/leistungen\/van-waschraum\/#breadcrumb","itemListElement":[{"@type":"ListItem","position":1,"name":"Hjem","item":"https:\/\/megawash.dk\/de\/"},{"@type":"ListItem","position":2,"name":"Leistungen","item":"https:\/\/megawash.dk\/de\/arbejdsomraader\/"},{"@type":"ListItem","position":3,"name":"Van-Waschraum"}]},{"@type":"WebSite","@id":"https:\/\/megawash.dk\/de\/#website","url":"https:\/\/megawash.dk\/de\/","name":"MegaWash","description":"Vaskehal til lastbiler og kassevogn i \u00c5rhus og Recharge City: Vask af lastbil","publisher":{"@id":"https:\/\/megawash.dk\/de\/#organization"},"potentialAction":[{"@type":"SearchAction","target":{"@type":"EntryPoint","urlTemplate":"https:\/\/megawash.dk\/de\/?s={search_term_string}"},"query-input":"required name=search_term_string"}],"inLanguage":"de"},{"@type":"Organization","@id":"https:\/\/megawash.dk\/de\/#organization","name":"MegaWash","url":"https:\/\/megawash.dk\/de\/","logo":{"@type":"ImageObject","inLanguage":"de","@id":"https:\/\/megawash.dk\/de\/#\/schema\/logo\/image\/","url":"https:\/\/megawash.dk\/wp-content\/uploads\/2023\/04\/megawash-logo-pantone-2727c-2798c.png","contentUrl":"https:\/\/megawash.dk\/wp-content\/uploads\/2023\/04\/megawash-logo-pantone-2727c-2798c.png","width":2048,"height":1046,"caption":"MegaWash"},"image":{"@id":"https:\/\/megawash.dk\/de\/#\/schema\/logo\/image\/"}}]}},"_links":{"self":[{"href":"https:\/\/megawash.dk\/de\/wp-json\/wp\/v2\/pages\/3770","targetHints":{"allow":["GET"]}}],"collection":[{"href":"https:\/\/megawash.dk\/de\/wp-json\/wp\/v2\/pages"}],"about":[{"href":"https:\/\/megawash.dk\/de\/wp-json\/wp\/v2\/types\/page"}],"author":[{"embeddable":true,"href":"https:\/\/megawash.dk\/de\/wp-json\/wp\/v2\/users\/2"}],"replies":[{"embeddable":true,"href":"https:\/\/megawash.dk\/de\/wp-json\/wp\/v2\/comments?post=3770"}],"version-history":[{"count":2,"href":"https:\/\/megawash.dk\/de\/wp-json\/wp\/v2\/pages\/3770\/revisions"}],"predecessor-version":[{"id":3772,"href":"https:\/\/megawash.dk\/de\/wp-json\/wp\/v2\/pages\/3770\/revisions\/3772"}],"up":[{"embeddable":true,"href":"https:\/\/megawash.dk\/de\/wp-json\/wp\/v2\/pages\/3022"}],"wp:featuredmedia":[{"embeddable":true,"href":"https:\/\/megawash.dk\/de\/wp-json\/wp\/v2\/media\/3678"}],"wp:attachment":[{"href":"https:\/\/megawash.dk\/de\/wp-json\/wp\/v2\/media?parent=3770"}],"wp:term":[{"taxonomy":"category","embeddable":true,"href":"https:\/\/megawash.dk\/de\/wp-json\/wp\/v2\/categories?post=3770"}],"curies":[{"name":"wp","href":"https:\/\/api.w.org\/{rel}","templated":true}]}}