{"id":3764,"date":"2024-05-23T13:51:03","date_gmt":"2024-05-23T11:51:03","guid":{"rendered":"https:\/\/megawash.dk\/leistungen\/waschkueche-fuer-wohnwagen\/"},"modified":"2025-06-13T09:06:43","modified_gmt":"2025-06-13T07:06:43","slug":"waschkueche-fuer-wohnwagen","status":"publish","type":"page","link":"https:\/\/megawash.dk\/de\/leistungen\/waschkueche-fuer-wohnwagen\/","title":{"rendered":"Waschk\u00fcche f\u00fcr Wohnwagen"},"content":{"rendered":"<section class=\"wpb-content-wrapper\"><p>[vc_row full_width=&#8220;stretch_row&#8220;][vc_column]<div class=\"ult-spacer spacer-69ed690eb5987\" data-id=\"69ed690eb5987\" data-height=\"90\" data-height-mobile=\"60\" data-height-tab=\"90\" data-height-tab-portrait=\"60\" data-height-mobile-landscape=\"60\" style=\"clear:both;display:block;\"><\/div>[vc_row_inner][vc_column_inner offset=&#8220;vc_col-lg-8 vc_col-md-8 vc_col-xs-12&#8243;][vc_column_text]<\/p>\n<h1>Gr\u00fcndliche Reinigung von Wohnmobilen und Caravans<\/h1>\n<p>Ben\u00f6tigt Ihr Caravan oder Wohnmobil eine gr\u00fcndliche Reinigung? Bei Mega Wash bieten wir Ihnen die Au\u00dfenreinigung von Caravans und Wohnmobilen f\u00fcr den privaten und gewerblichen Gebrauch in unserer Waschanlage an. Mit \u00fcber 30 Jahren Erfahrung sind wir bereit, Ihrem Caravan eine gr\u00fcndliche Verwandlung zu verpassen. Unsere Expertise garantiert Ihnen eine einfache, flexible und sorgf\u00e4ltige Reinigung zu einem guten Preis. Wir bieten Caravanw\u00e4sche sowohl f\u00fcr Privatpersonen als auch f\u00fcr Gewerbetreibende an, die einen ma\u00dfgeschneiderten Firmenvertrag f\u00fcr die Reinigung von Wohnmobilen und Caravans suchen. Rufen Sie uns jetzt an, um mehr zu erfahren, oder lesen Sie weiter unten.<\/p>\n<p>Caravanw\u00e4sche<\/p>\n<p>Als professionelle Autow\u00e4sche gehen wir bei unserer Arbeit keine Kompromisse ein. Unsere qualifizierten Mitarbeiter erledigen jede Aufgabe mit Sorgfalt und Pr\u00e4zision, damit Ihr Wohnmobil von Anfang bis Ende wiederhergestellt ist. Wir verwenden ausschlie\u00dflich die besten Reinigungsprodukte und modernsten Techniken auf dem Markt, damit Ihre Caravanw\u00e4sche alle Erwartungen \u00fcbertrifft. Eine gr\u00fcndliche Reinigung Ihres Wohnmobils oder Wohnwagens entfernt nicht nur sichtbaren Schmutz, sondern sch\u00fctzt auch die Fahrzeugoberfl\u00e4chen und verl\u00e4ngert dessen Lebensdauer. Dies garantieren wir Ihnen in unserer Wohnwagenwaschanlage.<\/p>\n<p>Eine Waschanlage in Ihrer N\u00e4he \u2013 kontaktieren Sie uns f\u00fcr weitere Informationen.<\/p>\n<p>Ob in Aarhus oder nahe der Grenze, wir sind Ihr Partner f\u00fcr die Au\u00dfenw\u00e4sche Ihres Wohnwagens. Mit Waschanlagen in Padborg, Vejle, Horsens und H\u00f8rning sind wir immer in Ihrer N\u00e4he. Machen Sie den ersten Schritt zu einem saubereren und angenehmeren Fahrerlebnis und kontaktieren Sie uns unter (+45) 7572 3711. Wir helfen Ihnen, Ihren Wohnwagen wieder in Bestform zu bringen \u2013 wir freuen uns auf Ihre Kontaktaufnahme![\/vc_column_text]<div class=\"ult-spacer spacer-69ed690eb59ce\" data-id=\"69ed690eb59ce\" data-height=\"0\" data-height-mobile=\"30\" data-height-tab=\"0\" data-height-tab-portrait=\"30\" data-height-mobile-landscape=\"30\" style=\"clear:both;display:block;\"><\/div>[\/vc_column_inner][vc_column_inner offset=&#8220;vc_col-lg-4 vc_col-md-4 vc_col-xs-12&#8243;][vc_widget_sidebar sidebar_id=&#8220;sidebar-2&#8243; el_class=&#8220;kf&#8220;][\/vc_column_inner][\/vc_row_inner]<div class=\"ult-spacer spacer-69ed690eb5a0c\" data-id=\"69ed690eb5a0c\" data-height=\"90\" data-height-mobile=\"60\" data-height-tab=\"90\" data-height-tab-portrait=\"60\" data-height-mobile-landscape=\"60\" style=\"clear:both;display:block;\"><\/div>[\/vc_column][\/vc_row][vc_row full_width=&#8220;stretch_row&#8220; css=&#8220;.vc_custom_1624970689165{background-image: url(https:\/\/megawash.dk\/wp-content\/uploads\/2021\/06\/iStock-1031587806-min-scaled.jpg?id=2755) !important;background-position: center !important;background-repeat: no-repeat !important;background-size: cover !important;}&#8220; el_class=&#8220;parallax&#8220;][vc_column]<div class=\"ult-spacer spacer-69ed690eb5a31\" data-id=\"69ed690eb5a31\" data-height=\"90\" data-height-mobile=\"60\" data-height-tab=\"90\" data-height-tab-portrait=\"60\" data-height-mobile-landscape=\"60\" style=\"clear:both;display:block;\"><\/div>[vc_row_inner equal_height=&#8220;yes&#8220;][vc_column_inner width=&#8220;1\/12&#8243; offset=&#8220;vc_col-lg-3 vc_col-md-2 vc_col-xs-12&#8243;][\/vc_column_inner][vc_column_inner width=&#8220;5\/6&#8243; css=&#8220;.vc_custom_1624970734785{margin-right: 30px !important;margin-left: 30px !important;padding-top: 30px !important;padding-right: 30px !important;padding-bottom: 30px !important;padding-left: 30px !important;background-color: rgba(255,255,255,0.9) !important;*background-color: rgb(255,255,255) !important;}&#8220; offset=&#8220;vc_col-lg-6 vc_col-md-8 vc_col-xs-12&#8243;][vc_column_text]<\/p>\n<h3>W\u00fcnschen Sie ein unverbindliches Angebot?<\/h3>\n<p>MegaWash erstellt Ihnen gerne ein Angebot f\u00fcr Reinigungs- oder Desinfektionsarbeiten in Ihrem Unternehmen. Kontaktieren Sie uns gerne f\u00fcr ein unverbindliches Gespr\u00e4ch oder ein individuelles Angebot f\u00fcr Ihre Reinigungs- und Desinfektionsarbeiten.<\/p>\n<p>Sie erreichen uns unter kontakt@megawash.dk oder unter dem Men\u00fcpunkt \u201eKontakt\u201c.<br \/>\n[\/vc_column_text][vc_empty_space height=&#8220;30px&#8220;][vc_btn title=&#8220;Kontaktieren Sie uns noch heute&#8220; style=&#8220;custom&#8220; custom_background=&#8220;rgb(152, 190, 100)&#8220; custom_text=&#8220;#ffffff&#8220; shape=&#8220;square&#8220; size=&#8220;sm&#8220; align=&#8220;center&#8220; link=&#8220;url:https%3A%2F%2Fmegawash.dk%2Fde%2Fkontaktieren-sie-uns-noch-heute%2F|title:Kontaktieren%20Sie%20uns%20noch%20heute|&#8220;][\/vc_column_inner][vc_column_inner width=&#8220;1\/12&#8243; offset=&#8220;vc_col-lg-3 vc_col-md-2 vc_col-xs-12&#8243;][\/vc_column_inner][\/vc_row_inner]<div class=\"ult-spacer spacer-69ed690eb5a53\" data-id=\"69ed690eb5a53\" data-height=\"90\" data-height-mobile=\"60\" data-height-tab=\"90\" data-height-tab-portrait=\"60\" data-height-mobile-landscape=\"60\" style=\"clear:both;display:block;\"><\/div>[\/vc_column][\/vc_row]<\/p>\n<\/section>","protected":false},"excerpt":{"rendered":"<p>\u2013 f\u00fcr sauberen Transport!<\/p>\n","protected":false},"author":2,"featured_media":3675,"parent":3022,"menu_order":4,"comment_status":"closed","ping_status":"closed","template":"","meta":{"footnotes":""},"categories":[31],"class_list":{"0":"post-3764","1":"page","2":"type-page","3":"status-publish","4":"has-post-thumbnail","6":"category-fokus-de"},"yoast_head":"<!-- This site is optimized with the Yoast SEO plugin v21.6 - https:\/\/yoast.com\/wordpress\/plugins\/seo\/ -->\n<title>Waschraum f\u00fcr Wohnwagen und Wohnmobile &#183; MegaWash<\/title>\n<meta name=\"description\" content=\"MegaWash bietet bundesweit Autow\u00e4schen f\u00fcr Caravans und Wohnmobile an. Professionelle Reinigung und Pflege. Besuchen Sie uns jetzt!\" \/>\n<meta name=\"robots\" content=\"index, follow, max-snippet:-1, max-image-preview:large, max-video-preview:-1\" \/>\n<link rel=\"canonical\" href=\"https:\/\/megawash.dk\/de\/leistungen\/waschkueche-fuer-wohnwagen\/\" \/>\n<meta property=\"og:locale\" content=\"de_DE\" \/>\n<meta property=\"og:type\" content=\"article\" \/>\n<meta property=\"og:title\" content=\"Waschraum f\u00fcr Wohnwagen und Wohnmobile &#183; MegaWash\" \/>\n<meta property=\"og:description\" content=\"MegaWash bietet bundesweit Autow\u00e4schen f\u00fcr Caravans und Wohnmobile an. Professionelle Reinigung und Pflege. Besuchen Sie uns jetzt!\" \/>\n<meta property=\"og:url\" content=\"https:\/\/megawash.dk\/de\/leistungen\/waschkueche-fuer-wohnwagen\/\" \/>\n<meta property=\"og:site_name\" content=\"MegaWash\" \/>\n<meta property=\"article:modified_time\" content=\"2025-06-13T07:06:43+00:00\" \/>\n<meta property=\"og:image\" content=\"https:\/\/megawash.dk\/wp-content\/uploads\/2025\/02\/campingvogn-3-e1740055041501.webp\" \/>\n\t<meta property=\"og:image:width\" content=\"1500\" \/>\n\t<meta property=\"og:image:height\" content=\"1080\" \/>\n\t<meta property=\"og:image:type\" content=\"image\/webp\" \/>\n<meta name=\"twitter:card\" content=\"summary_large_image\" \/>\n<meta name=\"twitter:label1\" content=\"Gesch\u00e4tzte Lesezeit\" \/>\n\t<meta name=\"twitter:data1\" content=\"3\u00a0Minuten\" \/>\n<script type=\"application\/ld+json\" class=\"yoast-schema-graph\">{\"@context\":\"https:\/\/schema.org\",\"@graph\":[{\"@type\":\"WebPage\",\"@id\":\"https:\/\/megawash.dk\/de\/leistungen\/waschkueche-fuer-wohnwagen\/\",\"url\":\"https:\/\/megawash.dk\/de\/leistungen\/waschkueche-fuer-wohnwagen\/\",\"name\":\"Waschraum f\u00fcr Wohnwagen und Wohnmobile &#183; MegaWash\",\"isPartOf\":{\"@id\":\"https:\/\/megawash.dk\/de\/#website\"},\"datePublished\":\"2024-05-23T11:51:03+00:00\",\"dateModified\":\"2025-06-13T07:06:43+00:00\",\"description\":\"MegaWash bietet bundesweit Autow\u00e4schen f\u00fcr Caravans und Wohnmobile an. Professionelle Reinigung und Pflege. Besuchen Sie uns jetzt!\",\"breadcrumb\":{\"@id\":\"https:\/\/megawash.dk\/de\/leistungen\/waschkueche-fuer-wohnwagen\/#breadcrumb\"},\"inLanguage\":\"de\",\"potentialAction\":[{\"@type\":\"ReadAction\",\"target\":[\"https:\/\/megawash.dk\/de\/leistungen\/waschkueche-fuer-wohnwagen\/\"]}]},{\"@type\":\"BreadcrumbList\",\"@id\":\"https:\/\/megawash.dk\/de\/leistungen\/waschkueche-fuer-wohnwagen\/#breadcrumb\",\"itemListElement\":[{\"@type\":\"ListItem\",\"position\":1,\"name\":\"Hjem\",\"item\":\"https:\/\/megawash.dk\/de\/\"},{\"@type\":\"ListItem\",\"position\":2,\"name\":\"Leistungen\",\"item\":\"https:\/\/megawash.dk\/de\/arbejdsomraader\/\"},{\"@type\":\"ListItem\",\"position\":3,\"name\":\"Waschk\u00fcche f\u00fcr Wohnwagen\"}]},{\"@type\":\"WebSite\",\"@id\":\"https:\/\/megawash.dk\/de\/#website\",\"url\":\"https:\/\/megawash.dk\/de\/\",\"name\":\"MegaWash\",\"description\":\"Vaskehal til lastbiler og kassevogn i \u00c5rhus og Recharge City: Vask af lastbil\",\"publisher\":{\"@id\":\"https:\/\/megawash.dk\/de\/#organization\"},\"potentialAction\":[{\"@type\":\"SearchAction\",\"target\":{\"@type\":\"EntryPoint\",\"urlTemplate\":\"https:\/\/megawash.dk\/de\/?s={search_term_string}\"},\"query-input\":\"required name=search_term_string\"}],\"inLanguage\":\"de\"},{\"@type\":\"Organization\",\"@id\":\"https:\/\/megawash.dk\/de\/#organization\",\"name\":\"MegaWash\",\"url\":\"https:\/\/megawash.dk\/de\/\",\"logo\":{\"@type\":\"ImageObject\",\"inLanguage\":\"de\",\"@id\":\"https:\/\/megawash.dk\/de\/#\/schema\/logo\/image\/\",\"url\":\"https:\/\/megawash.dk\/wp-content\/uploads\/2023\/04\/megawash-logo-pantone-2727c-2798c.png\",\"contentUrl\":\"https:\/\/megawash.dk\/wp-content\/uploads\/2023\/04\/megawash-logo-pantone-2727c-2798c.png\",\"width\":2048,\"height\":1046,\"caption\":\"MegaWash\"},\"image\":{\"@id\":\"https:\/\/megawash.dk\/de\/#\/schema\/logo\/image\/\"}}]}<\/script>\n<!-- \/ Yoast SEO plugin. -->","yoast_head_json":{"title":"Waschraum f\u00fcr Wohnwagen und Wohnmobile &#183; MegaWash","description":"MegaWash bietet bundesweit Autow\u00e4schen f\u00fcr Caravans und Wohnmobile an. Professionelle Reinigung und Pflege. Besuchen Sie uns jetzt!","robots":{"index":"index","follow":"follow","max-snippet":"max-snippet:-1","max-image-preview":"max-image-preview:large","max-video-preview":"max-video-preview:-1"},"canonical":"https:\/\/megawash.dk\/de\/leistungen\/waschkueche-fuer-wohnwagen\/","og_locale":"de_DE","og_type":"article","og_title":"Waschraum f\u00fcr Wohnwagen und Wohnmobile &#183; MegaWash","og_description":"MegaWash bietet bundesweit Autow\u00e4schen f\u00fcr Caravans und Wohnmobile an. Professionelle Reinigung und Pflege. Besuchen Sie uns jetzt!","og_url":"https:\/\/megawash.dk\/de\/leistungen\/waschkueche-fuer-wohnwagen\/","og_site_name":"MegaWash","article_modified_time":"2025-06-13T07:06:43+00:00","og_image":[{"width":1500,"height":1080,"url":"https:\/\/megawash.dk\/wp-content\/uploads\/2025\/02\/campingvogn-3-e1740055041501.webp","type":"image\/webp"}],"twitter_card":"summary_large_image","twitter_misc":{"Gesch\u00e4tzte Lesezeit":"3\u00a0Minuten"},"schema":{"@context":"https:\/\/schema.org","@graph":[{"@type":"WebPage","@id":"https:\/\/megawash.dk\/de\/leistungen\/waschkueche-fuer-wohnwagen\/","url":"https:\/\/megawash.dk\/de\/leistungen\/waschkueche-fuer-wohnwagen\/","name":"Waschraum f\u00fcr Wohnwagen und Wohnmobile &#183; MegaWash","isPartOf":{"@id":"https:\/\/megawash.dk\/de\/#website"},"datePublished":"2024-05-23T11:51:03+00:00","dateModified":"2025-06-13T07:06:43+00:00","description":"MegaWash bietet bundesweit Autow\u00e4schen f\u00fcr Caravans und Wohnmobile an. Professionelle Reinigung und Pflege. Besuchen Sie uns jetzt!","breadcrumb":{"@id":"https:\/\/megawash.dk\/de\/leistungen\/waschkueche-fuer-wohnwagen\/#breadcrumb"},"inLanguage":"de","potentialAction":[{"@type":"ReadAction","target":["https:\/\/megawash.dk\/de\/leistungen\/waschkueche-fuer-wohnwagen\/"]}]},{"@type":"BreadcrumbList","@id":"https:\/\/megawash.dk\/de\/leistungen\/waschkueche-fuer-wohnwagen\/#breadcrumb","itemListElement":[{"@type":"ListItem","position":1,"name":"Hjem","item":"https:\/\/megawash.dk\/de\/"},{"@type":"ListItem","position":2,"name":"Leistungen","item":"https:\/\/megawash.dk\/de\/arbejdsomraader\/"},{"@type":"ListItem","position":3,"name":"Waschk\u00fcche f\u00fcr Wohnwagen"}]},{"@type":"WebSite","@id":"https:\/\/megawash.dk\/de\/#website","url":"https:\/\/megawash.dk\/de\/","name":"MegaWash","description":"Vaskehal til lastbiler og kassevogn i \u00c5rhus og Recharge City: Vask af lastbil","publisher":{"@id":"https:\/\/megawash.dk\/de\/#organization"},"potentialAction":[{"@type":"SearchAction","target":{"@type":"EntryPoint","urlTemplate":"https:\/\/megawash.dk\/de\/?s={search_term_string}"},"query-input":"required name=search_term_string"}],"inLanguage":"de"},{"@type":"Organization","@id":"https:\/\/megawash.dk\/de\/#organization","name":"MegaWash","url":"https:\/\/megawash.dk\/de\/","logo":{"@type":"ImageObject","inLanguage":"de","@id":"https:\/\/megawash.dk\/de\/#\/schema\/logo\/image\/","url":"https:\/\/megawash.dk\/wp-content\/uploads\/2023\/04\/megawash-logo-pantone-2727c-2798c.png","contentUrl":"https:\/\/megawash.dk\/wp-content\/uploads\/2023\/04\/megawash-logo-pantone-2727c-2798c.png","width":2048,"height":1046,"caption":"MegaWash"},"image":{"@id":"https:\/\/megawash.dk\/de\/#\/schema\/logo\/image\/"}}]}},"_links":{"self":[{"href":"https:\/\/megawash.dk\/de\/wp-json\/wp\/v2\/pages\/3764","targetHints":{"allow":["GET"]}}],"collection":[{"href":"https:\/\/megawash.dk\/de\/wp-json\/wp\/v2\/pages"}],"about":[{"href":"https:\/\/megawash.dk\/de\/wp-json\/wp\/v2\/types\/page"}],"author":[{"embeddable":true,"href":"https:\/\/megawash.dk\/de\/wp-json\/wp\/v2\/users\/2"}],"replies":[{"embeddable":true,"href":"https:\/\/megawash.dk\/de\/wp-json\/wp\/v2\/comments?post=3764"}],"version-history":[{"count":2,"href":"https:\/\/megawash.dk\/de\/wp-json\/wp\/v2\/pages\/3764\/revisions"}],"predecessor-version":[{"id":3766,"href":"https:\/\/megawash.dk\/de\/wp-json\/wp\/v2\/pages\/3764\/revisions\/3766"}],"up":[{"embeddable":true,"href":"https:\/\/megawash.dk\/de\/wp-json\/wp\/v2\/pages\/3022"}],"wp:featuredmedia":[{"embeddable":true,"href":"https:\/\/megawash.dk\/de\/wp-json\/wp\/v2\/media\/3675"}],"wp:attachment":[{"href":"https:\/\/megawash.dk\/de\/wp-json\/wp\/v2\/media?parent=3764"}],"wp:term":[{"taxonomy":"category","embeddable":true,"href":"https:\/\/megawash.dk\/de\/wp-json\/wp\/v2\/categories?post=3764"}],"curies":[{"name":"wp","href":"https:\/\/api.w.org\/{rel}","templated":true}]}}