{"id":3739,"date":"2024-08-19T14:43:07","date_gmt":"2024-08-19T12:43:07","guid":{"rendered":"https:\/\/megawash.dk\/recharge-city-horsens\/"},"modified":"2025-08-12T12:14:17","modified_gmt":"2025-08-12T10:14:17","slug":"recharge-city-horsens","status":"publish","type":"page","link":"https:\/\/megawash.dk\/de\/recharge-city-horsens\/","title":{"rendered":"Recharge City Horsens"},"content":{"rendered":"<section class=\"wpb-content-wrapper\"><p>[vc_row full_width=&#8220;stretch_row&#8220;][vc_column width=&#8220;4\/6&#8243;]<div class=\"ult-spacer spacer-69ed34e5f1e10\" data-id=\"69ed34e5f1e10\" data-height=\"90\" data-height-mobile=\"60\" data-height-tab=\"90\" data-height-tab-portrait=\"60\" data-height-mobile-landscape=\"60\" style=\"clear:both;display:block;\"><\/div>[vc_row_inner][vc_column_inner offset=&#8220;vc_col-lg-12 vc_col-md-12 vc_col-xs-12&#8243;][vc_column_text]<\/p>\n<h2>Willkommen in unserer Autowaschanlage in Horsens!<\/h2>\n<h3>Lassen Sie Ihre Lkw in der Recharge City Horsens waschen \u2013 Montag bis Freitag von 8:00 bis 18:00 Uhr in unserer Waschanlage mit zwei Waschstra\u00dfen!<\/h3>\n<p>Alle unsere Waschstra\u00dfen sind besetzt, und unsere Mitarbeiter sorgen daf\u00fcr, dass die Maschine nicht an sie herankommt. Wir bieten auch die M\u00f6glichkeit, Anh\u00e4nger in unmittelbarer N\u00e4he unserer MegaWash-Waschanlage abzuholen, sodass wir uns gleichzeitig um Ihren Lkw und Ihren Anh\u00e4nger k\u00fcmmern k\u00f6nnen.<\/p>\n<p>Spezialbehandlung f\u00fcr Ihr Fahrzeug<\/p>\n<p>Wir bieten au\u00dferdem zus\u00e4tzliche Spezialbehandlungen f\u00fcr Ihren Lkw an, darunter auch Rostschutz. Diese Behandlungen sorgen f\u00fcr eine l\u00e4ngere und langlebigere Lebensdauer Ihres Lkws. Kontaktieren Sie uns, um mehr \u00fcber unsere Spezialbehandlungen zu erfahren.<\/p>\n<p>Besuchen Sie unsere Autowaschanlage in der Recharge City Horsens!<\/p>\n<p>Mit modernster Technologie und den besten Produkten sorgen wir daf\u00fcr, dass Sie stets die beste Pflege erhalten. Z\u00f6gern Sie also nicht, uns zu kontaktieren, wenn Sie das n\u00e4chste Mal eine gr\u00fcndliche Fahrzeugw\u00e4sche ben\u00f6tigen. Wir sind bereit, Ihnen ein vorzeigbares und frisch gewaschenes Finish zu verleihen, das auf der Stra\u00dfe f\u00fcr ein professionelles Erscheinungsbild sorgt.[\/vc_column_text]<div class=\"ult-spacer spacer-69ed34e5f1e76\" data-id=\"69ed34e5f1e76\" data-height=\"0\" data-height-mobile=\"30\" data-height-tab=\"0\" data-height-tab-portrait=\"30\" data-height-mobile-landscape=\"30\" style=\"clear:both;display:block;\"><\/div>[vc_empty_space height=&#8220;60px&#8220;][vc_btn title=&#8220;Ring: (+45) 7572 3711&#8243; style=&#8220;custom&#8220; custom_background=&#8220;#2b5e45&#8243; custom_text=&#8220;#ffffff&#8220; shape=&#8220;square&#8220; align=&#8220;left&#8220; link=&#8220;url:tel%3A75723711|&#8220;][vc_empty_space height=&#8220;60px&#8220;][\/vc_column_inner][\/vc_row_inner]<div class=\"ult-spacer spacer-69ed34e5f1ebb\" data-id=\"69ed34e5f1ebb\" data-height=\"90\" data-height-mobile=\"60\" data-height-tab=\"90\" data-height-tab-portrait=\"60\" data-height-mobile-landscape=\"60\" style=\"clear:both;display:block;\"><\/div>[\/vc_column][vc_column width=&#8220;2\/6&#8243;]<div class=\"ult-spacer spacer-69ed34e5f1f06\" data-id=\"69ed34e5f1f06\" data-height=\"90\" data-height-mobile=\"60\" data-height-tab=\"90\" data-height-tab-portrait=\"60\" data-height-mobile-landscape=\"60\" style=\"clear:both;display:block;\"><\/div>[vc_widget_sidebar sidebar_id=&#8220;sidebar-2&#8243; el_class=&#8220;kf&#8220;][\/vc_column][\/vc_row][vc_row full_width=&#8220;stretch_row&#8220; css=&#8220;.vc_custom_1624967179343{background-color: #f7f7f7 !important;}&#8220;][vc_column]<div class=\"ult-spacer spacer-69ed34e5f1f44\" data-id=\"69ed34e5f1f44\" data-height=\"90\" data-height-mobile=\"60\" data-height-tab=\"90\" data-height-tab-portrait=\"60\" data-height-mobile-landscape=\"60\" style=\"clear:both;display:block;\"><\/div>[vc_column_text]<\/p>\n<h3>Besuchen Sie uns bei MegaWash Vejle<\/h3>\n<p>[\/vc_column_text][vc_empty_space height=&#8220;30px&#8220;][vc_raw_html]W3RhYmxlIGlkPTEzIHJlc3BvbnNpdmU9c3RhY2sgcmVzcG9uc2l2ZV9icmVha3BvaW50PSJwaG9uZSIgL10=[\/vc_raw_html][vc_empty_space height=&#8220;30px&#8220;][vc_gmaps link=&#8220;#E-8_JTNDaWZyYW1lJTIwc3JjJTNEJTIyaHR0cHMlM0ElMkYlMkZ3d3cuZ29vZ2xlLmNvbSUyRm1hcHMlMkZlbWJlZCUzRnBiJTNEJTIxMW0xOCUyMTFtMTIlMjExbTMlMjExZDIyMzkuOTg4NjY3MDU3NjI5JTIxMmQ5LjczNTQ2MDk5OTk5OTk5OSUyMTNkNTUuODQ1NTExMyUyMTJtMyUyMTFmMCUyMTJmMCUyMTNmMCUyMTNtMiUyMTFpMTAyNCUyMTJpNzY4JTIxNGYxMy4xJTIxM20zJTIxMW0yJTIxMXMweDQ2NGM3ZDBkZGQ5YzRlZTMlMjUzQTB4NGQzZDcwOWZiY2YwMzRlJTIxMnNLYWklMjUyMExpbmRiZXJncyUyNTIwVmVqJTI1MjAxMkMlMjUyQyUyNTIwODcwMCUyNTIwSG9yc2VucyUyMTVlMCUyMTNtMiUyMTFzZGElMjEyc2RrJTIxNHYxNzI0MDcxMzYzNjg5JTIxNW0yJTIxMXNkYSUyMTJzZGslMjIlMjB3aWR0aCUzRCUyMjYwMCUyMiUyMGhlaWdodCUzRCUyMjQ1MCUyMiUyMHN0eWxlJTNEJTIyYm9yZGVyJTNBMCUzQiUyMiUyMGFsbG93ZnVsbHNjcmVlbiUzRCUyMiUyMiUyMGxvYWRpbmclM0QlMjJsYXp5JTIyJTIwcmVmZXJyZXJwb2xpY3klM0QlMjJuby1yZWZlcnJlci13aGVuLWRvd25ncmFkZSUyMiUzRSUzQyUyRmlmcmFtZSUzRQ==&#8220; size=&#8220;200px&#8220;]<div class=\"ult-spacer spacer-69ed34e5f1f7e\" data-id=\"69ed34e5f1f7e\" data-height=\"90\" data-height-mobile=\"60\" data-height-tab=\"90\" data-height-tab-portrait=\"60\" data-height-mobile-landscape=\"60\" style=\"clear:both;display:block;\"><\/div>[\/vc_column][\/vc_row][vc_row][vc_column][vc_raw_html]PHNjcmlwdCB0eXBlPSJhcHBsaWNhdGlvbi9sZCtqc29uIj4NCnsNCiAgIkBjb250ZXh0IjogImh0dHBzOi8vc2NoZW1hLm9yZyIsDQogICJAdHlwZSI6ICJMb2NhbEJ1c2luZXNzIiwNCiAgIm5hbWUiOiAiTWVnYSBXYXNoIFZlamxlIiwNCiAgImRlc2NyaXB0aW9uIjogIk1lZ2EgV2FzaCBpIFZlamxlIGVyIGVuIHN0b3J2b2duc3Zhc2ssIGRlciB0aWxieWRlciBsYXN0YmlsdmFzayBzYW10IHZhc2tlaGFsIHRpbCBrYXNzZXZvZ24uIERlc3VkZW4gdGlsYnlkZXIgZGUgdHJhaWxlcnZhc2sgc2FtdCBlbWJhbGxhZ2V2YXNrIG9nIGRlc2luZmVrdGlvbi4iLA0KICAiVkFUaWQiOiAiMzE4ODQxMzYiLA0KICAiaW1hZ2UiOiAiaHR0cHM6Ly9tZWdhd2FzaC5kay93cC1jb250ZW50L3VwbG9hZHMvMjAyMS8wNi9sb2dvLnBuZyIsDQogICJAaWQiOiAiaHR0cHM6Ly93d3cuZ29vZ2xlLmNvbS9zZWFyY2g\/cT1tZWdhK3dhc2gmcmx6PTFDMUdDRVVfZGFESzk2NkRLOTY2Jm9xPW1lZ2Erd2FzaCZhcXM9Y2hyb21lLi42OWk1N2o0NmkxNzVpMTk5aTUxMmwyajBpMTBpNTEyajQ2aTE3NWkxOTlpNTEyajY5aTYwbDMuMjA3NGowajcmc291cmNlaWQ9Y2hyb21lJmllPVVURi04IiwNCiAgInVybCI6ICJodHRwczovL21lZ2F3YXNoLmRrL3ZlamxlLyIsDQogICJ0ZWxlcGhvbmUiOiAiKzQ1NzU3MiAzNzExIiwNCiAgImVtYWlsIjogImhvcnNlbnMudmFza0BtZWdhd2FzaC5kayIsDQogICJoYXNNYXAiOiAiaHR0cHM6Ly9nb28uZ2wvbWFwcy9FM1Y4NFc5Qk1GcWsycUxjNiIsDQogICJhZGRyZXNzIjogew0KICAgICJAdHlwZSI6ICJQb3N0YWxBZGRyZXNzIiwNCiAgICAic3RyZWV0QWRkcmVzcyI6ICJGcm9zdHZlaiAxQiIsDQogICAgImFkZHJlc3NMb2NhbGl0eSI6ICJWZWpsZSIsDQogICAgInBvc3RhbENvZGUiOiAiNzEwMCIsDQogICAgImFkZHJlc3NDb3VudHJ5IjogIkRLIiwNCiAgICAiYWRkcmVzc3JlZ2lvbiI6ICJKeWxsYW5kIg0KICB9LA0KICAiZ2VvIjogew0KICAgICJAdHlwZSI6ICJHZW9Db29yZGluYXRlcyIsDQogICAgImxhdGl0dWRlIjogNTUuNzQ4MTE5LA0KICAgICJsb25naXR1ZGUiOiA5LjU5MDg1OQ0KICB9LA0KICAgICJhcmVhU2VydmVkIjogW3sNCiAgICAgICJAdHlwZSI6ICJDaXR5IiwNCiAgICAgICJuYW1lIjogIFsiVmVqbGUiLCAiSGVkZW5zdGVkIiwgIktvbGRpbmciLCAiRnJlZGVyaWNpYSJdDQogICAgfV0sDQogICJvcGVuaW5nSG91cnNTcGVjaWZpY2F0aW9uIjogW3sNCiAgICAiQHR5cGUiOiAiT3BlbmluZ0hvdXJzU3BlY2lmaWNhdGlvbiIsDQogICAgImRheU9mV2VlayI6IFsNCiAgICAgICJNb25kYXkiLA0KICAgICAgIlR1ZXNkYXkiLA0KICAgICAgIldlZG5lc2RheSIsDQogICAgICAiVGh1cnNkYXkiLA0KICAgICAgIkZyaWRheSINCiAgICBdLA0KICAgICJvcGVucyI6ICIwNjowMCIsDQogICAgImNsb3NlcyI6ICIyMjowMCINCiAgfSx7DQogICAgIkB0eXBlIjogIk9wZW5pbmdIb3Vyc1NwZWNpZmljYXRpb24iLA0KICAgICJkYXlPZldlZWsiOiAiU2F0dXJkYXkiLA0KICAgICJvcGVucyI6ICIwNjowMCIsDQogICAgImNsb3NlcyI6ICIxODowMCINCiAgfV0sDQogICJzYW1lQXMiOiBbDQogICAgImh0dHBzOi8vZGEtZGsuZmFjZWJvb2suY29tL21lZ2F3YXNoLmRrLyIsDQogICAgImh0dHBzOi8vd3d3LnByb2ZmLmRrL2Zpcm1hL21lZ2Etd2FzaC1hcy92ZWpsZS9iaWx2JUMzJUE2cmtzdGVkZXIvR1M5UllGSTAwNjQvIiwNCiAgICAiaHR0cHM6Ly93d3cua3Jhay5kay9tZWdhK3dhc2grYSUyRnMrdmVqbGUvNjY1NDM5MzMvZmlybWEiDQogIF0sDQogICJoYXNPZmZlckNhdGFsb2ciOiB7DQogICAgIkB0eXBlIjogIk9mZmVyQ2F0YWxvZyIsDQogICAgIm5hbWUiOiAiTWVnYSBXYXNoIiwNCiAgICAiaXRlbUxpc3RFbGVtZW50IjogWw0KICAgICAgew0KICAgICAgICAgICAgIkB0eXBlIjogIk9mZmVyIiwNCiAgICAgICAgICAgICJpdGVtT2ZmZXJlZCI6IHsNCiAgICAgICAgICAgICAgIkB0eXBlIjogIlNlcnZpY2UiLA0KICAgICAgICAgICAgICAibmFtZSI6ICJTdG9ydm9nbnN2YXNrIg0KICAgICAgICAgICAgfQ0KICAgICAgICAgIH0sDQp7DQogICAgICAgICAgICAiQHR5cGUiOiAiT2ZmZXIiLA0KICAgICAgICAgICAgIml0ZW1PZmZlcmVkIjogew0KICAgICAgICAgICAgICAiQHR5cGUiOiAiU2VydmljZSIsDQogICAgICAgICAgICAgICJuYW1lIjogIkxhc3RiaWx2YXNrIg0KICAgICAgICAgICAgfQ0KICAgICAgICAgIH0sDQogICAgICB7DQogICAgICAgICAgICAiQHR5cGUiOiAiT2ZmZXIiLA0KICAgICAgICAgICAgIml0ZW1PZmZlcmVkIjogew0KICAgICAgICAgICAgICAiQHR5cGUiOiAiU2VydmljZSIsDQogICAgICAgICAgICAgICJuYW1lIjogIlZhc2tlaGFsIHRpbCBrYXNzZXZvZ24iDQogICAgICAgICAgICB9DQogICAgICAgICAgfSwNCnsNCiAgICAgICAgICAgICJAdHlwZSI6ICJPZmZlciIsDQogICAgICAgICAgICAiaXRlbU9mZmVyZWQiOiB7DQogICAgICAgICAgICAgICJAdHlwZSI6ICJTZXJ2aWNlIiwNCiAgICAgICAgICAgICAgIm5hbWUiOiAiVmFzayBhZiBlbWJhbGxhZ2UiDQogICAgICAgICAgICB9DQogICAgICAgICAgfSwNCnsNCiAgICAgICAgICAgICJAdHlwZSI6ICJPZmZlciIsDQogICAgICAgICAgICAiaXRlbU9mZmVyZWQiOiB7DQogICAgICAgICAgICAgICJAdHlwZSI6ICJTZXJ2aWNlIiwNCiAgICAgICAgICAgICAgIm5hbWUiOiAiRGVzaW5mZWt0aW9uIg0KICAgICAgICAgICAgfQ0KICAgICAgICAgIH0sDQp7DQogICAgICAgICAgICAiQHR5cGUiOiAiT2ZmZXIiLA0KICAgICAgICAgICAgIml0ZW1PZmZlcmVkIjogew0KICAgICAgICAgICAgICAiQHR5cGUiOiAiU2VydmljZSIsDQogICAgICAgICAgICAgICJuYW1lIjogIk1hdGVyaWFsZWJhbmsiDQogICAgICAgICAgICB9DQogICAgICAgICAgfQ0KICAgICBdDQogIH0NCg0KfQ0KPC9zY3JpcHQ+[\/vc_raw_html][\/vc_column][\/vc_row]<\/p>\n<\/section>","protected":false},"excerpt":{"rendered":"<p>[vc_row full_width=&#8220;stretch_row&#8220;][vc_column width=&#8220;4\/6&#8243;][vc_row_inner][vc_column_inner offset=&#8220;vc_col-lg-12 vc_col-md-12 vc_col-xs-12&#8243;][vc_column_text] Willkommen in unserer Autowaschanlage in Horsens! Lassen Sie Ihre Lkw in der Recharge City Horsens waschen \u2013 Montag bis Freitag von 8:00 bis 18:00 Uhr in unserer Waschanlage mit zwei Waschstra\u00dfen! Alle unsere Waschstra\u00dfen sind besetzt, und unsere Mitarbeiter sorgen daf\u00fcr, dass die Maschine nicht an sie herankommt. Wir &#8230; <a title=\"Recharge City Horsens\" class=\"read-more\" href=\"https:\/\/megawash.dk\/de\/recharge-city-horsens\/\" aria-label=\"Mehr zu Recharge City Horsens\">Weiterlesen &#8230;<\/a><\/p>\n","protected":false},"author":5,"featured_media":3605,"parent":0,"menu_order":0,"comment_status":"closed","ping_status":"closed","template":"","meta":{"footnotes":""},"categories":[],"class_list":["post-3739","page","type-page","status-publish","has-post-thumbnail"],"yoast_head":"<!-- This site is optimized with the Yoast SEO plugin v21.6 - https:\/\/yoast.com\/wordpress\/plugins\/seo\/ -->\n<title>Recharge City Horsens &#183; MegaWash<\/title>\n<meta name=\"robots\" content=\"index, follow, max-snippet:-1, max-image-preview:large, max-video-preview:-1\" \/>\n<link rel=\"canonical\" href=\"https:\/\/megawash.dk\/de\/recharge-city-horsens\/\" \/>\n<meta property=\"og:locale\" content=\"de_DE\" \/>\n<meta property=\"og:type\" content=\"article\" \/>\n<meta property=\"og:title\" content=\"Recharge City Horsens &#183; MegaWash\" \/>\n<meta property=\"og:description\" content=\"[vc_row full_width=&#8220;stretch_row&#8220;][vc_column width=&#8220;4\/6&#8243;][vc_row_inner][vc_column_inner offset=&#8220;vc_col-lg-12 vc_col-md-12 vc_col-xs-12&#8243;][vc_column_text] Willkommen in unserer Autowaschanlage in Horsens! Lassen Sie Ihre Lkw in der Recharge City Horsens waschen \u2013 Montag bis Freitag von 8:00 bis 18:00 Uhr in unserer Waschanlage mit zwei Waschstra\u00dfen! Alle unsere Waschstra\u00dfen sind besetzt, und unsere Mitarbeiter sorgen daf\u00fcr, dass die Maschine nicht an sie herankommt. Wir ... Weiterlesen ...\" \/>\n<meta property=\"og:url\" content=\"https:\/\/megawash.dk\/de\/recharge-city-horsens\/\" \/>\n<meta property=\"og:site_name\" content=\"MegaWash\" \/>\n<meta property=\"article:modified_time\" content=\"2025-08-12T10:14:17+00:00\" \/>\n<meta property=\"og:image\" content=\"https:\/\/megawash.dk\/wp-content\/uploads\/2024\/12\/groen.png\" \/>\n\t<meta property=\"og:image:width\" content=\"2203\" \/>\n\t<meta property=\"og:image:height\" content=\"900\" \/>\n\t<meta property=\"og:image:type\" content=\"image\/png\" \/>\n<meta name=\"twitter:card\" content=\"summary_large_image\" \/>\n<meta name=\"twitter:label1\" content=\"Gesch\u00e4tzte Lesezeit\" \/>\n\t<meta name=\"twitter:data1\" content=\"2\u00a0Minuten\" \/>\n<script type=\"application\/ld+json\" class=\"yoast-schema-graph\">{\"@context\":\"https:\/\/schema.org\",\"@graph\":[{\"@type\":\"WebPage\",\"@id\":\"https:\/\/megawash.dk\/de\/recharge-city-horsens\/\",\"url\":\"https:\/\/megawash.dk\/de\/recharge-city-horsens\/\",\"name\":\"Recharge City Horsens &#183; MegaWash\",\"isPartOf\":{\"@id\":\"https:\/\/megawash.dk\/de\/#website\"},\"datePublished\":\"2024-08-19T12:43:07+00:00\",\"dateModified\":\"2025-08-12T10:14:17+00:00\",\"breadcrumb\":{\"@id\":\"https:\/\/megawash.dk\/de\/recharge-city-horsens\/#breadcrumb\"},\"inLanguage\":\"de\",\"potentialAction\":[{\"@type\":\"ReadAction\",\"target\":[\"https:\/\/megawash.dk\/de\/recharge-city-horsens\/\"]}]},{\"@type\":\"BreadcrumbList\",\"@id\":\"https:\/\/megawash.dk\/de\/recharge-city-horsens\/#breadcrumb\",\"itemListElement\":[{\"@type\":\"ListItem\",\"position\":1,\"name\":\"Hjem\",\"item\":\"https:\/\/megawash.dk\/de\/\"},{\"@type\":\"ListItem\",\"position\":2,\"name\":\"Recharge City Horsens\"}]},{\"@type\":\"WebSite\",\"@id\":\"https:\/\/megawash.dk\/de\/#website\",\"url\":\"https:\/\/megawash.dk\/de\/\",\"name\":\"MegaWash\",\"description\":\"Vaskehal til lastbiler og kassevogn i \u00c5rhus og Recharge City: Vask af lastbil\",\"publisher\":{\"@id\":\"https:\/\/megawash.dk\/de\/#organization\"},\"potentialAction\":[{\"@type\":\"SearchAction\",\"target\":{\"@type\":\"EntryPoint\",\"urlTemplate\":\"https:\/\/megawash.dk\/de\/?s={search_term_string}\"},\"query-input\":\"required name=search_term_string\"}],\"inLanguage\":\"de\"},{\"@type\":\"Organization\",\"@id\":\"https:\/\/megawash.dk\/de\/#organization\",\"name\":\"MegaWash\",\"url\":\"https:\/\/megawash.dk\/de\/\",\"logo\":{\"@type\":\"ImageObject\",\"inLanguage\":\"de\",\"@id\":\"https:\/\/megawash.dk\/de\/#\/schema\/logo\/image\/\",\"url\":\"https:\/\/megawash.dk\/wp-content\/uploads\/2023\/04\/megawash-logo-pantone-2727c-2798c.png\",\"contentUrl\":\"https:\/\/megawash.dk\/wp-content\/uploads\/2023\/04\/megawash-logo-pantone-2727c-2798c.png\",\"width\":2048,\"height\":1046,\"caption\":\"MegaWash\"},\"image\":{\"@id\":\"https:\/\/megawash.dk\/de\/#\/schema\/logo\/image\/\"}}]}<\/script>\n<!-- \/ Yoast SEO plugin. -->","yoast_head_json":{"title":"Recharge City Horsens &#183; MegaWash","robots":{"index":"index","follow":"follow","max-snippet":"max-snippet:-1","max-image-preview":"max-image-preview:large","max-video-preview":"max-video-preview:-1"},"canonical":"https:\/\/megawash.dk\/de\/recharge-city-horsens\/","og_locale":"de_DE","og_type":"article","og_title":"Recharge City Horsens &#183; MegaWash","og_description":"[vc_row full_width=&#8220;stretch_row&#8220;][vc_column width=&#8220;4\/6&#8243;][vc_row_inner][vc_column_inner offset=&#8220;vc_col-lg-12 vc_col-md-12 vc_col-xs-12&#8243;][vc_column_text] Willkommen in unserer Autowaschanlage in Horsens! Lassen Sie Ihre Lkw in der Recharge City Horsens waschen \u2013 Montag bis Freitag von 8:00 bis 18:00 Uhr in unserer Waschanlage mit zwei Waschstra\u00dfen! Alle unsere Waschstra\u00dfen sind besetzt, und unsere Mitarbeiter sorgen daf\u00fcr, dass die Maschine nicht an sie herankommt. Wir ... Weiterlesen ...","og_url":"https:\/\/megawash.dk\/de\/recharge-city-horsens\/","og_site_name":"MegaWash","article_modified_time":"2025-08-12T10:14:17+00:00","og_image":[{"width":2203,"height":900,"url":"https:\/\/megawash.dk\/wp-content\/uploads\/2024\/12\/groen.png","type":"image\/png"}],"twitter_card":"summary_large_image","twitter_misc":{"Gesch\u00e4tzte Lesezeit":"2\u00a0Minuten"},"schema":{"@context":"https:\/\/schema.org","@graph":[{"@type":"WebPage","@id":"https:\/\/megawash.dk\/de\/recharge-city-horsens\/","url":"https:\/\/megawash.dk\/de\/recharge-city-horsens\/","name":"Recharge City Horsens &#183; MegaWash","isPartOf":{"@id":"https:\/\/megawash.dk\/de\/#website"},"datePublished":"2024-08-19T12:43:07+00:00","dateModified":"2025-08-12T10:14:17+00:00","breadcrumb":{"@id":"https:\/\/megawash.dk\/de\/recharge-city-horsens\/#breadcrumb"},"inLanguage":"de","potentialAction":[{"@type":"ReadAction","target":["https:\/\/megawash.dk\/de\/recharge-city-horsens\/"]}]},{"@type":"BreadcrumbList","@id":"https:\/\/megawash.dk\/de\/recharge-city-horsens\/#breadcrumb","itemListElement":[{"@type":"ListItem","position":1,"name":"Hjem","item":"https:\/\/megawash.dk\/de\/"},{"@type":"ListItem","position":2,"name":"Recharge City Horsens"}]},{"@type":"WebSite","@id":"https:\/\/megawash.dk\/de\/#website","url":"https:\/\/megawash.dk\/de\/","name":"MegaWash","description":"Vaskehal til lastbiler og kassevogn i \u00c5rhus og Recharge City: Vask af lastbil","publisher":{"@id":"https:\/\/megawash.dk\/de\/#organization"},"potentialAction":[{"@type":"SearchAction","target":{"@type":"EntryPoint","urlTemplate":"https:\/\/megawash.dk\/de\/?s={search_term_string}"},"query-input":"required name=search_term_string"}],"inLanguage":"de"},{"@type":"Organization","@id":"https:\/\/megawash.dk\/de\/#organization","name":"MegaWash","url":"https:\/\/megawash.dk\/de\/","logo":{"@type":"ImageObject","inLanguage":"de","@id":"https:\/\/megawash.dk\/de\/#\/schema\/logo\/image\/","url":"https:\/\/megawash.dk\/wp-content\/uploads\/2023\/04\/megawash-logo-pantone-2727c-2798c.png","contentUrl":"https:\/\/megawash.dk\/wp-content\/uploads\/2023\/04\/megawash-logo-pantone-2727c-2798c.png","width":2048,"height":1046,"caption":"MegaWash"},"image":{"@id":"https:\/\/megawash.dk\/de\/#\/schema\/logo\/image\/"}}]}},"_links":{"self":[{"href":"https:\/\/megawash.dk\/de\/wp-json\/wp\/v2\/pages\/3739","targetHints":{"allow":["GET"]}}],"collection":[{"href":"https:\/\/megawash.dk\/de\/wp-json\/wp\/v2\/pages"}],"about":[{"href":"https:\/\/megawash.dk\/de\/wp-json\/wp\/v2\/types\/page"}],"author":[{"embeddable":true,"href":"https:\/\/megawash.dk\/de\/wp-json\/wp\/v2\/users\/5"}],"replies":[{"embeddable":true,"href":"https:\/\/megawash.dk\/de\/wp-json\/wp\/v2\/comments?post=3739"}],"version-history":[{"count":3,"href":"https:\/\/megawash.dk\/de\/wp-json\/wp\/v2\/pages\/3739\/revisions"}],"predecessor-version":[{"id":3881,"href":"https:\/\/megawash.dk\/de\/wp-json\/wp\/v2\/pages\/3739\/revisions\/3881"}],"wp:featuredmedia":[{"embeddable":true,"href":"https:\/\/megawash.dk\/de\/wp-json\/wp\/v2\/media\/3605"}],"wp:attachment":[{"href":"https:\/\/megawash.dk\/de\/wp-json\/wp\/v2\/media?parent=3739"}],"wp:term":[{"taxonomy":"category","embeddable":true,"href":"https:\/\/megawash.dk\/de\/wp-json\/wp\/v2\/categories?post=3739"}],"curies":[{"name":"wp","href":"https:\/\/api.w.org\/{rel}","templated":true}]}}