{"id":3029,"date":"2020-02-12T13:11:38","date_gmt":"2020-02-12T12:11:38","guid":{"rendered":"https:\/\/megawash.dk\/kontaktieren-sie-uns-noch-heute\/"},"modified":"2025-08-22T09:46:28","modified_gmt":"2025-08-22T07:46:28","slug":"kontaktieren-sie-uns-noch-heute","status":"publish","type":"page","link":"https:\/\/megawash.dk\/de\/kontaktieren-sie-uns-noch-heute\/","title":{"rendered":"Kontaktieren Sie uns noch heute"},"content":{"rendered":"<section class=\"wpb-content-wrapper\"><p>[vc_row full_width=&#8220;stretch_row_content_no_spaces&#8220; equal_height=&#8220;yes&#8220; content_placement=&#8220;middle&#8220;][vc_column el_class=&#8220;stretch-fill&#8220; css=&#8220;.vc_custom_1620369361855{background-color: #f7f7f7 !important;}&#8220; offset=&#8220;vc_col-lg-6 vc_col-md-6 vc_col-xs-12&#8243;][vc_column_text]<\/p>\n<h3 style=\"text-align: center;\">Kundenzufriedenheit hat f\u00fcr uns oberste Priorit\u00e4t.<\/h3>\n<p>Sollte es zu einem Missgeschick kommen und Ihre W\u00e4sche nicht Ihren Erwartungen entsprechen, w\u00fcrden wir uns nat\u00fcrlich \u00fcber weitere Informationen freuen. Sie erreichen uns unter unserer zentralen Telefonnummer. Wir benachrichtigen die richtige Person und finden gemeinsam eine L\u00f6sung f\u00fcr Sie.<br \/>\n[\/vc_column_text][vc_empty_space height=&#8220;30px&#8220;][vc_column_text]<\/p>\n<h2 style=\"text-align: center;\">Unsere Informationen<\/h2>\n<p style=\"text-align: center;\">Kontaktieren Sie uns bei Fragen zu Ihrer Bestellung, Rechnung, Debitor, Verwaltung etc.<\/p>\n<p style=\"text-align: center;\"><strong>MEGA WASH A\/S<\/strong><br \/>\nFrostvej 5B, 7100 Vejle<br \/>\n<a href=\"tel:75723711\">(+45) 7572 3711<\/a><\/p>\n<p style=\"text-align: center;\">CVR nr.: 31884136<\/p>\n<p>[\/vc_column_text][vc_empty_space height=&#8220;30px&#8220;][vc_column_text]<\/p>\n<h2 style=\"text-align: center;\"><a href=\"https:\/\/megawash.dk\/de\/oeffnungszeiten\/\">Unsere \u00d6ffnungszeiten finden Sie hier<\/a><\/h2>\n<p>[\/vc_column_text][vc_empty_space height=&#8220;30px&#8220;][\/vc_column][vc_column el_class=&#8220;stretch&#8220; offset=&#8220;vc_col-lg-6 vc_col-md-6 vc_col-xs-12&#8243;][vc_column_text]<\/p>\n<h3>Schreiben Sie uns<\/h3>\n<p>[\/vc_column_text][vc_empty_space height=&#8220;15px&#8220;][vc_raw_html el_class=&#8220;kf-lang&#8220;]W2Zvcm1pbmF0b3JfZm9ybSBpZD0iNjYiXQ==[\/vc_raw_html][vc_empty_space height=&#8220;30px&#8220;][\/vc_column][\/vc_row][vc_row][vc_column][vc_empty_space height=&#8220;30px&#8220;][\/vc_column][\/vc_row][vc_row full_width=&#8220;stretch_row_content_no_spaces&#8220; content_placement=&#8220;middle&#8220;][vc_column width=&#8220;1\/6&#8243;][\/vc_column][vc_column width=&#8220;1\/6&#8243; css=&#8220;.vc_custom_1730879692260{margin-right: 10px !important;}&#8220;]<div class=\"ult-new-ib ult-ib-effect-style6  ult-ib-resp ult-ib2-min-height \" data-min-width=\"768\" data-max-width=\"900\" style=\"background:#758174; opacity:0; \" data-opacity=\"1\" data-hover-opacity=\"1\"  data-min-height=\"200\" ><div id=\"interactive-banner-wrap-4869\" class=\"ult-new-ib-desc\" style=\"\"><h2 class=\"ult-new-ib-title ult-responsive\"  data-ultimate-target='#interactive-banner-wrap-4869 .ult-new-ib-title'  data-responsive-json-new='{\"font-size\":\"desktop:30px;\",\"line-height\":\"\"}'  style=\"font-weight:normal;\">Padborg<\/h2><\/div><a class=\"ult-new-ib-link\" href=\"https:\/\/megawash.dk\/padborg\/\" title=\"Desinfektion af transporter\"  ><\/a><\/div>[vc_empty_space height=&#8220;30px&#8220;][\/vc_column][vc_column width=&#8220;1\/6&#8243; css=&#8220;.vc_custom_1730879697376{margin-left: 10px !important;}&#8220;]<div class=\"ult-new-ib ult-ib-effect-style6  ult-ib-resp ult-ib2-min-height \" data-min-width=\"768\" data-max-width=\"900\" style=\"background:#758174; opacity:0; \" data-opacity=\"1\" data-hover-opacity=\"1\"  data-min-height=\"200\" ><div id=\"interactive-banner-wrap-5273\" class=\"ult-new-ib-desc\" style=\"\"><h2 class=\"ult-new-ib-title ult-responsive\"  data-ultimate-target='#interactive-banner-wrap-5273 .ult-new-ib-title'  data-responsive-json-new='{\"font-size\":\"desktop:30px;\",\"line-height\":\"\"}'  style=\"font-weight:normal;\">Vejle<\/h2><\/div><a class=\"ult-new-ib-link\" href=\"https:\/\/megawash.dk\/vejle\/\" title=\"Vejle\"  ><\/a><\/div>[vc_empty_space height=&#8220;30px&#8220;][\/vc_column][vc_column width=&#8220;1\/6&#8243; css=&#8220;.vc_custom_1731331490677{margin-left: 10px !important;}&#8220;]<div class=\"ult-new-ib ult-ib-effect-style6  ult-ib-resp ult-ib2-min-height \" data-min-width=\"768\" data-max-width=\"900\" style=\"background:#758174; opacity:0; \" data-opacity=\"1\" data-hover-opacity=\"1\"  data-min-height=\"200\" ><div id=\"interactive-banner-wrap-7491\" class=\"ult-new-ib-desc\" style=\"\"><h2 class=\"ult-new-ib-title ult-responsive\"  data-ultimate-target='#interactive-banner-wrap-7491 .ult-new-ib-title'  data-responsive-json-new='{\"font-size\":\"desktop:30px;\",\"line-height\":\"\"}'  style=\"font-weight:normal;\">Recharge City Horsens<\/h2><\/div><a class=\"ult-new-ib-link\" href=\"https:\/\/megawash.dk\/recharge-city\/\" title=\"Firmaaftaler\"  ><\/a><\/div>[vc_empty_space height=&#8220;30px&#8220;][\/vc_column][vc_column width=&#8220;1\/6&#8243; css=&#8220;.vc_custom_1731331498813{margin-left: 10px !important;}&#8220;]<div class=\"ult-new-ib ult-ib-effect-style6  ult-ib-resp ult-ib2-min-height \" data-min-width=\"768\" data-max-width=\"900\" style=\"background:#758174; opacity:0; \" data-opacity=\"1\" data-hover-opacity=\"1\"  data-min-height=\"200\" ><div id=\"interactive-banner-wrap-6671\" class=\"ult-new-ib-desc\" style=\"\"><h2 class=\"ult-new-ib-title ult-responsive\"  data-ultimate-target='#interactive-banner-wrap-6671 .ult-new-ib-title'  data-responsive-json-new='{\"font-size\":\"desktop:30px;\",\"line-height\":\"\"}'  style=\"font-weight:normal;\">H\u00f8rning<\/h2><\/div><a class=\"ult-new-ib-link\" href=\"https:\/\/megawash.dk\/hoerning\/\" title=\"Firmaaftaler\"  ><\/a><\/div>[vc_empty_space height=&#8220;30px&#8220;][\/vc_column][vc_column width=&#8220;1\/6&#8243;][\/vc_column][\/vc_row][vc_row full_width=&#8220;stretch_row_content_no_spaces&#8220;][vc_column][vc_gmaps link=&#8220;#E-8_JTNDaWZyYW1lJTIwc3JjJTNEJTIyaHR0cHMlM0ElMkYlMkZ3d3cuZ29vZ2xlLmNvbSUyRm1hcHMlMkZlbWJlZCUzRnBiJTNEJTIxMW0xOCUyMTFtMTIlMjExbTMlMjExZDIyNDUuNjAyODYwNjU0NzU0JTIxMmQ5LjU5MTE0NTI5OTk5OTk5OSUyMTNkNTUuNzQ4MDI4OTk5OTk5OTk1JTIxMm0zJTIxMWYwJTIxMmYwJTIxM2YwJTIxM20yJTIxMWkxMDI0JTIxMmk3NjglMjE0ZjEzLjElMjEzbTMlMjExbTIlMjExczB4NDY0YzgxNWQ5YzVkYzQ5ZCUyNTNBMHhhZWRhZTA4MDczYTYzMjg3JTIxMnNNZWdhV2FzaCUyNTIwQSUyNTJGUyUyMTVlMCUyMTNtMiUyMTFzZGElMjEyc2RrJTIxNHYxNzU1ODQ4NTA2ODAzJTIxNW0yJTIxMXNkYSUyMTJzZGslMjIlMjB3aWR0aCUzRCUyMjYwMCUyMiUyMGhlaWdodCUzRCUyMjQ1MCUyMiUyMHN0eWxlJTNEJTIyYm9yZGVyJTNBMCUzQiUyMiUyMGFsbG93ZnVsbHNjcmVlbiUzRCUyMiUyMiUyMGxvYWRpbmclM0QlMjJsYXp5JTIyJTIwcmVmZXJyZXJwb2xpY3klM0QlMjJuby1yZWZlcnJlci13aGVuLWRvd25ncmFkZSUyMiUzRSUzQyUyRmlmcmFtZSUzRQ==&#8220; size=&#8220;400px&#8220; css=&#8220;.vc_custom_1755848787092{margin-bottom: 0px !important;}&#8220;][\/vc_column][\/vc_row]<\/p>\n<\/section>","protected":false},"excerpt":{"rendered":"<p>Haben Sie Fragen oder Kommentare? F\u00fcllen Sie das Formular auf dieser Seite aus und wir werden uns so schnell wie m\u00f6glich bei Ihnen melden.<\/p>\n","protected":false},"author":1,"featured_media":0,"parent":0,"menu_order":0,"comment_status":"closed","ping_status":"closed","template":"","meta":{"footnotes":""},"categories":[],"class_list":["post-3029","page","type-page","status-publish"],"yoast_head":"<!-- This site is optimized with the Yoast SEO plugin v21.6 - https:\/\/yoast.com\/wordpress\/plugins\/seo\/ -->\n<title>Kontaktieren Sie uns noch heute &#183; MegaWash<\/title>\n<meta name=\"robots\" content=\"index, follow, max-snippet:-1, max-image-preview:large, max-video-preview:-1\" \/>\n<link rel=\"canonical\" href=\"https:\/\/megawash.dk\/de\/kontaktieren-sie-uns-noch-heute\/\" \/>\n<meta property=\"og:locale\" content=\"de_DE\" \/>\n<meta property=\"og:type\" content=\"article\" \/>\n<meta property=\"og:title\" content=\"Kontaktieren Sie uns noch heute &#183; MegaWash\" \/>\n<meta property=\"og:description\" content=\"Haben Sie Fragen oder Kommentare? F\u00fcllen Sie das Formular auf dieser Seite aus und wir werden uns so schnell wie m\u00f6glich bei Ihnen melden.\" \/>\n<meta property=\"og:url\" content=\"https:\/\/megawash.dk\/de\/kontaktieren-sie-uns-noch-heute\/\" \/>\n<meta property=\"og:site_name\" content=\"MegaWash\" \/>\n<meta property=\"article:modified_time\" content=\"2025-08-22T07:46:28+00:00\" \/>\n<meta name=\"twitter:card\" content=\"summary_large_image\" \/>\n<meta name=\"twitter:label1\" content=\"Gesch\u00e4tzte Lesezeit\" \/>\n\t<meta name=\"twitter:data1\" content=\"1\u00a0Minute\" \/>\n<script type=\"application\/ld+json\" class=\"yoast-schema-graph\">{\"@context\":\"https:\/\/schema.org\",\"@graph\":[{\"@type\":\"WebPage\",\"@id\":\"https:\/\/megawash.dk\/de\/kontaktieren-sie-uns-noch-heute\/\",\"url\":\"https:\/\/megawash.dk\/de\/kontaktieren-sie-uns-noch-heute\/\",\"name\":\"Kontaktieren Sie uns noch heute &#183; MegaWash\",\"isPartOf\":{\"@id\":\"https:\/\/megawash.dk\/de\/#website\"},\"datePublished\":\"2020-02-12T12:11:38+00:00\",\"dateModified\":\"2025-08-22T07:46:28+00:00\",\"breadcrumb\":{\"@id\":\"https:\/\/megawash.dk\/de\/kontaktieren-sie-uns-noch-heute\/#breadcrumb\"},\"inLanguage\":\"de\",\"potentialAction\":[{\"@type\":\"ReadAction\",\"target\":[\"https:\/\/megawash.dk\/de\/kontaktieren-sie-uns-noch-heute\/\"]}]},{\"@type\":\"BreadcrumbList\",\"@id\":\"https:\/\/megawash.dk\/de\/kontaktieren-sie-uns-noch-heute\/#breadcrumb\",\"itemListElement\":[{\"@type\":\"ListItem\",\"position\":1,\"name\":\"Hjem\",\"item\":\"https:\/\/megawash.dk\/de\/\"},{\"@type\":\"ListItem\",\"position\":2,\"name\":\"Kontaktieren Sie uns noch heute\"}]},{\"@type\":\"WebSite\",\"@id\":\"https:\/\/megawash.dk\/de\/#website\",\"url\":\"https:\/\/megawash.dk\/de\/\",\"name\":\"MegaWash\",\"description\":\"Vaskehal til lastbiler og kassevogn i \u00c5rhus og Recharge City: Vask af lastbil\",\"publisher\":{\"@id\":\"https:\/\/megawash.dk\/de\/#organization\"},\"potentialAction\":[{\"@type\":\"SearchAction\",\"target\":{\"@type\":\"EntryPoint\",\"urlTemplate\":\"https:\/\/megawash.dk\/de\/?s={search_term_string}\"},\"query-input\":\"required name=search_term_string\"}],\"inLanguage\":\"de\"},{\"@type\":\"Organization\",\"@id\":\"https:\/\/megawash.dk\/de\/#organization\",\"name\":\"MegaWash\",\"url\":\"https:\/\/megawash.dk\/de\/\",\"logo\":{\"@type\":\"ImageObject\",\"inLanguage\":\"de\",\"@id\":\"https:\/\/megawash.dk\/de\/#\/schema\/logo\/image\/\",\"url\":\"https:\/\/megawash.dk\/wp-content\/uploads\/2023\/04\/megawash-logo-pantone-2727c-2798c.png\",\"contentUrl\":\"https:\/\/megawash.dk\/wp-content\/uploads\/2023\/04\/megawash-logo-pantone-2727c-2798c.png\",\"width\":2048,\"height\":1046,\"caption\":\"MegaWash\"},\"image\":{\"@id\":\"https:\/\/megawash.dk\/de\/#\/schema\/logo\/image\/\"}}]}<\/script>\n<!-- \/ Yoast SEO plugin. -->","yoast_head_json":{"title":"Kontaktieren Sie uns noch heute &#183; MegaWash","robots":{"index":"index","follow":"follow","max-snippet":"max-snippet:-1","max-image-preview":"max-image-preview:large","max-video-preview":"max-video-preview:-1"},"canonical":"https:\/\/megawash.dk\/de\/kontaktieren-sie-uns-noch-heute\/","og_locale":"de_DE","og_type":"article","og_title":"Kontaktieren Sie uns noch heute &#183; MegaWash","og_description":"Haben Sie Fragen oder Kommentare? F\u00fcllen Sie das Formular auf dieser Seite aus und wir werden uns so schnell wie m\u00f6glich bei Ihnen melden.","og_url":"https:\/\/megawash.dk\/de\/kontaktieren-sie-uns-noch-heute\/","og_site_name":"MegaWash","article_modified_time":"2025-08-22T07:46:28+00:00","twitter_card":"summary_large_image","twitter_misc":{"Gesch\u00e4tzte Lesezeit":"1\u00a0Minute"},"schema":{"@context":"https:\/\/schema.org","@graph":[{"@type":"WebPage","@id":"https:\/\/megawash.dk\/de\/kontaktieren-sie-uns-noch-heute\/","url":"https:\/\/megawash.dk\/de\/kontaktieren-sie-uns-noch-heute\/","name":"Kontaktieren Sie uns noch heute &#183; MegaWash","isPartOf":{"@id":"https:\/\/megawash.dk\/de\/#website"},"datePublished":"2020-02-12T12:11:38+00:00","dateModified":"2025-08-22T07:46:28+00:00","breadcrumb":{"@id":"https:\/\/megawash.dk\/de\/kontaktieren-sie-uns-noch-heute\/#breadcrumb"},"inLanguage":"de","potentialAction":[{"@type":"ReadAction","target":["https:\/\/megawash.dk\/de\/kontaktieren-sie-uns-noch-heute\/"]}]},{"@type":"BreadcrumbList","@id":"https:\/\/megawash.dk\/de\/kontaktieren-sie-uns-noch-heute\/#breadcrumb","itemListElement":[{"@type":"ListItem","position":1,"name":"Hjem","item":"https:\/\/megawash.dk\/de\/"},{"@type":"ListItem","position":2,"name":"Kontaktieren Sie uns noch heute"}]},{"@type":"WebSite","@id":"https:\/\/megawash.dk\/de\/#website","url":"https:\/\/megawash.dk\/de\/","name":"MegaWash","description":"Vaskehal til lastbiler og kassevogn i \u00c5rhus og Recharge City: Vask af lastbil","publisher":{"@id":"https:\/\/megawash.dk\/de\/#organization"},"potentialAction":[{"@type":"SearchAction","target":{"@type":"EntryPoint","urlTemplate":"https:\/\/megawash.dk\/de\/?s={search_term_string}"},"query-input":"required name=search_term_string"}],"inLanguage":"de"},{"@type":"Organization","@id":"https:\/\/megawash.dk\/de\/#organization","name":"MegaWash","url":"https:\/\/megawash.dk\/de\/","logo":{"@type":"ImageObject","inLanguage":"de","@id":"https:\/\/megawash.dk\/de\/#\/schema\/logo\/image\/","url":"https:\/\/megawash.dk\/wp-content\/uploads\/2023\/04\/megawash-logo-pantone-2727c-2798c.png","contentUrl":"https:\/\/megawash.dk\/wp-content\/uploads\/2023\/04\/megawash-logo-pantone-2727c-2798c.png","width":2048,"height":1046,"caption":"MegaWash"},"image":{"@id":"https:\/\/megawash.dk\/de\/#\/schema\/logo\/image\/"}}]}},"_links":{"self":[{"href":"https:\/\/megawash.dk\/de\/wp-json\/wp\/v2\/pages\/3029","targetHints":{"allow":["GET"]}}],"collection":[{"href":"https:\/\/megawash.dk\/de\/wp-json\/wp\/v2\/pages"}],"about":[{"href":"https:\/\/megawash.dk\/de\/wp-json\/wp\/v2\/types\/page"}],"author":[{"embeddable":true,"href":"https:\/\/megawash.dk\/de\/wp-json\/wp\/v2\/users\/1"}],"replies":[{"embeddable":true,"href":"https:\/\/megawash.dk\/de\/wp-json\/wp\/v2\/comments?post=3029"}],"version-history":[{"count":7,"href":"https:\/\/megawash.dk\/de\/wp-json\/wp\/v2\/pages\/3029\/revisions"}],"predecessor-version":[{"id":3892,"href":"https:\/\/megawash.dk\/de\/wp-json\/wp\/v2\/pages\/3029\/revisions\/3892"}],"wp:attachment":[{"href":"https:\/\/megawash.dk\/de\/wp-json\/wp\/v2\/media?parent=3029"}],"wp:term":[{"taxonomy":"category","embeddable":true,"href":"https:\/\/megawash.dk\/de\/wp-json\/wp\/v2\/categories?post=3029"}],"curies":[{"name":"wp","href":"https:\/\/api.w.org\/{rel}","templated":true}]}}