{"id":3028,"date":"2021-06-29T11:28:22","date_gmt":"2021-06-29T09:28:22","guid":{"rendered":"https:\/\/megawash.dk\/bewerben-sie-sich-bei-uns\/"},"modified":"2025-08-15T11:05:32","modified_gmt":"2025-08-15T09:05:32","slug":"bewerben-sie-sich-bei-uns","status":"publish","type":"page","link":"https:\/\/megawash.dk\/de\/bewerben-sie-sich-bei-uns\/","title":{"rendered":"Stellensuche"},"content":{"rendered":"<section class=\"wpb-content-wrapper\"><p>[vc_row][vc_column][vc_empty_space height=&#8220;30px&#8220;][vc_column_text]<\/p>\n<h3 style=\"text-align: center;\">Wir sind st\u00e4ndig auf der Suche nach Mitarbeitern im Unternehmen.<br \/>\nBitte senden Sie uns eine unverbindliche Bewerbung.<\/h3>\n<p>[\/vc_column_text][vc_empty_space height=&#8220;30px&#8220;][\/vc_column][\/vc_row][vc_row height=&#8220;90&#8243; height_on_tabs=&#8220;90&#8243; height_on_tabs_portrait=&#8220;60&#8243; height_on_mob_landscape=&#8220;60&#8243; height_on_mob=&#8220;60&#8243;][vc_column][vc_column_text]<\/p>\n<h3>Datenschutzbestimmungen<\/h3>\n<p>Wir weisen darauf hin, dass Ihre eingegebenen\/gesendeten personenbezogenen Daten auf unserem Server gespeichert und ausschlie\u00dflich f\u00fcr den internen Gebrauch bei MegaWash A\/S verwendet werden. Sollten Sie dies nicht w\u00fcnschen, schreiben Sie bitte an sletpersondata@megawash.dk. Wir werden dann alle Daten gem\u00e4\u00df dem \u201eRecht auf Vergessenwerden\u201c l\u00f6schen.[\/vc_column_text]<div class=\"ult-spacer spacer-69ed501337f53\" data-id=\"69ed501337f53\" data-height=\"90\" data-height-mobile=\"60\" data-height-tab=\"90\" data-height-tab-portrait=\"60\" data-height-mobile-landscape=\"60\" style=\"clear:both;display:block;\"><\/div>[\/vc_column][\/vc_row]<\/p>\n<\/section>","protected":false},"excerpt":{"rendered":"<p>[vc_row][vc_column][vc_empty_space height=&#8220;30px&#8220;][vc_column_text] Wir sind st\u00e4ndig auf der Suche nach Mitarbeitern im Unternehmen. Bitte senden Sie uns eine unverbindliche Bewerbung. [\/vc_column_text][vc_empty_space height=&#8220;30px&#8220;][\/vc_column][\/vc_row][vc_row height=&#8220;90&#8243; height_on_tabs=&#8220;90&#8243; height_on_tabs_portrait=&#8220;60&#8243; height_on_mob_landscape=&#8220;60&#8243; height_on_mob=&#8220;60&#8243;][vc_column][vc_column_text] Datenschutzbestimmungen Wir weisen darauf hin, dass Ihre eingegebenen\/gesendeten personenbezogenen Daten auf unserem Server gespeichert und ausschlie\u00dflich f\u00fcr den internen Gebrauch bei MegaWash A\/S verwendet werden. Sollten Sie dies nicht &#8230; <a title=\"Stellensuche\" class=\"read-more\" href=\"https:\/\/megawash.dk\/de\/bewerben-sie-sich-bei-uns\/\" aria-label=\"Mehr zu Stellensuche\">Weiterlesen &#8230;<\/a><\/p>\n","protected":false},"author":1,"featured_media":0,"parent":0,"menu_order":0,"comment_status":"closed","ping_status":"closed","template":"","meta":{"footnotes":""},"categories":[],"class_list":["post-3028","page","type-page","status-publish"],"yoast_head":"<!-- This site is optimized with the Yoast SEO plugin v21.6 - https:\/\/yoast.com\/wordpress\/plugins\/seo\/ -->\n<title>Stellensuche &#183; MegaWash<\/title>\n<meta name=\"robots\" content=\"index, follow, max-snippet:-1, max-image-preview:large, max-video-preview:-1\" \/>\n<link rel=\"canonical\" href=\"https:\/\/megawash.dk\/de\/bewerben-sie-sich-bei-uns\/\" \/>\n<meta property=\"og:locale\" content=\"de_DE\" \/>\n<meta property=\"og:type\" content=\"article\" \/>\n<meta property=\"og:title\" content=\"Stellensuche &#183; MegaWash\" \/>\n<meta property=\"og:description\" content=\"[vc_row][vc_column][vc_empty_space height=&#8220;30px&#8220;][vc_column_text] Wir sind st\u00e4ndig auf der Suche nach Mitarbeitern im Unternehmen. Bitte senden Sie uns eine unverbindliche Bewerbung. [\/vc_column_text][vc_empty_space height=&#8220;30px&#8220;][\/vc_column][\/vc_row][vc_row height=&#8220;90&#8243; height_on_tabs=&#8220;90&#8243; height_on_tabs_portrait=&#8220;60&#8243; height_on_mob_landscape=&#8220;60&#8243; height_on_mob=&#8220;60&#8243;][vc_column][vc_column_text] Datenschutzbestimmungen Wir weisen darauf hin, dass Ihre eingegebenen\/gesendeten personenbezogenen Daten auf unserem Server gespeichert und ausschlie\u00dflich f\u00fcr den internen Gebrauch bei MegaWash A\/S verwendet werden. Sollten Sie dies nicht ... Weiterlesen ...\" \/>\n<meta property=\"og:url\" content=\"https:\/\/megawash.dk\/de\/bewerben-sie-sich-bei-uns\/\" \/>\n<meta property=\"og:site_name\" content=\"MegaWash\" \/>\n<meta property=\"article:modified_time\" content=\"2025-08-15T09:05:32+00:00\" \/>\n<meta name=\"twitter:card\" content=\"summary_large_image\" \/>\n<meta name=\"twitter:label1\" content=\"Gesch\u00e4tzte Lesezeit\" \/>\n\t<meta name=\"twitter:data1\" content=\"1\u00a0Minute\" \/>\n<script type=\"application\/ld+json\" class=\"yoast-schema-graph\">{\"@context\":\"https:\/\/schema.org\",\"@graph\":[{\"@type\":\"WebPage\",\"@id\":\"https:\/\/megawash.dk\/de\/bewerben-sie-sich-bei-uns\/\",\"url\":\"https:\/\/megawash.dk\/de\/bewerben-sie-sich-bei-uns\/\",\"name\":\"Stellensuche &#183; MegaWash\",\"isPartOf\":{\"@id\":\"https:\/\/megawash.dk\/de\/#website\"},\"datePublished\":\"2021-06-29T09:28:22+00:00\",\"dateModified\":\"2025-08-15T09:05:32+00:00\",\"breadcrumb\":{\"@id\":\"https:\/\/megawash.dk\/de\/bewerben-sie-sich-bei-uns\/#breadcrumb\"},\"inLanguage\":\"de\",\"potentialAction\":[{\"@type\":\"ReadAction\",\"target\":[\"https:\/\/megawash.dk\/de\/bewerben-sie-sich-bei-uns\/\"]}]},{\"@type\":\"BreadcrumbList\",\"@id\":\"https:\/\/megawash.dk\/de\/bewerben-sie-sich-bei-uns\/#breadcrumb\",\"itemListElement\":[{\"@type\":\"ListItem\",\"position\":1,\"name\":\"Hjem\",\"item\":\"https:\/\/megawash.dk\/de\/\"},{\"@type\":\"ListItem\",\"position\":2,\"name\":\"Stellensuche\"}]},{\"@type\":\"WebSite\",\"@id\":\"https:\/\/megawash.dk\/de\/#website\",\"url\":\"https:\/\/megawash.dk\/de\/\",\"name\":\"MegaWash\",\"description\":\"Vaskehal til lastbiler og kassevogn i \u00c5rhus og Recharge City: Vask af lastbil\",\"publisher\":{\"@id\":\"https:\/\/megawash.dk\/de\/#organization\"},\"potentialAction\":[{\"@type\":\"SearchAction\",\"target\":{\"@type\":\"EntryPoint\",\"urlTemplate\":\"https:\/\/megawash.dk\/de\/?s={search_term_string}\"},\"query-input\":\"required name=search_term_string\"}],\"inLanguage\":\"de\"},{\"@type\":\"Organization\",\"@id\":\"https:\/\/megawash.dk\/de\/#organization\",\"name\":\"MegaWash\",\"url\":\"https:\/\/megawash.dk\/de\/\",\"logo\":{\"@type\":\"ImageObject\",\"inLanguage\":\"de\",\"@id\":\"https:\/\/megawash.dk\/de\/#\/schema\/logo\/image\/\",\"url\":\"https:\/\/megawash.dk\/wp-content\/uploads\/2023\/04\/megawash-logo-pantone-2727c-2798c.png\",\"contentUrl\":\"https:\/\/megawash.dk\/wp-content\/uploads\/2023\/04\/megawash-logo-pantone-2727c-2798c.png\",\"width\":2048,\"height\":1046,\"caption\":\"MegaWash\"},\"image\":{\"@id\":\"https:\/\/megawash.dk\/de\/#\/schema\/logo\/image\/\"}}]}<\/script>\n<!-- \/ Yoast SEO plugin. -->","yoast_head_json":{"title":"Stellensuche &#183; MegaWash","robots":{"index":"index","follow":"follow","max-snippet":"max-snippet:-1","max-image-preview":"max-image-preview:large","max-video-preview":"max-video-preview:-1"},"canonical":"https:\/\/megawash.dk\/de\/bewerben-sie-sich-bei-uns\/","og_locale":"de_DE","og_type":"article","og_title":"Stellensuche &#183; MegaWash","og_description":"[vc_row][vc_column][vc_empty_space height=&#8220;30px&#8220;][vc_column_text] Wir sind st\u00e4ndig auf der Suche nach Mitarbeitern im Unternehmen. Bitte senden Sie uns eine unverbindliche Bewerbung. [\/vc_column_text][vc_empty_space height=&#8220;30px&#8220;][\/vc_column][\/vc_row][vc_row height=&#8220;90&#8243; height_on_tabs=&#8220;90&#8243; height_on_tabs_portrait=&#8220;60&#8243; height_on_mob_landscape=&#8220;60&#8243; height_on_mob=&#8220;60&#8243;][vc_column][vc_column_text] Datenschutzbestimmungen Wir weisen darauf hin, dass Ihre eingegebenen\/gesendeten personenbezogenen Daten auf unserem Server gespeichert und ausschlie\u00dflich f\u00fcr den internen Gebrauch bei MegaWash A\/S verwendet werden. Sollten Sie dies nicht ... Weiterlesen ...","og_url":"https:\/\/megawash.dk\/de\/bewerben-sie-sich-bei-uns\/","og_site_name":"MegaWash","article_modified_time":"2025-08-15T09:05:32+00:00","twitter_card":"summary_large_image","twitter_misc":{"Gesch\u00e4tzte Lesezeit":"1\u00a0Minute"},"schema":{"@context":"https:\/\/schema.org","@graph":[{"@type":"WebPage","@id":"https:\/\/megawash.dk\/de\/bewerben-sie-sich-bei-uns\/","url":"https:\/\/megawash.dk\/de\/bewerben-sie-sich-bei-uns\/","name":"Stellensuche &#183; MegaWash","isPartOf":{"@id":"https:\/\/megawash.dk\/de\/#website"},"datePublished":"2021-06-29T09:28:22+00:00","dateModified":"2025-08-15T09:05:32+00:00","breadcrumb":{"@id":"https:\/\/megawash.dk\/de\/bewerben-sie-sich-bei-uns\/#breadcrumb"},"inLanguage":"de","potentialAction":[{"@type":"ReadAction","target":["https:\/\/megawash.dk\/de\/bewerben-sie-sich-bei-uns\/"]}]},{"@type":"BreadcrumbList","@id":"https:\/\/megawash.dk\/de\/bewerben-sie-sich-bei-uns\/#breadcrumb","itemListElement":[{"@type":"ListItem","position":1,"name":"Hjem","item":"https:\/\/megawash.dk\/de\/"},{"@type":"ListItem","position":2,"name":"Stellensuche"}]},{"@type":"WebSite","@id":"https:\/\/megawash.dk\/de\/#website","url":"https:\/\/megawash.dk\/de\/","name":"MegaWash","description":"Vaskehal til lastbiler og kassevogn i \u00c5rhus og Recharge City: Vask af lastbil","publisher":{"@id":"https:\/\/megawash.dk\/de\/#organization"},"potentialAction":[{"@type":"SearchAction","target":{"@type":"EntryPoint","urlTemplate":"https:\/\/megawash.dk\/de\/?s={search_term_string}"},"query-input":"required name=search_term_string"}],"inLanguage":"de"},{"@type":"Organization","@id":"https:\/\/megawash.dk\/de\/#organization","name":"MegaWash","url":"https:\/\/megawash.dk\/de\/","logo":{"@type":"ImageObject","inLanguage":"de","@id":"https:\/\/megawash.dk\/de\/#\/schema\/logo\/image\/","url":"https:\/\/megawash.dk\/wp-content\/uploads\/2023\/04\/megawash-logo-pantone-2727c-2798c.png","contentUrl":"https:\/\/megawash.dk\/wp-content\/uploads\/2023\/04\/megawash-logo-pantone-2727c-2798c.png","width":2048,"height":1046,"caption":"MegaWash"},"image":{"@id":"https:\/\/megawash.dk\/de\/#\/schema\/logo\/image\/"}}]}},"_links":{"self":[{"href":"https:\/\/megawash.dk\/de\/wp-json\/wp\/v2\/pages\/3028","targetHints":{"allow":["GET"]}}],"collection":[{"href":"https:\/\/megawash.dk\/de\/wp-json\/wp\/v2\/pages"}],"about":[{"href":"https:\/\/megawash.dk\/de\/wp-json\/wp\/v2\/types\/page"}],"author":[{"embeddable":true,"href":"https:\/\/megawash.dk\/de\/wp-json\/wp\/v2\/users\/1"}],"replies":[{"embeddable":true,"href":"https:\/\/megawash.dk\/de\/wp-json\/wp\/v2\/comments?post=3028"}],"version-history":[{"count":4,"href":"https:\/\/megawash.dk\/de\/wp-json\/wp\/v2\/pages\/3028\/revisions"}],"predecessor-version":[{"id":3882,"href":"https:\/\/megawash.dk\/de\/wp-json\/wp\/v2\/pages\/3028\/revisions\/3882"}],"wp:attachment":[{"href":"https:\/\/megawash.dk\/de\/wp-json\/wp\/v2\/media?parent=3028"}],"wp:term":[{"taxonomy":"category","embeddable":true,"href":"https:\/\/megawash.dk\/de\/wp-json\/wp\/v2\/categories?post=3028"}],"curies":[{"name":"wp","href":"https:\/\/api.w.org\/{rel}","templated":true}]}}