{"id":3025,"date":"2021-06-29T11:13:32","date_gmt":"2021-06-29T09:13:32","guid":{"rendered":"https:\/\/megawash.dk\/ueber-uns\/"},"modified":"2025-06-13T08:58:24","modified_gmt":"2025-06-13T06:58:24","slug":"ueber-uns","status":"publish","type":"page","link":"https:\/\/megawash.dk\/de\/ueber-uns\/","title":{"rendered":"\u00dcber Uns"},"content":{"rendered":"<section class=\"wpb-content-wrapper\"><p>[vc_row full_width=&#8220;stretch_row&#8220;][vc_column]<div class=\"ult-spacer spacer-69e9005738a67\" data-id=\"69e9005738a67\" data-height=\"90\" data-height-mobile=\"60\" data-height-tab=\"90\" data-height-tab-portrait=\"60\" data-height-mobile-landscape=\"60\" style=\"clear:both;display:block;\"><\/div>[vc_row_inner][vc_column_inner offset=&#8220;vc_col-lg-8 vc_col-md-8 vc_col-xs-12&#8243;][vc_column_text]<\/p>\n<h2>Bei MegaWash waschen wir seit \u00fcber 30 Jahren verschiedene LKW.<\/h2>\n<p>Wir haben Erfahrung mit allen Aufgabentypen &#8211; wovon Sie profitieren. Unabh\u00e4ngig ob LKW waschen, Tiertransporte desinfizieren oder Fleischtransporte und andere G\u00fcter reinigen.<\/p>\n<p>Urspr\u00fcnglich hie\u00dfen wir DTC LKW W\u00e4sche, mit zwei Waschstra\u00dfen n\u00f6rdlich von Vejle. Die erste Erweiterung fand 1998 in Vejle statt. Im Jahr darauf \u00fcbernahmen wir eine weitere Waschstra\u00dfe in Padborg.<br \/>\nIm Jahre 2005 wurde diese Station zus\u00e4tzlich vergr\u00f6\u00dfert.<\/p>\n<p>Im Jahre 2009 haben wir den Namen zu MegaWash A\/S ge\u00e4ndert. Obwohl dieser Name relativ neu ist, bauen wir weiterhin auf unserer 30-j\u00e4hrigen Erfahrung und umfangreichen Service. Unsere ca. 40 Angestellten, wovon viele bereits mehr als zehn Jahre angestellt sind, stehen Ihnen immer mit Rat und Tat zur Seite.<\/p>\n<p>Heute haben wir knapp 1.400 Speditionskunden die aus ganz Europa kommen. Nat\u00fcrlich auch einige der ganz Gro\u00dfen aus der Branche. Sie k\u00f6nnen der n\u00e4chste sein.<\/p>\n<p>MegaWash bietet einen 24 Stunden Service, mit Reinigung und Desinfektion in 12 Waschstra\u00dfen an. Die Waschstra\u00dfen sind wie folgt verteilt: F\u00fcnf Waschstra\u00dfen in Padborg, vier Waschstra\u00dfen in Vejle, und jeweils eine in \u00c5rhus, H\u00f8rning und Recharge City.<br \/>\nHeute waschen wir bis zu 250 LKW am Tag &#8211; genau dann, wenn es Ihnen am besten passt.<\/p>\n<p>Unsere Abteilung f\u00fcr das Waschen von Verpackungen befindet sich in Vejle, Frostvej 5. Hier besteht die M\u00f6glichkeit benutzte\/dreckige Verpackungen mit frisch gereingten Verpackungen zu tauschen sobald ihr Fahrzeug fertig gereinigt ist.<br \/>\nWir haben reichlich Platz die benutzten Verpackungen zu lagern, zu reinigen, mit Folie einzugepacken, und diese wieder zur Abholung zur Verf\u00fcgung zu stellen.<\/p>\n<p>Wollen Sie mehr erfahren? Kontaktieren Sie uns <a href=\"\/de\/kontakt\/\">hier. <\/a><br \/>\n[\/vc_column_text]<div class=\"ult-spacer spacer-69e9005738aad\" data-id=\"69e9005738aad\" data-height=\"0\" data-height-mobile=\"30\" data-height-tab=\"0\" data-height-tab-portrait=\"30\" data-height-mobile-landscape=\"30\" style=\"clear:both;display:block;\"><\/div>[\/vc_column_inner][vc_column_inner offset=&#8220;vc_col-lg-4 vc_col-md-4 vc_col-xs-12&#8243;][vc_raw_html]PGRpdiBpZD0iZmItcm9vdCI+PC9kaXY+DQo8c2NyaXB0IGFzeW5jIGRlZmVyIGNyb3Nzb3JpZ2luPSJhbm9ueW1vdXMiIHNyYz0iaHR0cHM6Ly9jb25uZWN0LmZhY2Vib29rLm5ldC9kYV9ESy9zZGsuanMjeGZibWw9MSZ2ZXJzaW9uPXYxMS4wIiBub25jZT0iWmk0THNiM0oiPjwvc2NyaXB0PjxkaXYgY2xhc3M9ImZiLXBhZ2UiIGRhdGEtaHJlZj0iaHR0cHM6Ly93d3cuZmFjZWJvb2suY29tL21lZ2F3YXNoLmRrIiBkYXRhLXRhYnM9InRpbWVsaW5lIiBkYXRhLXdpZHRoPSI1MDAiIGRhdGEtaGVpZ2h0PSIzODAiIGRhdGEtc21hbGwtaGVhZGVyPSJ0cnVlIiBkYXRhLWFkYXB0LWNvbnRhaW5lci13aWR0aD0idHJ1ZSIgZGF0YS1oaWRlLWNvdmVyPSJmYWxzZSIgZGF0YS1zaG93LWZhY2VwaWxlPSJmYWxzZSI+PGJsb2NrcXVvdGUgY2l0ZT0iaHR0cHM6Ly93d3cuZmFjZWJvb2suY29tL21lZ2F3YXNoLmRrIiBjbGFzcz0iZmIteGZibWwtcGFyc2UtaWdub3JlIj48YSBocmVmPSJodHRwczovL3d3dy5mYWNlYm9vay5jb20vbWVnYXdhc2guZGsiPk1lZ2FXYXNoIEEvUzwvYT48L2Jsb2NrcXVvdGU+PC9kaXY+[\/vc_raw_html][vc_empty_space height=&#8220;30px&#8220;][vc_widget_sidebar sidebar_id=&#8220;sidebar-2&#8243; el_class=&#8220;kf&#8220;][\/vc_column_inner][\/vc_row_inner]<div class=\"ult-spacer spacer-69e9005738ad2\" data-id=\"69e9005738ad2\" data-height=\"90\" data-height-mobile=\"60\" data-height-tab=\"90\" data-height-tab-portrait=\"60\" data-height-mobile-landscape=\"60\" style=\"clear:both;display:block;\"><\/div>[\/vc_column][\/vc_row]<\/p>\n<\/section>","protected":false},"excerpt":{"rendered":"<p>Erfahrung mit gro\u00dfen (und kleinen) Aufgaben.<\/p>\n","protected":false},"author":1,"featured_media":0,"parent":0,"menu_order":1,"comment_status":"closed","ping_status":"closed","template":"","meta":{"footnotes":""},"categories":[],"class_list":["post-3025","page","type-page","status-publish"],"yoast_head":"<!-- This site is optimized with the Yoast SEO plugin v21.6 - https:\/\/yoast.com\/wordpress\/plugins\/seo\/ -->\n<title>\u00dcber Uns &#183; MegaWash<\/title>\n<meta name=\"robots\" content=\"index, follow, max-snippet:-1, max-image-preview:large, max-video-preview:-1\" \/>\n<link rel=\"canonical\" href=\"https:\/\/megawash.dk\/de\/ueber-uns\/\" \/>\n<meta property=\"og:locale\" content=\"de_DE\" \/>\n<meta property=\"og:type\" content=\"article\" \/>\n<meta property=\"og:title\" content=\"\u00dcber Uns &#183; MegaWash\" \/>\n<meta property=\"og:description\" content=\"Erfahrung mit gro\u00dfen (und kleinen) Aufgaben.\" \/>\n<meta property=\"og:url\" content=\"https:\/\/megawash.dk\/de\/ueber-uns\/\" \/>\n<meta property=\"og:site_name\" content=\"MegaWash\" \/>\n<meta property=\"article:modified_time\" content=\"2025-06-13T06:58:24+00:00\" \/>\n<meta name=\"twitter:card\" content=\"summary_large_image\" \/>\n<meta name=\"twitter:label1\" content=\"Gesch\u00e4tzte Lesezeit\" \/>\n\t<meta name=\"twitter:data1\" content=\"3\u00a0Minuten\" \/>\n<script type=\"application\/ld+json\" class=\"yoast-schema-graph\">{\"@context\":\"https:\/\/schema.org\",\"@graph\":[{\"@type\":\"WebPage\",\"@id\":\"https:\/\/megawash.dk\/de\/ueber-uns\/\",\"url\":\"https:\/\/megawash.dk\/de\/ueber-uns\/\",\"name\":\"\u00dcber Uns &#183; MegaWash\",\"isPartOf\":{\"@id\":\"https:\/\/megawash.dk\/de\/#website\"},\"datePublished\":\"2021-06-29T09:13:32+00:00\",\"dateModified\":\"2025-06-13T06:58:24+00:00\",\"breadcrumb\":{\"@id\":\"https:\/\/megawash.dk\/de\/ueber-uns\/#breadcrumb\"},\"inLanguage\":\"de\",\"potentialAction\":[{\"@type\":\"ReadAction\",\"target\":[\"https:\/\/megawash.dk\/de\/ueber-uns\/\"]}]},{\"@type\":\"BreadcrumbList\",\"@id\":\"https:\/\/megawash.dk\/de\/ueber-uns\/#breadcrumb\",\"itemListElement\":[{\"@type\":\"ListItem\",\"position\":1,\"name\":\"Hjem\",\"item\":\"https:\/\/megawash.dk\/de\/\"},{\"@type\":\"ListItem\",\"position\":2,\"name\":\"\u00dcber Uns\"}]},{\"@type\":\"WebSite\",\"@id\":\"https:\/\/megawash.dk\/de\/#website\",\"url\":\"https:\/\/megawash.dk\/de\/\",\"name\":\"MegaWash\",\"description\":\"Vaskehal til lastbiler og kassevogn i \u00c5rhus og Recharge City: Vask af lastbil\",\"publisher\":{\"@id\":\"https:\/\/megawash.dk\/de\/#organization\"},\"potentialAction\":[{\"@type\":\"SearchAction\",\"target\":{\"@type\":\"EntryPoint\",\"urlTemplate\":\"https:\/\/megawash.dk\/de\/?s={search_term_string}\"},\"query-input\":\"required name=search_term_string\"}],\"inLanguage\":\"de\"},{\"@type\":\"Organization\",\"@id\":\"https:\/\/megawash.dk\/de\/#organization\",\"name\":\"MegaWash\",\"url\":\"https:\/\/megawash.dk\/de\/\",\"logo\":{\"@type\":\"ImageObject\",\"inLanguage\":\"de\",\"@id\":\"https:\/\/megawash.dk\/de\/#\/schema\/logo\/image\/\",\"url\":\"https:\/\/megawash.dk\/wp-content\/uploads\/2023\/04\/megawash-logo-pantone-2727c-2798c.png\",\"contentUrl\":\"https:\/\/megawash.dk\/wp-content\/uploads\/2023\/04\/megawash-logo-pantone-2727c-2798c.png\",\"width\":2048,\"height\":1046,\"caption\":\"MegaWash\"},\"image\":{\"@id\":\"https:\/\/megawash.dk\/de\/#\/schema\/logo\/image\/\"}}]}<\/script>\n<!-- \/ Yoast SEO plugin. -->","yoast_head_json":{"title":"\u00dcber Uns &#183; MegaWash","robots":{"index":"index","follow":"follow","max-snippet":"max-snippet:-1","max-image-preview":"max-image-preview:large","max-video-preview":"max-video-preview:-1"},"canonical":"https:\/\/megawash.dk\/de\/ueber-uns\/","og_locale":"de_DE","og_type":"article","og_title":"\u00dcber Uns &#183; MegaWash","og_description":"Erfahrung mit gro\u00dfen (und kleinen) Aufgaben.","og_url":"https:\/\/megawash.dk\/de\/ueber-uns\/","og_site_name":"MegaWash","article_modified_time":"2025-06-13T06:58:24+00:00","twitter_card":"summary_large_image","twitter_misc":{"Gesch\u00e4tzte Lesezeit":"3\u00a0Minuten"},"schema":{"@context":"https:\/\/schema.org","@graph":[{"@type":"WebPage","@id":"https:\/\/megawash.dk\/de\/ueber-uns\/","url":"https:\/\/megawash.dk\/de\/ueber-uns\/","name":"\u00dcber Uns &#183; MegaWash","isPartOf":{"@id":"https:\/\/megawash.dk\/de\/#website"},"datePublished":"2021-06-29T09:13:32+00:00","dateModified":"2025-06-13T06:58:24+00:00","breadcrumb":{"@id":"https:\/\/megawash.dk\/de\/ueber-uns\/#breadcrumb"},"inLanguage":"de","potentialAction":[{"@type":"ReadAction","target":["https:\/\/megawash.dk\/de\/ueber-uns\/"]}]},{"@type":"BreadcrumbList","@id":"https:\/\/megawash.dk\/de\/ueber-uns\/#breadcrumb","itemListElement":[{"@type":"ListItem","position":1,"name":"Hjem","item":"https:\/\/megawash.dk\/de\/"},{"@type":"ListItem","position":2,"name":"\u00dcber Uns"}]},{"@type":"WebSite","@id":"https:\/\/megawash.dk\/de\/#website","url":"https:\/\/megawash.dk\/de\/","name":"MegaWash","description":"Vaskehal til lastbiler og kassevogn i \u00c5rhus og Recharge City: Vask af lastbil","publisher":{"@id":"https:\/\/megawash.dk\/de\/#organization"},"potentialAction":[{"@type":"SearchAction","target":{"@type":"EntryPoint","urlTemplate":"https:\/\/megawash.dk\/de\/?s={search_term_string}"},"query-input":"required name=search_term_string"}],"inLanguage":"de"},{"@type":"Organization","@id":"https:\/\/megawash.dk\/de\/#organization","name":"MegaWash","url":"https:\/\/megawash.dk\/de\/","logo":{"@type":"ImageObject","inLanguage":"de","@id":"https:\/\/megawash.dk\/de\/#\/schema\/logo\/image\/","url":"https:\/\/megawash.dk\/wp-content\/uploads\/2023\/04\/megawash-logo-pantone-2727c-2798c.png","contentUrl":"https:\/\/megawash.dk\/wp-content\/uploads\/2023\/04\/megawash-logo-pantone-2727c-2798c.png","width":2048,"height":1046,"caption":"MegaWash"},"image":{"@id":"https:\/\/megawash.dk\/de\/#\/schema\/logo\/image\/"}}]}},"_links":{"self":[{"href":"https:\/\/megawash.dk\/de\/wp-json\/wp\/v2\/pages\/3025","targetHints":{"allow":["GET"]}}],"collection":[{"href":"https:\/\/megawash.dk\/de\/wp-json\/wp\/v2\/pages"}],"about":[{"href":"https:\/\/megawash.dk\/de\/wp-json\/wp\/v2\/types\/page"}],"author":[{"embeddable":true,"href":"https:\/\/megawash.dk\/de\/wp-json\/wp\/v2\/users\/1"}],"replies":[{"embeddable":true,"href":"https:\/\/megawash.dk\/de\/wp-json\/wp\/v2\/comments?post=3025"}],"version-history":[{"count":4,"href":"https:\/\/megawash.dk\/de\/wp-json\/wp\/v2\/pages\/3025\/revisions"}],"predecessor-version":[{"id":3756,"href":"https:\/\/megawash.dk\/de\/wp-json\/wp\/v2\/pages\/3025\/revisions\/3756"}],"wp:attachment":[{"href":"https:\/\/megawash.dk\/de\/wp-json\/wp\/v2\/media?parent=3025"}],"wp:term":[{"taxonomy":"category","embeddable":true,"href":"https:\/\/megawash.dk\/de\/wp-json\/wp\/v2\/categories?post=3025"}],"curies":[{"name":"wp","href":"https:\/\/api.w.org\/{rel}","templated":true}]}}