{"id":3022,"date":"2021-06-29T11:13:32","date_gmt":"2021-06-29T09:13:32","guid":{"rendered":"https:\/\/megawash.dk\/leistungen\/"},"modified":"2025-06-13T09:01:37","modified_gmt":"2025-06-13T07:01:37","slug":"leistungen","status":"publish","type":"page","link":"https:\/\/megawash.dk\/de\/leistungen\/","title":{"rendered":"Leistungen"},"content":{"rendered":"<section class=\"wpb-content-wrapper\"><p>[vc_row full_width=&#8220;stretch_row&#8220;][vc_column]<div class=\"ult-spacer spacer-69ed20f02717d\" data-id=\"69ed20f02717d\" data-height=\"90\" data-height-mobile=\"60\" data-height-tab=\"90\" data-height-tab-portrait=\"60\" data-height-mobile-landscape=\"60\" style=\"clear:both;display:block;\"><\/div>[vc_row_inner][vc_column_inner offset=&#8220;vc_col-lg-8 vc_col-md-8 vc_col-xs-12&#8243;][vc_column_text]<\/p>\n<h2>Wir waschen in vielen Programmen und, wie unser Name schon sagt, waschen wir gro\u00dfe Autos und gro\u00dfe Mengen an Verpackungen<\/h2>\n<h3>Lassen Sie sich bei Ihren Aufgaben von uns unterst\u00fctzen<\/h3>\n<p>Selbstverst\u00e4ndlich k\u00f6nnen wir LKWs und Anh\u00e4nger aller Art waschen. Hunderte zufriedene Kunden k\u00f6nnen dies best\u00e4tigen, gleichzeitig sind wir Spezialisten in einer Vielzahl weiterer Bereiche und k\u00f6nnen ein breites Produktsortiment in diversen Nischen anbieten. Trotz unseres Namens ist uns keine Aufgabe zu klein und fast keine zu gro\u00df.<\/p>\n<p>MegaWash hat viele verschiedene Arbeitsbereiche, und wir sind immer bereit, Ihre Wasch- und Desinfektionsaufgaben in den folgenden Bereichen zu l\u00f6sen.<\/p>\n<ul>\n<li>Waschen von Fleischkisten, Gro\u00dfkisten und H1-Paletten<\/li>\n<li>Vermietung von Fleischerhaken und Weihnachtsb\u00e4umen<\/li>\n<li>LKW- und Anh\u00e4ngerw\u00e4sche<\/li>\n<li>Desinfektion<\/li>\n<li>Besondere Aufgaben<\/li>\n<\/ul>\n<p>MegaWash A\/S ist f\u00fchrend in der Reinigung und Desinfektion von Anh\u00e4ngern und Transportger\u00e4ten f\u00fcr Frischfleisch. Wir stellen durch ein umfangreiches Eigenkontrollprogramm sicher, dass die bakteriologischen Werte sehr niedrig sind. Wir liefern eine anst\u00e4ndige Qualit\u00e4t, sodass keine bei MegaWash A\/S gewaschenen Anh\u00e4nger in einem Schlachthof zur\u00fcckgewiesen wurden.<\/p>\n<p>Wir arbeiten sehr eng mit unserem Lieferanten von Seifen und Desinfektionsmitteln zusammen, um sicherzustellen, dass wir mit den neuesten und wirksamsten Seifen und Desinfektionsmitteln an der Spitze stehen.<\/p>\n<p>Durch h\u00e4ufige Wasserwechsel in unserer Waschanlage zum Waschen von Fleischhaken, Fleischkisten und Gro\u00dfkisten wird sichergestellt, dass Kisten und Haken komplett sauber sind, bevor sie zur Auslieferung foliert werden.[\/vc_column_text]<div class=\"ult-spacer spacer-69ed20f0271c2\" data-id=\"69ed20f0271c2\" data-height=\"0\" data-height-mobile=\"30\" data-height-tab=\"0\" data-height-tab-portrait=\"30\" data-height-mobile-landscape=\"30\" style=\"clear:both;display:block;\"><\/div>[\/vc_column_inner][vc_column_inner offset=&#8220;vc_col-lg-4 vc_col-md-4 vc_col-xs-12&#8243;][vc_widget_sidebar sidebar_id=&#8220;sidebar-1&#8243; el_class=&#8220;contact-sidebar&#8220;][\/vc_column_inner][\/vc_row_inner]<div class=\"ult-spacer spacer-69ed20f0271e8\" data-id=\"69ed20f0271e8\" data-height=\"90\" data-height-mobile=\"60\" data-height-tab=\"90\" data-height-tab-portrait=\"60\" data-height-mobile-landscape=\"60\" style=\"clear:both;display:block;\"><\/div>[\/vc_column][\/vc_row][vc_row full_width=&#8220;stretch_row&#8220; css=&#8220;.vc_custom_1624970689165{background-image: url(https:\/\/megawash.dk\/wp-content\/uploads\/2021\/06\/iStock-1031587806-min-scaled.jpg?id=2755) !important;background-position: center !important;background-repeat: no-repeat !important;background-size: cover !important;}&#8220; el_class=&#8220;parallax&#8220;][vc_column]<div class=\"ult-spacer spacer-69ed20f027208\" data-id=\"69ed20f027208\" data-height=\"90\" data-height-mobile=\"60\" data-height-tab=\"90\" data-height-tab-portrait=\"60\" data-height-mobile-landscape=\"60\" style=\"clear:both;display:block;\"><\/div>[vc_row_inner equal_height=&#8220;yes&#8220;][vc_column_inner width=&#8220;1\/12&#8243; offset=&#8220;vc_col-lg-3 vc_col-md-2 vc_col-xs-12&#8243;][\/vc_column_inner][vc_column_inner width=&#8220;5\/6&#8243; css=&#8220;.vc_custom_1624970734785{margin-right: 30px !important;margin-left: 30px !important;padding-top: 30px !important;padding-right: 30px !important;padding-bottom: 30px !important;padding-left: 30px !important;background-color: rgba(255,255,255,0.9) !important;*background-color: rgb(255,255,255) !important;}&#8220; offset=&#8220;vc_col-lg-6 vc_col-md-8 vc_col-xs-12&#8243;][vc_column_text]<\/p>\n<h3 style=\"text-align: center;\">M\u00f6chten Sie ein unverbindliches Angebot?<\/h3>\n<p style=\"text-align: center;\">MegaWash ist immer bereit, ein Angebot f\u00fcr eine Wasch- oder Desinfektionsleitung f\u00fcr Ihr Unternehmen zu erstellen. F\u00fcr ein konkretes Angebot k\u00f6nnen Sie sich jederzeit gerne an uns wenden.<\/p>\n<p style=\"text-align: center;\">Sie erreichen uns unter <a href=\"mailto:kontakt@megawash.dk\">kontakt@megawash.dk<\/a> oder Sie erreichen uns \u00fcber den Men\u00fcpunkt <a href=\"\/de\/kontakt\/\">kontakt<\/a><\/p>\n<p>[\/vc_column_text][vc_empty_space height=&#8220;30px&#8220;][vc_btn title=&#8220;Kontaktieren Sie uns noch heute&#8220; style=&#8220;custom&#8220; custom_background=&#8220;#2b5e45&#8243; custom_text=&#8220;#ffffff&#8220; shape=&#8220;square&#8220; size=&#8220;sm&#8220; align=&#8220;center&#8220; link=&#8220;url:https%3A%2F%2Fmegawash.dk%2Fde%2Fkontaktieren-sie-uns-noch-heute%2F|title:Kontaktieren%20Sie%20uns%20noch%20heute|&#8220;][\/vc_column_inner][vc_column_inner width=&#8220;1\/12&#8243; offset=&#8220;vc_col-lg-3 vc_col-md-2 vc_col-xs-12&#8243;][\/vc_column_inner][\/vc_row_inner]<div class=\"ult-spacer spacer-69ed20f027224\" data-id=\"69ed20f027224\" data-height=\"90\" data-height-mobile=\"60\" data-height-tab=\"90\" data-height-tab-portrait=\"60\" data-height-mobile-landscape=\"60\" style=\"clear:both;display:block;\"><\/div>[\/vc_column][\/vc_row]<\/p>\n<\/section>","protected":false},"excerpt":{"rendered":"<p>Trotz unseres Namens ist keine Aufgabe zu klein und zu klein f\u00fcr einen Shop.<\/p>\n","protected":false},"author":1,"featured_media":2893,"parent":0,"menu_order":2,"comment_status":"closed","ping_status":"closed","template":"","meta":{"footnotes":""},"categories":[31],"class_list":{"0":"post-3022","1":"page","2":"type-page","3":"status-publish","4":"has-post-thumbnail","6":"category-fokus-de"},"yoast_head":"<!-- This site is optimized with the Yoast SEO plugin v21.6 - https:\/\/yoast.com\/wordpress\/plugins\/seo\/ -->\n<title>Leistungen &#183; MegaWash<\/title>\n<meta name=\"robots\" content=\"index, follow, max-snippet:-1, max-image-preview:large, max-video-preview:-1\" \/>\n<link rel=\"canonical\" href=\"https:\/\/megawash.dk\/de\/leistungen\/\" \/>\n<meta property=\"og:locale\" content=\"de_DE\" \/>\n<meta property=\"og:type\" content=\"article\" \/>\n<meta property=\"og:title\" content=\"Leistungen &#183; MegaWash\" \/>\n<meta property=\"og:description\" content=\"Trotz unseres Namens ist keine Aufgabe zu klein und zu klein f\u00fcr einen Shop.\" \/>\n<meta property=\"og:url\" content=\"https:\/\/megawash.dk\/de\/leistungen\/\" \/>\n<meta property=\"og:site_name\" content=\"MegaWash\" \/>\n<meta property=\"article:modified_time\" content=\"2025-06-13T07:01:37+00:00\" \/>\n<meta property=\"og:image\" content=\"https:\/\/megawash.dk\/wp-content\/uploads\/2021\/06\/Embalagevask.jpg\" \/>\n\t<meta property=\"og:image:width\" content=\"350\" \/>\n\t<meta property=\"og:image:height\" content=\"200\" \/>\n\t<meta property=\"og:image:type\" content=\"image\/jpeg\" \/>\n<meta name=\"twitter:card\" content=\"summary_large_image\" \/>\n<meta name=\"twitter:label1\" content=\"Gesch\u00e4tzte Lesezeit\" \/>\n\t<meta name=\"twitter:data1\" content=\"3\u00a0Minuten\" \/>\n<script type=\"application\/ld+json\" class=\"yoast-schema-graph\">{\"@context\":\"https:\/\/schema.org\",\"@graph\":[{\"@type\":\"WebPage\",\"@id\":\"https:\/\/megawash.dk\/de\/leistungen\/\",\"url\":\"https:\/\/megawash.dk\/de\/leistungen\/\",\"name\":\"Leistungen &#183; MegaWash\",\"isPartOf\":{\"@id\":\"https:\/\/megawash.dk\/de\/#website\"},\"datePublished\":\"2021-06-29T09:13:32+00:00\",\"dateModified\":\"2025-06-13T07:01:37+00:00\",\"breadcrumb\":{\"@id\":\"https:\/\/megawash.dk\/de\/leistungen\/#breadcrumb\"},\"inLanguage\":\"de\",\"potentialAction\":[{\"@type\":\"ReadAction\",\"target\":[\"https:\/\/megawash.dk\/de\/leistungen\/\"]}]},{\"@type\":\"BreadcrumbList\",\"@id\":\"https:\/\/megawash.dk\/de\/leistungen\/#breadcrumb\",\"itemListElement\":[{\"@type\":\"ListItem\",\"position\":1,\"name\":\"Hjem\",\"item\":\"https:\/\/megawash.dk\/de\/\"},{\"@type\":\"ListItem\",\"position\":2,\"name\":\"Leistungen\"}]},{\"@type\":\"WebSite\",\"@id\":\"https:\/\/megawash.dk\/de\/#website\",\"url\":\"https:\/\/megawash.dk\/de\/\",\"name\":\"MegaWash\",\"description\":\"Vaskehal til lastbiler og kassevogn i \u00c5rhus og Recharge City: Vask af lastbil\",\"publisher\":{\"@id\":\"https:\/\/megawash.dk\/de\/#organization\"},\"potentialAction\":[{\"@type\":\"SearchAction\",\"target\":{\"@type\":\"EntryPoint\",\"urlTemplate\":\"https:\/\/megawash.dk\/de\/?s={search_term_string}\"},\"query-input\":\"required name=search_term_string\"}],\"inLanguage\":\"de\"},{\"@type\":\"Organization\",\"@id\":\"https:\/\/megawash.dk\/de\/#organization\",\"name\":\"MegaWash\",\"url\":\"https:\/\/megawash.dk\/de\/\",\"logo\":{\"@type\":\"ImageObject\",\"inLanguage\":\"de\",\"@id\":\"https:\/\/megawash.dk\/de\/#\/schema\/logo\/image\/\",\"url\":\"https:\/\/megawash.dk\/wp-content\/uploads\/2023\/04\/megawash-logo-pantone-2727c-2798c.png\",\"contentUrl\":\"https:\/\/megawash.dk\/wp-content\/uploads\/2023\/04\/megawash-logo-pantone-2727c-2798c.png\",\"width\":2048,\"height\":1046,\"caption\":\"MegaWash\"},\"image\":{\"@id\":\"https:\/\/megawash.dk\/de\/#\/schema\/logo\/image\/\"}}]}<\/script>\n<!-- \/ Yoast SEO plugin. -->","yoast_head_json":{"title":"Leistungen &#183; MegaWash","robots":{"index":"index","follow":"follow","max-snippet":"max-snippet:-1","max-image-preview":"max-image-preview:large","max-video-preview":"max-video-preview:-1"},"canonical":"https:\/\/megawash.dk\/de\/leistungen\/","og_locale":"de_DE","og_type":"article","og_title":"Leistungen &#183; MegaWash","og_description":"Trotz unseres Namens ist keine Aufgabe zu klein und zu klein f\u00fcr einen Shop.","og_url":"https:\/\/megawash.dk\/de\/leistungen\/","og_site_name":"MegaWash","article_modified_time":"2025-06-13T07:01:37+00:00","og_image":[{"width":350,"height":200,"url":"https:\/\/megawash.dk\/wp-content\/uploads\/2021\/06\/Embalagevask.jpg","type":"image\/jpeg"}],"twitter_card":"summary_large_image","twitter_misc":{"Gesch\u00e4tzte Lesezeit":"3\u00a0Minuten"},"schema":{"@context":"https:\/\/schema.org","@graph":[{"@type":"WebPage","@id":"https:\/\/megawash.dk\/de\/leistungen\/","url":"https:\/\/megawash.dk\/de\/leistungen\/","name":"Leistungen &#183; MegaWash","isPartOf":{"@id":"https:\/\/megawash.dk\/de\/#website"},"datePublished":"2021-06-29T09:13:32+00:00","dateModified":"2025-06-13T07:01:37+00:00","breadcrumb":{"@id":"https:\/\/megawash.dk\/de\/leistungen\/#breadcrumb"},"inLanguage":"de","potentialAction":[{"@type":"ReadAction","target":["https:\/\/megawash.dk\/de\/leistungen\/"]}]},{"@type":"BreadcrumbList","@id":"https:\/\/megawash.dk\/de\/leistungen\/#breadcrumb","itemListElement":[{"@type":"ListItem","position":1,"name":"Hjem","item":"https:\/\/megawash.dk\/de\/"},{"@type":"ListItem","position":2,"name":"Leistungen"}]},{"@type":"WebSite","@id":"https:\/\/megawash.dk\/de\/#website","url":"https:\/\/megawash.dk\/de\/","name":"MegaWash","description":"Vaskehal til lastbiler og kassevogn i \u00c5rhus og Recharge City: Vask af lastbil","publisher":{"@id":"https:\/\/megawash.dk\/de\/#organization"},"potentialAction":[{"@type":"SearchAction","target":{"@type":"EntryPoint","urlTemplate":"https:\/\/megawash.dk\/de\/?s={search_term_string}"},"query-input":"required name=search_term_string"}],"inLanguage":"de"},{"@type":"Organization","@id":"https:\/\/megawash.dk\/de\/#organization","name":"MegaWash","url":"https:\/\/megawash.dk\/de\/","logo":{"@type":"ImageObject","inLanguage":"de","@id":"https:\/\/megawash.dk\/de\/#\/schema\/logo\/image\/","url":"https:\/\/megawash.dk\/wp-content\/uploads\/2023\/04\/megawash-logo-pantone-2727c-2798c.png","contentUrl":"https:\/\/megawash.dk\/wp-content\/uploads\/2023\/04\/megawash-logo-pantone-2727c-2798c.png","width":2048,"height":1046,"caption":"MegaWash"},"image":{"@id":"https:\/\/megawash.dk\/de\/#\/schema\/logo\/image\/"}}]}},"_links":{"self":[{"href":"https:\/\/megawash.dk\/de\/wp-json\/wp\/v2\/pages\/3022","targetHints":{"allow":["GET"]}}],"collection":[{"href":"https:\/\/megawash.dk\/de\/wp-json\/wp\/v2\/pages"}],"about":[{"href":"https:\/\/megawash.dk\/de\/wp-json\/wp\/v2\/types\/page"}],"author":[{"embeddable":true,"href":"https:\/\/megawash.dk\/de\/wp-json\/wp\/v2\/users\/1"}],"replies":[{"embeddable":true,"href":"https:\/\/megawash.dk\/de\/wp-json\/wp\/v2\/comments?post=3022"}],"version-history":[{"count":4,"href":"https:\/\/megawash.dk\/de\/wp-json\/wp\/v2\/pages\/3022\/revisions"}],"predecessor-version":[{"id":3760,"href":"https:\/\/megawash.dk\/de\/wp-json\/wp\/v2\/pages\/3022\/revisions\/3760"}],"wp:featuredmedia":[{"embeddable":true,"href":"https:\/\/megawash.dk\/de\/wp-json\/wp\/v2\/media\/2893"}],"wp:attachment":[{"href":"https:\/\/megawash.dk\/de\/wp-json\/wp\/v2\/media?parent=3022"}],"wp:term":[{"taxonomy":"category","embeddable":true,"href":"https:\/\/megawash.dk\/de\/wp-json\/wp\/v2\/categories?post=3022"}],"curies":[{"name":"wp","href":"https:\/\/api.w.org\/{rel}","templated":true}]}}