{"id":3019,"date":"2021-06-29T11:13:32","date_gmt":"2021-06-29T09:13:32","guid":{"rendered":"https:\/\/megawash.dk\/betriebsvereinbarungen\/"},"modified":"2025-06-13T09:13:32","modified_gmt":"2025-06-13T07:13:32","slug":"betriebsvereinbarungen","status":"publish","type":"page","link":"https:\/\/megawash.dk\/de\/betriebsvereinbarungen\/","title":{"rendered":"Betriebsvereinbarungen"},"content":{"rendered":"<section class=\"wpb-content-wrapper\"><p>[vc_row full_width=&#8220;stretch_row&#8220;][vc_column]<div class=\"ult-spacer spacer-69ed340acd822\" data-id=\"69ed340acd822\" data-height=\"90\" data-height-mobile=\"60\" data-height-tab=\"90\" data-height-tab-portrait=\"60\" data-height-mobile-landscape=\"60\" style=\"clear:both;display:block;\"><\/div>[vc_row_inner][vc_column_inner offset=&#8220;vc_col-lg-8 vc_col-md-8 vc_col-xs-12&#8243;][vc_column_text]<\/p>\n<h2>Mit unserer Gr\u00f6\u00dfe k\u00f6nnen wir schnell und effizient gro\u00dfe Mengen von LKW und Verpackungen waschen und desinfizieren.<\/h2>\n<h3>MegaWash A\/S ist bereit, mit allen unseren Stammkunden eine individuelle Vereinbarung zu treffen &#8211; mit uns erhalten Sie sowohl finanzielle Vorteile als auch erh\u00f6hte Flexibilit\u00e4t.<\/h3>\n<p>Keiner unserer Kunden ist gleich, deshalb passen wir die Vereinbarung an den einzelnen Kunden an. Mit anderen Worten, bei MegaWash gibt es kein Standardrezept.<\/p>\n<p>Wir bestehen immer darauf, Ihre genauen Bed\u00fcrfnisse zu ermitteln, bevor wir eine Vereinbarung treffen.<\/p>\n<p><strong>Kurz gesagt: Alle unsere Kunden, ob gro\u00df oder klein, erhalten unsere volle Aufmerksamkeit.<\/strong><\/p>\n<p>Unsere Vereinbarungen k\u00f6nnen alles umfassen, vom Waschen und Desinfizieren von Lastwagen, Anh\u00e4ngern und Tiertransportern bis hin zum Waschen und Desinfizieren von Fleischhaken, Kleiderb\u00fcgeln, E1-Kisten, E2-Kisten und gro\u00dfen Kisten.<\/p>\n<p>Denken Sie daran, dass wir Ihnen auch bei der Vermietung von Fleischhaken und Kleiderb\u00fcgeln behilflich sein k\u00f6nnen.<\/p>\n<p>MegaWash er altid klar til at indg\u00e5 firmaaftaler med seri\u00f8se samarbejdspartnere som vognm\u00e6nd, spedit\u00f8rer og slagterier &#8211; der vil holde deres lastbiler og trailere i ren og pr\u00e6sentabel stand. En fast aftale kan spare dig for mange penge, allerede den f\u00f8rste m\u00e5ned.<\/p>\n<p>MegaWash ist immer bereit, Betriebsvereinbarungen mit seri\u00f6sen Gesch\u00e4ftspartnern wie Truckern, Spediteuren und Schlachth\u00f6fen abzuschlie\u00dfen, die ihre LKW und Anh\u00e4nger in einem sauberen und ansehnlichen Zustand halten. Mit einem Festvertrag k\u00f6nnen Sie bereits im ersten Monat viel Geld sparen.<\/p>\n<p>Dar\u00fcber hinaus haben wir unsere eigenen LKW in Vejle und Padborg, was bedeutet, dass wir die M\u00f6glichkeit haben, Anh\u00e4nger in einem bestimmten Umkreis von Vejle und Padborg abzuholen und zu liefern. Somit haben Sie die M\u00f6glichkeit, uns die Reinigung zu \u00fcberlassen w\u00e4hrend der Anh\u00e4nger nicht im Einsatz ist &#8211; so sparen Sie Geld und Zeit.[\/vc_column_text][vc_empty_space height=&#8220;30px&#8220;]<div class=\"ult-spacer spacer-69ed340acd89b\" data-id=\"69ed340acd89b\" data-height=\"0\" data-height-mobile=\"30\" data-height-tab=\"0\" data-height-tab-portrait=\"30\" data-height-mobile-landscape=\"30\" style=\"clear:both;display:block;\"><\/div>[\/vc_column_inner][vc_column_inner offset=&#8220;vc_col-lg-4 vc_col-md-4 vc_col-xs-12&#8243;][vc_widget_sidebar sidebar_id=&#8220;sidebar-2&#8243; el_class=&#8220;kf&#8220;][\/vc_column_inner][\/vc_row_inner]<div class=\"ult-spacer spacer-69ed340acd8eb\" data-id=\"69ed340acd8eb\" data-height=\"90\" data-height-mobile=\"60\" data-height-tab=\"90\" data-height-tab-portrait=\"60\" data-height-mobile-landscape=\"60\" style=\"clear:both;display:block;\"><\/div>[\/vc_column][\/vc_row]<\/p>\n<\/section>","protected":false},"excerpt":{"rendered":"<p>Alle Kunden, ob gro\u00df oder klein, genie\u00dfen unsere besondere Aufmerksamkeit<\/p>\n","protected":false},"author":1,"featured_media":3496,"parent":0,"menu_order":3,"comment_status":"closed","ping_status":"closed","template":"","meta":{"footnotes":""},"categories":[31],"class_list":{"0":"post-3019","1":"page","2":"type-page","3":"status-publish","4":"has-post-thumbnail","6":"category-fokus-de"},"yoast_head":"<!-- This site is optimized with the Yoast SEO plugin v21.6 - https:\/\/yoast.com\/wordpress\/plugins\/seo\/ -->\n<title>Betriebsvereinbarungen &#183; MegaWash<\/title>\n<meta name=\"robots\" content=\"index, follow, max-snippet:-1, max-image-preview:large, max-video-preview:-1\" \/>\n<link rel=\"canonical\" href=\"https:\/\/megawash.dk\/de\/betriebsvereinbarungen\/\" \/>\n<meta property=\"og:locale\" content=\"de_DE\" \/>\n<meta property=\"og:type\" content=\"article\" \/>\n<meta property=\"og:title\" content=\"Betriebsvereinbarungen &#183; MegaWash\" \/>\n<meta property=\"og:description\" content=\"Alle Kunden, ob gro\u00df oder klein, genie\u00dfen unsere besondere Aufmerksamkeit\" \/>\n<meta property=\"og:url\" content=\"https:\/\/megawash.dk\/de\/betriebsvereinbarungen\/\" \/>\n<meta property=\"og:site_name\" content=\"MegaWash\" \/>\n<meta property=\"article:modified_time\" content=\"2025-06-13T07:13:32+00:00\" \/>\n<meta property=\"og:image\" content=\"https:\/\/megawash.dk\/wp-content\/uploads\/2024\/11\/firmaaftale-1.png\" \/>\n\t<meta property=\"og:image:width\" content=\"1500\" \/>\n\t<meta property=\"og:image:height\" content=\"1080\" \/>\n\t<meta property=\"og:image:type\" content=\"image\/png\" \/>\n<meta name=\"twitter:card\" content=\"summary_large_image\" \/>\n<meta name=\"twitter:label1\" content=\"Gesch\u00e4tzte Lesezeit\" \/>\n\t<meta name=\"twitter:data1\" content=\"2\u00a0Minuten\" \/>\n<script type=\"application\/ld+json\" class=\"yoast-schema-graph\">{\"@context\":\"https:\/\/schema.org\",\"@graph\":[{\"@type\":\"WebPage\",\"@id\":\"https:\/\/megawash.dk\/de\/betriebsvereinbarungen\/\",\"url\":\"https:\/\/megawash.dk\/de\/betriebsvereinbarungen\/\",\"name\":\"Betriebsvereinbarungen &#183; MegaWash\",\"isPartOf\":{\"@id\":\"https:\/\/megawash.dk\/de\/#website\"},\"datePublished\":\"2021-06-29T09:13:32+00:00\",\"dateModified\":\"2025-06-13T07:13:32+00:00\",\"breadcrumb\":{\"@id\":\"https:\/\/megawash.dk\/de\/betriebsvereinbarungen\/#breadcrumb\"},\"inLanguage\":\"de\",\"potentialAction\":[{\"@type\":\"ReadAction\",\"target\":[\"https:\/\/megawash.dk\/de\/betriebsvereinbarungen\/\"]}]},{\"@type\":\"BreadcrumbList\",\"@id\":\"https:\/\/megawash.dk\/de\/betriebsvereinbarungen\/#breadcrumb\",\"itemListElement\":[{\"@type\":\"ListItem\",\"position\":1,\"name\":\"Hjem\",\"item\":\"https:\/\/megawash.dk\/de\/\"},{\"@type\":\"ListItem\",\"position\":2,\"name\":\"Betriebsvereinbarungen\"}]},{\"@type\":\"WebSite\",\"@id\":\"https:\/\/megawash.dk\/de\/#website\",\"url\":\"https:\/\/megawash.dk\/de\/\",\"name\":\"MegaWash\",\"description\":\"Vaskehal til lastbiler og kassevogn i \u00c5rhus og Recharge City: Vask af lastbil\",\"publisher\":{\"@id\":\"https:\/\/megawash.dk\/de\/#organization\"},\"potentialAction\":[{\"@type\":\"SearchAction\",\"target\":{\"@type\":\"EntryPoint\",\"urlTemplate\":\"https:\/\/megawash.dk\/de\/?s={search_term_string}\"},\"query-input\":\"required name=search_term_string\"}],\"inLanguage\":\"de\"},{\"@type\":\"Organization\",\"@id\":\"https:\/\/megawash.dk\/de\/#organization\",\"name\":\"MegaWash\",\"url\":\"https:\/\/megawash.dk\/de\/\",\"logo\":{\"@type\":\"ImageObject\",\"inLanguage\":\"de\",\"@id\":\"https:\/\/megawash.dk\/de\/#\/schema\/logo\/image\/\",\"url\":\"https:\/\/megawash.dk\/wp-content\/uploads\/2023\/04\/megawash-logo-pantone-2727c-2798c.png\",\"contentUrl\":\"https:\/\/megawash.dk\/wp-content\/uploads\/2023\/04\/megawash-logo-pantone-2727c-2798c.png\",\"width\":2048,\"height\":1046,\"caption\":\"MegaWash\"},\"image\":{\"@id\":\"https:\/\/megawash.dk\/de\/#\/schema\/logo\/image\/\"}}]}<\/script>\n<!-- \/ Yoast SEO plugin. -->","yoast_head_json":{"title":"Betriebsvereinbarungen &#183; MegaWash","robots":{"index":"index","follow":"follow","max-snippet":"max-snippet:-1","max-image-preview":"max-image-preview:large","max-video-preview":"max-video-preview:-1"},"canonical":"https:\/\/megawash.dk\/de\/betriebsvereinbarungen\/","og_locale":"de_DE","og_type":"article","og_title":"Betriebsvereinbarungen &#183; MegaWash","og_description":"Alle Kunden, ob gro\u00df oder klein, genie\u00dfen unsere besondere Aufmerksamkeit","og_url":"https:\/\/megawash.dk\/de\/betriebsvereinbarungen\/","og_site_name":"MegaWash","article_modified_time":"2025-06-13T07:13:32+00:00","og_image":[{"width":1500,"height":1080,"url":"https:\/\/megawash.dk\/wp-content\/uploads\/2024\/11\/firmaaftale-1.png","type":"image\/png"}],"twitter_card":"summary_large_image","twitter_misc":{"Gesch\u00e4tzte Lesezeit":"2\u00a0Minuten"},"schema":{"@context":"https:\/\/schema.org","@graph":[{"@type":"WebPage","@id":"https:\/\/megawash.dk\/de\/betriebsvereinbarungen\/","url":"https:\/\/megawash.dk\/de\/betriebsvereinbarungen\/","name":"Betriebsvereinbarungen &#183; MegaWash","isPartOf":{"@id":"https:\/\/megawash.dk\/de\/#website"},"datePublished":"2021-06-29T09:13:32+00:00","dateModified":"2025-06-13T07:13:32+00:00","breadcrumb":{"@id":"https:\/\/megawash.dk\/de\/betriebsvereinbarungen\/#breadcrumb"},"inLanguage":"de","potentialAction":[{"@type":"ReadAction","target":["https:\/\/megawash.dk\/de\/betriebsvereinbarungen\/"]}]},{"@type":"BreadcrumbList","@id":"https:\/\/megawash.dk\/de\/betriebsvereinbarungen\/#breadcrumb","itemListElement":[{"@type":"ListItem","position":1,"name":"Hjem","item":"https:\/\/megawash.dk\/de\/"},{"@type":"ListItem","position":2,"name":"Betriebsvereinbarungen"}]},{"@type":"WebSite","@id":"https:\/\/megawash.dk\/de\/#website","url":"https:\/\/megawash.dk\/de\/","name":"MegaWash","description":"Vaskehal til lastbiler og kassevogn i \u00c5rhus og Recharge City: Vask af lastbil","publisher":{"@id":"https:\/\/megawash.dk\/de\/#organization"},"potentialAction":[{"@type":"SearchAction","target":{"@type":"EntryPoint","urlTemplate":"https:\/\/megawash.dk\/de\/?s={search_term_string}"},"query-input":"required name=search_term_string"}],"inLanguage":"de"},{"@type":"Organization","@id":"https:\/\/megawash.dk\/de\/#organization","name":"MegaWash","url":"https:\/\/megawash.dk\/de\/","logo":{"@type":"ImageObject","inLanguage":"de","@id":"https:\/\/megawash.dk\/de\/#\/schema\/logo\/image\/","url":"https:\/\/megawash.dk\/wp-content\/uploads\/2023\/04\/megawash-logo-pantone-2727c-2798c.png","contentUrl":"https:\/\/megawash.dk\/wp-content\/uploads\/2023\/04\/megawash-logo-pantone-2727c-2798c.png","width":2048,"height":1046,"caption":"MegaWash"},"image":{"@id":"https:\/\/megawash.dk\/de\/#\/schema\/logo\/image\/"}}]}},"_links":{"self":[{"href":"https:\/\/megawash.dk\/de\/wp-json\/wp\/v2\/pages\/3019","targetHints":{"allow":["GET"]}}],"collection":[{"href":"https:\/\/megawash.dk\/de\/wp-json\/wp\/v2\/pages"}],"about":[{"href":"https:\/\/megawash.dk\/de\/wp-json\/wp\/v2\/types\/page"}],"author":[{"embeddable":true,"href":"https:\/\/megawash.dk\/de\/wp-json\/wp\/v2\/users\/1"}],"replies":[{"embeddable":true,"href":"https:\/\/megawash.dk\/de\/wp-json\/wp\/v2\/comments?post=3019"}],"version-history":[{"count":4,"href":"https:\/\/megawash.dk\/de\/wp-json\/wp\/v2\/pages\/3019\/revisions"}],"predecessor-version":[{"id":3776,"href":"https:\/\/megawash.dk\/de\/wp-json\/wp\/v2\/pages\/3019\/revisions\/3776"}],"wp:featuredmedia":[{"embeddable":true,"href":"https:\/\/megawash.dk\/de\/wp-json\/wp\/v2\/media\/3496"}],"wp:attachment":[{"href":"https:\/\/megawash.dk\/de\/wp-json\/wp\/v2\/media?parent=3019"}],"wp:term":[{"taxonomy":"category","embeddable":true,"href":"https:\/\/megawash.dk\/de\/wp-json\/wp\/v2\/categories?post=3019"}],"curies":[{"name":"wp","href":"https:\/\/api.w.org\/{rel}","templated":true}]}}