{"id":3016,"date":"2021-06-29T11:13:32","date_gmt":"2021-06-29T09:13:32","guid":{"rendered":"https:\/\/megawash.dk\/anhaenger-waschen\/"},"modified":"2025-06-13T09:14:46","modified_gmt":"2025-06-13T07:14:46","slug":"anhaenger-waschen","status":"publish","type":"page","link":"https:\/\/megawash.dk\/de\/anhaenger-waschen\/","title":{"rendered":"Anh\u00e4nger waschen"},"content":{"rendered":"<section class=\"wpb-content-wrapper\"><p>[vc_row full_width=&#8220;stretch_row&#8220;][vc_column]<div class=\"ult-spacer spacer-69ecf06a7992b\" data-id=\"69ecf06a7992b\" data-height=\"90\" data-height-mobile=\"60\" data-height-tab=\"90\" data-height-tab-portrait=\"60\" data-height-mobile-landscape=\"60\" style=\"clear:both;display:block;\"><\/div>[vc_row_inner][vc_column_inner offset=&#8220;vc_col-lg-8 vc_col-md-8 vc_col-xs-12&#8243;][vc_column_text]<\/p>\n<h2>Bei MegaWash reinigen wir viele Auflieger \u2013 sowohl innen als auch au\u00dfen.<\/h2>\n<p>Die Reinigung Ihrer Auflieger bei MegaWash ist eine kosteng\u00fcnstige und effiziente Methode, um sicherzustellen, dass der Name und das Logo Ihres Unternehmens sch\u00f6n, sauber und ansehnlich pr\u00e4sentiert werden und einen guten Eindruck hinterlassen.<\/p>\n<p>Viele entscheiden sich daf\u00fcr, ihre Auflieger oft zu reinigen, da ein sauberer Auflieger einen sch\u00f6neren Eindruck vom Unternehmen vermittelt als ein Trailer, bei dem Firmenname und Logo nicht zu sehen sind.<\/p>\n<p>Sowohl in Padborg als auch in Vejle k\u00f6nnen wir Anh\u00e4nger in unmittelbarer N\u00e4he unserer Autowaschanlagen abholen. Das bedeutet, dass MegaWash die Abholung und R\u00fcckgabe Ihres Anh\u00e4ngers mit unseren eigenen LKW \u00fcbernehmen kann. Infolgedessen kann MegaWash die Anh\u00e4nger waschen, wenn sie nicht verwendet werden, was Ihnen als Unternehmen die M\u00f6glichkeit gibt, die Effizienz zu verbessern und sowohl Geld als auch Zeit beim Waschen und bei den Anh\u00e4ngern zu sparen. Die Anh\u00e4nger sind einsatzbereit, wenn sie gebraucht werden.<\/p>\n<h4>Innenreinigung von K\u00fchl-, Fisch- und begehbaren Aufliegern.<\/h4>\n<p>Die Innenreinigung von Anh\u00e4ngern, die f\u00fcr den Transport von frischen Lebensmitteln verwendet wurden, muss absolut korrekt und sachgerecht durchgef\u00fchrt werden, damit die Anh\u00e4nger von den Herstellern nicht zur\u00fcckgewiesen werden.<\/p>\n<p>Bei MegaWash tun wir viel daf\u00fcr, dass die Reinigung des Anh\u00e4ngers qualitativ korrekt durchgef\u00fchrt wird. Daher haben wir in Zusammenarbeit mit unserem Seifenlieferanten daf\u00fcr gesorgt, dass wir die optimale Seife und in den richtigen Mengen verwenden. Wir haben auch daf\u00fcr gesorgt, dass wir sowohl f\u00fcr die Au\u00dfen- als auch f\u00fcr die Innenreinigung des Anh\u00e4ngers die richtigen Seifen haben. Unsere Mitarbeiter sind in der Durchf\u00fchrung einer guten W\u00e4sche geschult und folgen beim Waschen einer detaillierten Arbeitsbeschreibung.<\/p>\n<p>Nach der Reinigung werden alle Auflieger mit einem Siegel von MegaWash versiegelt, damit die Hersteller erkennen k\u00f6nnen, dass die W\u00e4sche bei uns professionell durchgef\u00fchrt wurde..<\/p>\n<p>MegaWash sorgt daf\u00fcr, dass Sie als Transporteur saubere Auflieger haben.<br \/>\nAlle Trailer werden nach jeder Reinigung entsprechend versiegelt, sodass nachvollziehbar ist, dass die Reinigung professionell durch uns durchgef\u00fchrt wurde.[\/vc_column_text]<div class=\"ult-spacer spacer-69ecf06a7997a\" data-id=\"69ecf06a7997a\" data-height=\"0\" data-height-mobile=\"30\" data-height-tab=\"0\" data-height-tab-portrait=\"30\" data-height-mobile-landscape=\"30\" style=\"clear:both;display:block;\"><\/div>[\/vc_column_inner][vc_column_inner offset=&#8220;vc_col-lg-4 vc_col-md-4 vc_col-xs-12&#8243;][vc_widget_sidebar sidebar_id=&#8220;sidebar-2&#8243; el_class=&#8220;kf&#8220;][\/vc_column_inner][\/vc_row_inner]<div class=\"ult-spacer spacer-69ecf06a799a3\" data-id=\"69ecf06a799a3\" data-height=\"90\" data-height-mobile=\"60\" data-height-tab=\"90\" data-height-tab-portrait=\"60\" data-height-mobile-landscape=\"60\" style=\"clear:both;display:block;\"><\/div>[\/vc_column][\/vc_row][vc_row full_width=&#8220;stretch_row&#8220; css=&#8220;.vc_custom_1624970689165{background-image: url(https:\/\/megawash.dk\/wp-content\/uploads\/2021\/06\/iStock-1031587806-min-scaled.jpg?id=2755) !important;background-position: center !important;background-repeat: no-repeat !important;background-size: cover !important;}&#8220; el_class=&#8220;parallax&#8220;][vc_column]<div class=\"ult-spacer spacer-69ecf06a799c7\" data-id=\"69ecf06a799c7\" data-height=\"90\" data-height-mobile=\"60\" data-height-tab=\"90\" data-height-tab-portrait=\"60\" data-height-mobile-landscape=\"60\" style=\"clear:both;display:block;\"><\/div>[vc_row_inner equal_height=&#8220;yes&#8220;][vc_column_inner width=&#8220;1\/12&#8243; offset=&#8220;vc_col-lg-3 vc_col-md-2 vc_col-xs-12&#8243;][\/vc_column_inner][vc_column_inner width=&#8220;5\/6&#8243; css=&#8220;.vc_custom_1624970734785{margin-right: 30px !important;margin-left: 30px !important;padding-top: 30px !important;padding-right: 30px !important;padding-bottom: 30px !important;padding-left: 30px !important;background-color: rgba(255,255,255,0.9) !important;*background-color: rgb(255,255,255) !important;}&#8220; offset=&#8220;vc_col-lg-6 vc_col-md-8 vc_col-xs-12&#8243;][vc_column_text]<\/p>\n<h3 style=\"text-align: center;\">M\u00f6chten Sie ein unverbindliches Angebot?<\/h3>\n<p style=\"text-align: center;\">MegaWash ist immer bereit, ein Angebot f\u00fcr eine Wasch- oder Desinfektionsleitung f\u00fcr Ihr Unternehmen zu erstellen. F\u00fcr ein konkretes Angebot k\u00f6nnen Sie sich jederzeit gerne an uns wenden.<\/p>\n<p style=\"text-align: center;\">Sie erreichen uns unter <a href=\"mailto:kontakt@megawash.dk\">kontakt@megawash.dk<\/a> oder Sie erreichen uns \u00fcber den Men\u00fcpunkt <a href=\"\/de\/kontakt\/\">kontakt<\/a><\/p>\n<p>[\/vc_column_text][vc_empty_space height=&#8220;30px&#8220;][vc_btn title=&#8220;Kontaktieren Sie uns noch heute&#8220; style=&#8220;custom&#8220; custom_background=&#8220;#778174&#8243; custom_text=&#8220;#ffffff&#8220; shape=&#8220;square&#8220; size=&#8220;sm&#8220; align=&#8220;center&#8220; link=&#8220;url:https%3A%2F%2Fmegawash.dk%2Fde%2Fkontaktieren-sie-uns-noch-heute%2F|title:Kontaktieren%20Sie%20uns%20noch%20heute|&#8220;][\/vc_column_inner][vc_column_inner width=&#8220;1\/12&#8243; offset=&#8220;vc_col-lg-3 vc_col-md-2 vc_col-xs-12&#8243;][\/vc_column_inner][\/vc_row_inner]<div class=\"ult-spacer spacer-69ecf06a799e7\" data-id=\"69ecf06a799e7\" data-height=\"90\" data-height-mobile=\"60\" data-height-tab=\"90\" data-height-tab-portrait=\"60\" data-height-mobile-landscape=\"60\" style=\"clear:both;display:block;\"><\/div>[\/vc_column][\/vc_row]<\/p>\n<\/section>","protected":false},"excerpt":{"rendered":"<p>F\u00fcr einen reinen Transport!<\/p>\n","protected":false},"author":1,"featured_media":3499,"parent":0,"menu_order":4,"comment_status":"closed","ping_status":"closed","template":"","meta":{"footnotes":""},"categories":[31],"class_list":{"0":"post-3016","1":"page","2":"type-page","3":"status-publish","4":"has-post-thumbnail","6":"category-fokus-de"},"yoast_head":"<!-- This site is optimized with the Yoast SEO plugin v21.6 - https:\/\/yoast.com\/wordpress\/plugins\/seo\/ -->\n<title>Anh\u00e4nger waschen &#183; MegaWash<\/title>\n<meta name=\"robots\" content=\"index, follow, max-snippet:-1, max-image-preview:large, max-video-preview:-1\" \/>\n<link rel=\"canonical\" href=\"https:\/\/megawash.dk\/de\/anhaenger-waschen\/\" \/>\n<meta property=\"og:locale\" content=\"de_DE\" \/>\n<meta property=\"og:type\" content=\"article\" \/>\n<meta property=\"og:title\" content=\"Anh\u00e4nger waschen &#183; MegaWash\" \/>\n<meta property=\"og:description\" content=\"F\u00fcr einen reinen Transport!\" \/>\n<meta property=\"og:url\" content=\"https:\/\/megawash.dk\/de\/anhaenger-waschen\/\" \/>\n<meta property=\"og:site_name\" content=\"MegaWash\" \/>\n<meta property=\"article:modified_time\" content=\"2025-06-13T07:14:46+00:00\" \/>\n<meta property=\"og:image\" content=\"https:\/\/megawash.dk\/wp-content\/uploads\/2024\/11\/trailer-vask-1.png\" \/>\n\t<meta property=\"og:image:width\" content=\"1500\" \/>\n\t<meta property=\"og:image:height\" content=\"1080\" \/>\n\t<meta property=\"og:image:type\" content=\"image\/png\" \/>\n<meta name=\"twitter:card\" content=\"summary_large_image\" \/>\n<meta name=\"twitter:label1\" content=\"Gesch\u00e4tzte Lesezeit\" \/>\n\t<meta name=\"twitter:data1\" content=\"3\u00a0Minuten\" \/>\n<script type=\"application\/ld+json\" class=\"yoast-schema-graph\">{\"@context\":\"https:\/\/schema.org\",\"@graph\":[{\"@type\":\"WebPage\",\"@id\":\"https:\/\/megawash.dk\/de\/anhaenger-waschen\/\",\"url\":\"https:\/\/megawash.dk\/de\/anhaenger-waschen\/\",\"name\":\"Anh\u00e4nger waschen &#183; MegaWash\",\"isPartOf\":{\"@id\":\"https:\/\/megawash.dk\/de\/#website\"},\"datePublished\":\"2021-06-29T09:13:32+00:00\",\"dateModified\":\"2025-06-13T07:14:46+00:00\",\"breadcrumb\":{\"@id\":\"https:\/\/megawash.dk\/de\/anhaenger-waschen\/#breadcrumb\"},\"inLanguage\":\"de\",\"potentialAction\":[{\"@type\":\"ReadAction\",\"target\":[\"https:\/\/megawash.dk\/de\/anhaenger-waschen\/\"]}]},{\"@type\":\"BreadcrumbList\",\"@id\":\"https:\/\/megawash.dk\/de\/anhaenger-waschen\/#breadcrumb\",\"itemListElement\":[{\"@type\":\"ListItem\",\"position\":1,\"name\":\"Hjem\",\"item\":\"https:\/\/megawash.dk\/de\/\"},{\"@type\":\"ListItem\",\"position\":2,\"name\":\"Anh\u00e4nger waschen\"}]},{\"@type\":\"WebSite\",\"@id\":\"https:\/\/megawash.dk\/de\/#website\",\"url\":\"https:\/\/megawash.dk\/de\/\",\"name\":\"MegaWash\",\"description\":\"Vaskehal til lastbiler og kassevogn i \u00c5rhus og Recharge City: Vask af lastbil\",\"publisher\":{\"@id\":\"https:\/\/megawash.dk\/de\/#organization\"},\"potentialAction\":[{\"@type\":\"SearchAction\",\"target\":{\"@type\":\"EntryPoint\",\"urlTemplate\":\"https:\/\/megawash.dk\/de\/?s={search_term_string}\"},\"query-input\":\"required name=search_term_string\"}],\"inLanguage\":\"de\"},{\"@type\":\"Organization\",\"@id\":\"https:\/\/megawash.dk\/de\/#organization\",\"name\":\"MegaWash\",\"url\":\"https:\/\/megawash.dk\/de\/\",\"logo\":{\"@type\":\"ImageObject\",\"inLanguage\":\"de\",\"@id\":\"https:\/\/megawash.dk\/de\/#\/schema\/logo\/image\/\",\"url\":\"https:\/\/megawash.dk\/wp-content\/uploads\/2023\/04\/megawash-logo-pantone-2727c-2798c.png\",\"contentUrl\":\"https:\/\/megawash.dk\/wp-content\/uploads\/2023\/04\/megawash-logo-pantone-2727c-2798c.png\",\"width\":2048,\"height\":1046,\"caption\":\"MegaWash\"},\"image\":{\"@id\":\"https:\/\/megawash.dk\/de\/#\/schema\/logo\/image\/\"}}]}<\/script>\n<!-- \/ Yoast SEO plugin. -->","yoast_head_json":{"title":"Anh\u00e4nger waschen &#183; MegaWash","robots":{"index":"index","follow":"follow","max-snippet":"max-snippet:-1","max-image-preview":"max-image-preview:large","max-video-preview":"max-video-preview:-1"},"canonical":"https:\/\/megawash.dk\/de\/anhaenger-waschen\/","og_locale":"de_DE","og_type":"article","og_title":"Anh\u00e4nger waschen &#183; MegaWash","og_description":"F\u00fcr einen reinen Transport!","og_url":"https:\/\/megawash.dk\/de\/anhaenger-waschen\/","og_site_name":"MegaWash","article_modified_time":"2025-06-13T07:14:46+00:00","og_image":[{"url":"https:\/\/megawash.dk\/wp-content\/uploads\/2024\/11\/trailer-vask-1.png","width":1500,"height":1080,"type":"image\/png"}],"twitter_card":"summary_large_image","twitter_misc":{"Gesch\u00e4tzte Lesezeit":"3\u00a0Minuten"},"schema":{"@context":"https:\/\/schema.org","@graph":[{"@type":"WebPage","@id":"https:\/\/megawash.dk\/de\/anhaenger-waschen\/","url":"https:\/\/megawash.dk\/de\/anhaenger-waschen\/","name":"Anh\u00e4nger waschen &#183; MegaWash","isPartOf":{"@id":"https:\/\/megawash.dk\/de\/#website"},"datePublished":"2021-06-29T09:13:32+00:00","dateModified":"2025-06-13T07:14:46+00:00","breadcrumb":{"@id":"https:\/\/megawash.dk\/de\/anhaenger-waschen\/#breadcrumb"},"inLanguage":"de","potentialAction":[{"@type":"ReadAction","target":["https:\/\/megawash.dk\/de\/anhaenger-waschen\/"]}]},{"@type":"BreadcrumbList","@id":"https:\/\/megawash.dk\/de\/anhaenger-waschen\/#breadcrumb","itemListElement":[{"@type":"ListItem","position":1,"name":"Hjem","item":"https:\/\/megawash.dk\/de\/"},{"@type":"ListItem","position":2,"name":"Anh\u00e4nger waschen"}]},{"@type":"WebSite","@id":"https:\/\/megawash.dk\/de\/#website","url":"https:\/\/megawash.dk\/de\/","name":"MegaWash","description":"Vaskehal til lastbiler og kassevogn i \u00c5rhus og Recharge City: Vask af lastbil","publisher":{"@id":"https:\/\/megawash.dk\/de\/#organization"},"potentialAction":[{"@type":"SearchAction","target":{"@type":"EntryPoint","urlTemplate":"https:\/\/megawash.dk\/de\/?s={search_term_string}"},"query-input":"required name=search_term_string"}],"inLanguage":"de"},{"@type":"Organization","@id":"https:\/\/megawash.dk\/de\/#organization","name":"MegaWash","url":"https:\/\/megawash.dk\/de\/","logo":{"@type":"ImageObject","inLanguage":"de","@id":"https:\/\/megawash.dk\/de\/#\/schema\/logo\/image\/","url":"https:\/\/megawash.dk\/wp-content\/uploads\/2023\/04\/megawash-logo-pantone-2727c-2798c.png","contentUrl":"https:\/\/megawash.dk\/wp-content\/uploads\/2023\/04\/megawash-logo-pantone-2727c-2798c.png","width":2048,"height":1046,"caption":"MegaWash"},"image":{"@id":"https:\/\/megawash.dk\/de\/#\/schema\/logo\/image\/"}}]}},"_links":{"self":[{"href":"https:\/\/megawash.dk\/de\/wp-json\/wp\/v2\/pages\/3016","targetHints":{"allow":["GET"]}}],"collection":[{"href":"https:\/\/megawash.dk\/de\/wp-json\/wp\/v2\/pages"}],"about":[{"href":"https:\/\/megawash.dk\/de\/wp-json\/wp\/v2\/types\/page"}],"author":[{"embeddable":true,"href":"https:\/\/megawash.dk\/de\/wp-json\/wp\/v2\/users\/1"}],"replies":[{"embeddable":true,"href":"https:\/\/megawash.dk\/de\/wp-json\/wp\/v2\/comments?post=3016"}],"version-history":[{"count":5,"href":"https:\/\/megawash.dk\/de\/wp-json\/wp\/v2\/pages\/3016\/revisions"}],"predecessor-version":[{"id":3817,"href":"https:\/\/megawash.dk\/de\/wp-json\/wp\/v2\/pages\/3016\/revisions\/3817"}],"wp:featuredmedia":[{"embeddable":true,"href":"https:\/\/megawash.dk\/de\/wp-json\/wp\/v2\/media\/3499"}],"wp:attachment":[{"href":"https:\/\/megawash.dk\/de\/wp-json\/wp\/v2\/media?parent=3016"}],"wp:term":[{"taxonomy":"category","embeddable":true,"href":"https:\/\/megawash.dk\/de\/wp-json\/wp\/v2\/categories?post=3016"}],"curies":[{"name":"wp","href":"https:\/\/api.w.org\/{rel}","templated":true}]}}