{"id":3001,"date":"2021-06-29T11:13:32","date_gmt":"2021-06-29T09:13:32","guid":{"rendered":"https:\/\/megawash.dk\/desinfektion\/"},"modified":"2025-06-13T09:17:04","modified_gmt":"2025-06-13T07:17:04","slug":"desinfektion","status":"publish","type":"page","link":"https:\/\/megawash.dk\/de\/desinfektion\/","title":{"rendered":"Desinfektion"},"content":{"rendered":"<section class=\"wpb-content-wrapper\"><p>[vc_row full_width=&#8220;stretch_row&#8220;][vc_column]<div class=\"ult-spacer spacer-69e901853cc38\" data-id=\"69e901853cc38\" data-height=\"90\" data-height-mobile=\"60\" data-height-tab=\"90\" data-height-tab-portrait=\"60\" data-height-mobile-landscape=\"60\" style=\"clear:both;display:block;\"><\/div>[vc_row_inner][vc_column_inner offset=&#8220;vc_col-lg-8 vc_col-md-8 vc_col-xs-12&#8243;][vc_column_text]<\/p>\n<h2>MegaWash ist Ihr Experte f\u00fcr die Reinigung und Desinfektion von Lebensmitteltransporten \u2013 nicht nur von Frischfleisch, sondern auch von lebenden Tieren und vielem mehr.<\/h2>\n<p>MegaWash hilft Ihnen als LKW-Fahrer, Ihren LKW fertig zu machen, damit Sie am Abholort keinen \u00c4rger haben.<\/p>\n<p>Die ordnungsgem\u00e4\u00dfe Reinigung von K\u00fchlaufliegern ist Spezialistenarbeit, weshalb sich immer mehr Trucker und Spediteure daf\u00fcr entscheiden, MegaWash die Arbeit f\u00fcr sie erledigen zu lassen. So erhalten Sie immer eine professionelle und gr\u00fcndliche Reinigung, die in alle Ecken des K\u00fchlaufliegers gelangt. Anschlie\u00dfend versiegelt MegaWash den gereinigten K\u00fchlauflieger, sodass er absolut sauber ankommt. Ohne das Risiko, abgelehnt zu werden.<\/p>\n<p>Mittlerweile verzichten immer mehr Trucker auf die Reinigung der K\u00fchllaster selbst und lassen MegaWash die Arbeit erledigen. Wenn MegaWash A\/S den gereinigten K\u00fchlwagen liefert, wird er versiegelt. Dies ist eine Garantie daf\u00fcr, dass der Waggon absolut sauber ist, damit er an den Rampen der Schlachth\u00f6fe wieder beladen werden kann.<\/p>\n<h3>Desinfektion von Tiertransportern<\/h3>\n<p>MegaWash hat betr\u00e4chtliches Know-How in der Reinigung und Desinfektion von LKW f\u00fcr Tiertransporte gesammelt, insbesondere in Padborg. Unser Personal ist spezialisiert auf die Desinfektion von Lastwagen, die von jenseits der Grenze kommen. Nach der Reinigung stellen wir ein Zertifikat aus, in dem wir garantieren, dass Sie alle geltenden Anforderungen in diesem Bereich erf\u00fcllen.<\/p>\n<p>MegaWash wurde vom Branchenverband Landwirtschaft &amp; Ern\u00e4hrung f\u00fcr diese Reinigung ausgew\u00e4hlt. Ein Vertrauen, dem wir mit Stolz gerecht werden \u2013 in Form einer Qualit\u00e4tsreinigung von ca. 1000 Tiertransporte pro Monat.[\/vc_column_text]<div class=\"ult-spacer spacer-69e901853cc7f\" data-id=\"69e901853cc7f\" data-height=\"0\" data-height-mobile=\"30\" data-height-tab=\"0\" data-height-tab-portrait=\"30\" data-height-mobile-landscape=\"30\" style=\"clear:both;display:block;\"><\/div>[\/vc_column_inner][vc_column_inner offset=&#8220;vc_col-lg-4 vc_col-md-4 vc_col-xs-12&#8243;][vc_widget_sidebar sidebar_id=&#8220;sidebar-2&#8243; el_class=&#8220;kf&#8220;][\/vc_column_inner][\/vc_row_inner]<div class=\"ult-spacer spacer-69e901853cca3\" data-id=\"69e901853cca3\" data-height=\"90\" data-height-mobile=\"60\" data-height-tab=\"90\" data-height-tab-portrait=\"60\" data-height-mobile-landscape=\"60\" style=\"clear:both;display:block;\"><\/div>[\/vc_column][\/vc_row][vc_row full_width=&#8220;stretch_row&#8220; css=&#8220;.vc_custom_1624970689165{background-image: url(https:\/\/megawash.dk\/wp-content\/uploads\/2021\/06\/iStock-1031587806-min-scaled.jpg?id=2755) !important;background-position: center !important;background-repeat: no-repeat !important;background-size: cover !important;}&#8220; el_class=&#8220;parallax&#8220;][vc_column]<div class=\"ult-spacer spacer-69e901853ccc3\" data-id=\"69e901853ccc3\" data-height=\"90\" data-height-mobile=\"60\" data-height-tab=\"90\" data-height-tab-portrait=\"60\" data-height-mobile-landscape=\"60\" style=\"clear:both;display:block;\"><\/div>[vc_row_inner equal_height=&#8220;yes&#8220;][vc_column_inner width=&#8220;1\/12&#8243; offset=&#8220;vc_col-lg-3 vc_col-md-2 vc_col-xs-12&#8243;][\/vc_column_inner][vc_column_inner width=&#8220;5\/6&#8243; css=&#8220;.vc_custom_1624970734785{margin-right: 30px !important;margin-left: 30px !important;padding-top: 30px !important;padding-right: 30px !important;padding-bottom: 30px !important;padding-left: 30px !important;background-color: rgba(255,255,255,0.9) !important;*background-color: rgb(255,255,255) !important;}&#8220; offset=&#8220;vc_col-lg-6 vc_col-md-8 vc_col-xs-12&#8243;][vc_column_text]<\/p>\n<h3 style=\"text-align: center;\">M\u00f6chten Sie ein unverbindliches Angebot?<\/h3>\n<p style=\"text-align: center;\">MegaWash ist immer bereit, ein Angebot f\u00fcr eine Wasch- oder Desinfektionsleitung f\u00fcr Ihr Unternehmen zu erstellen. F\u00fcr ein konkretes Angebot k\u00f6nnen Sie sich jederzeit gerne an uns wenden.<\/p>\n<p style=\"text-align: center;\">Sie erreichen uns unter<a href=\"mailto:kontakt@megawash.dk\"> kontakt@megawash.dk<\/a> oder Sie erreichen uns \u00fcber den Men\u00fcpunkt <a href=\"\/de\/kontakt\/\">kontakt<\/a><\/p>\n<p>[\/vc_column_text][vc_empty_space height=&#8220;30px&#8220;][vc_btn title=&#8220;Kontaktieren Sie uns noch heute&#8220; style=&#8220;custom&#8220; custom_background=&#8220;#778174&#8243; custom_text=&#8220;#ffffff&#8220; shape=&#8220;square&#8220; size=&#8220;sm&#8220; align=&#8220;center&#8220; link=&#8220;url:https%3A%2F%2Fmegawash.dk%2Fde%2Fkontaktieren-sie-uns-noch-heute%2F|title:Kontaktieren%20Sie%20uns%20noch%20heute|&#8220;][\/vc_column_inner][vc_column_inner width=&#8220;1\/12&#8243; offset=&#8220;vc_col-lg-3 vc_col-md-2 vc_col-xs-12&#8243;][\/vc_column_inner][\/vc_row_inner]<div class=\"ult-spacer spacer-69e901853ccdf\" data-id=\"69e901853ccdf\" data-height=\"90\" data-height-mobile=\"60\" data-height-tab=\"90\" data-height-tab-portrait=\"60\" data-height-mobile-landscape=\"60\" style=\"clear:both;display:block;\"><\/div>[\/vc_column][\/vc_row]<\/p>\n<\/section>","protected":false},"excerpt":{"rendered":"<p>Wir erf\u00fcllen die strengen Anforderungen Ihrer Kunden.<\/p>\n","protected":false},"author":1,"featured_media":3493,"parent":0,"menu_order":6,"comment_status":"closed","ping_status":"closed","template":"","meta":{"footnotes":""},"categories":[31],"class_list":{"0":"post-3001","1":"page","2":"type-page","3":"status-publish","4":"has-post-thumbnail","6":"category-fokus-de"},"yoast_head":"<!-- This site is optimized with the Yoast SEO plugin v21.6 - https:\/\/yoast.com\/wordpress\/plugins\/seo\/ -->\n<title>Desinfektion &#183; MegaWash<\/title>\n<meta name=\"robots\" content=\"index, follow, max-snippet:-1, max-image-preview:large, max-video-preview:-1\" \/>\n<link rel=\"canonical\" href=\"https:\/\/megawash.dk\/de\/desinfektion\/\" \/>\n<meta property=\"og:locale\" content=\"de_DE\" \/>\n<meta property=\"og:type\" content=\"article\" \/>\n<meta property=\"og:title\" content=\"Desinfektion &#183; MegaWash\" \/>\n<meta property=\"og:description\" content=\"Wir erf\u00fcllen die strengen Anforderungen Ihrer Kunden.\" \/>\n<meta property=\"og:url\" content=\"https:\/\/megawash.dk\/de\/desinfektion\/\" \/>\n<meta property=\"og:site_name\" content=\"MegaWash\" \/>\n<meta property=\"article:modified_time\" content=\"2025-06-13T07:17:04+00:00\" \/>\n<meta property=\"og:image\" content=\"https:\/\/megawash.dk\/wp-content\/uploads\/2024\/11\/desinficere-1.png\" \/>\n\t<meta property=\"og:image:width\" content=\"1500\" \/>\n\t<meta property=\"og:image:height\" content=\"1080\" \/>\n\t<meta property=\"og:image:type\" content=\"image\/png\" \/>\n<meta name=\"twitter:card\" content=\"summary_large_image\" \/>\n<meta name=\"twitter:label1\" content=\"Gesch\u00e4tzte Lesezeit\" \/>\n\t<meta name=\"twitter:data1\" content=\"3\u00a0Minuten\" \/>\n<script type=\"application\/ld+json\" class=\"yoast-schema-graph\">{\"@context\":\"https:\/\/schema.org\",\"@graph\":[{\"@type\":\"WebPage\",\"@id\":\"https:\/\/megawash.dk\/de\/desinfektion\/\",\"url\":\"https:\/\/megawash.dk\/de\/desinfektion\/\",\"name\":\"Desinfektion &#183; MegaWash\",\"isPartOf\":{\"@id\":\"https:\/\/megawash.dk\/de\/#website\"},\"datePublished\":\"2021-06-29T09:13:32+00:00\",\"dateModified\":\"2025-06-13T07:17:04+00:00\",\"breadcrumb\":{\"@id\":\"https:\/\/megawash.dk\/de\/desinfektion\/#breadcrumb\"},\"inLanguage\":\"de\",\"potentialAction\":[{\"@type\":\"ReadAction\",\"target\":[\"https:\/\/megawash.dk\/de\/desinfektion\/\"]}]},{\"@type\":\"BreadcrumbList\",\"@id\":\"https:\/\/megawash.dk\/de\/desinfektion\/#breadcrumb\",\"itemListElement\":[{\"@type\":\"ListItem\",\"position\":1,\"name\":\"Hjem\",\"item\":\"https:\/\/megawash.dk\/de\/\"},{\"@type\":\"ListItem\",\"position\":2,\"name\":\"Desinfektion\"}]},{\"@type\":\"WebSite\",\"@id\":\"https:\/\/megawash.dk\/de\/#website\",\"url\":\"https:\/\/megawash.dk\/de\/\",\"name\":\"MegaWash\",\"description\":\"Vaskehal til lastbiler og kassevogn i \u00c5rhus og Recharge City: Vask af lastbil\",\"publisher\":{\"@id\":\"https:\/\/megawash.dk\/de\/#organization\"},\"potentialAction\":[{\"@type\":\"SearchAction\",\"target\":{\"@type\":\"EntryPoint\",\"urlTemplate\":\"https:\/\/megawash.dk\/de\/?s={search_term_string}\"},\"query-input\":\"required name=search_term_string\"}],\"inLanguage\":\"de\"},{\"@type\":\"Organization\",\"@id\":\"https:\/\/megawash.dk\/de\/#organization\",\"name\":\"MegaWash\",\"url\":\"https:\/\/megawash.dk\/de\/\",\"logo\":{\"@type\":\"ImageObject\",\"inLanguage\":\"de\",\"@id\":\"https:\/\/megawash.dk\/de\/#\/schema\/logo\/image\/\",\"url\":\"https:\/\/megawash.dk\/wp-content\/uploads\/2023\/04\/megawash-logo-pantone-2727c-2798c.png\",\"contentUrl\":\"https:\/\/megawash.dk\/wp-content\/uploads\/2023\/04\/megawash-logo-pantone-2727c-2798c.png\",\"width\":2048,\"height\":1046,\"caption\":\"MegaWash\"},\"image\":{\"@id\":\"https:\/\/megawash.dk\/de\/#\/schema\/logo\/image\/\"}}]}<\/script>\n<!-- \/ Yoast SEO plugin. -->","yoast_head_json":{"title":"Desinfektion &#183; MegaWash","robots":{"index":"index","follow":"follow","max-snippet":"max-snippet:-1","max-image-preview":"max-image-preview:large","max-video-preview":"max-video-preview:-1"},"canonical":"https:\/\/megawash.dk\/de\/desinfektion\/","og_locale":"de_DE","og_type":"article","og_title":"Desinfektion &#183; MegaWash","og_description":"Wir erf\u00fcllen die strengen Anforderungen Ihrer Kunden.","og_url":"https:\/\/megawash.dk\/de\/desinfektion\/","og_site_name":"MegaWash","article_modified_time":"2025-06-13T07:17:04+00:00","og_image":[{"url":"https:\/\/megawash.dk\/wp-content\/uploads\/2024\/11\/desinficere-1.png","width":1500,"height":1080,"type":"image\/png"}],"twitter_card":"summary_large_image","twitter_misc":{"Gesch\u00e4tzte Lesezeit":"3\u00a0Minuten"},"schema":{"@context":"https:\/\/schema.org","@graph":[{"@type":"WebPage","@id":"https:\/\/megawash.dk\/de\/desinfektion\/","url":"https:\/\/megawash.dk\/de\/desinfektion\/","name":"Desinfektion &#183; MegaWash","isPartOf":{"@id":"https:\/\/megawash.dk\/de\/#website"},"datePublished":"2021-06-29T09:13:32+00:00","dateModified":"2025-06-13T07:17:04+00:00","breadcrumb":{"@id":"https:\/\/megawash.dk\/de\/desinfektion\/#breadcrumb"},"inLanguage":"de","potentialAction":[{"@type":"ReadAction","target":["https:\/\/megawash.dk\/de\/desinfektion\/"]}]},{"@type":"BreadcrumbList","@id":"https:\/\/megawash.dk\/de\/desinfektion\/#breadcrumb","itemListElement":[{"@type":"ListItem","position":1,"name":"Hjem","item":"https:\/\/megawash.dk\/de\/"},{"@type":"ListItem","position":2,"name":"Desinfektion"}]},{"@type":"WebSite","@id":"https:\/\/megawash.dk\/de\/#website","url":"https:\/\/megawash.dk\/de\/","name":"MegaWash","description":"Vaskehal til lastbiler og kassevogn i \u00c5rhus og Recharge City: Vask af lastbil","publisher":{"@id":"https:\/\/megawash.dk\/de\/#organization"},"potentialAction":[{"@type":"SearchAction","target":{"@type":"EntryPoint","urlTemplate":"https:\/\/megawash.dk\/de\/?s={search_term_string}"},"query-input":"required name=search_term_string"}],"inLanguage":"de"},{"@type":"Organization","@id":"https:\/\/megawash.dk\/de\/#organization","name":"MegaWash","url":"https:\/\/megawash.dk\/de\/","logo":{"@type":"ImageObject","inLanguage":"de","@id":"https:\/\/megawash.dk\/de\/#\/schema\/logo\/image\/","url":"https:\/\/megawash.dk\/wp-content\/uploads\/2023\/04\/megawash-logo-pantone-2727c-2798c.png","contentUrl":"https:\/\/megawash.dk\/wp-content\/uploads\/2023\/04\/megawash-logo-pantone-2727c-2798c.png","width":2048,"height":1046,"caption":"MegaWash"},"image":{"@id":"https:\/\/megawash.dk\/de\/#\/schema\/logo\/image\/"}}]}},"_links":{"self":[{"href":"https:\/\/megawash.dk\/de\/wp-json\/wp\/v2\/pages\/3001","targetHints":{"allow":["GET"]}}],"collection":[{"href":"https:\/\/megawash.dk\/de\/wp-json\/wp\/v2\/pages"}],"about":[{"href":"https:\/\/megawash.dk\/de\/wp-json\/wp\/v2\/types\/page"}],"author":[{"embeddable":true,"href":"https:\/\/megawash.dk\/de\/wp-json\/wp\/v2\/users\/1"}],"replies":[{"embeddable":true,"href":"https:\/\/megawash.dk\/de\/wp-json\/wp\/v2\/comments?post=3001"}],"version-history":[{"count":4,"href":"https:\/\/megawash.dk\/de\/wp-json\/wp\/v2\/pages\/3001\/revisions"}],"predecessor-version":[{"id":3784,"href":"https:\/\/megawash.dk\/de\/wp-json\/wp\/v2\/pages\/3001\/revisions\/3784"}],"wp:featuredmedia":[{"embeddable":true,"href":"https:\/\/megawash.dk\/de\/wp-json\/wp\/v2\/media\/3493"}],"wp:attachment":[{"href":"https:\/\/megawash.dk\/de\/wp-json\/wp\/v2\/media?parent=3001"}],"wp:term":[{"taxonomy":"category","embeddable":true,"href":"https:\/\/megawash.dk\/de\/wp-json\/wp\/v2\/categories?post=3001"}],"curies":[{"name":"wp","href":"https:\/\/api.w.org\/{rel}","templated":true}]}}