{"id":2992,"date":"2021-06-29T11:13:32","date_gmt":"2021-06-29T09:13:32","guid":{"rendered":"https:\/\/megawash.dk\/vejle\/"},"modified":"2025-06-13T09:18:59","modified_gmt":"2025-06-13T07:18:59","slug":"vejle","status":"publish","type":"page","link":"https:\/\/megawash.dk\/de\/vejle\/","title":{"rendered":"Waschanlage in Vejle"},"content":{"rendered":"<section class=\"wpb-content-wrapper\"><p>[vc_row full_width=&#8220;stretch_row&#8220;][vc_column width=&#8220;4\/6&#8243;]<div class=\"ult-spacer spacer-69ed1b026dd9a\" data-id=\"69ed1b026dd9a\" data-height=\"90\" data-height-mobile=\"60\" data-height-tab=\"90\" data-height-tab-portrait=\"60\" data-height-mobile-landscape=\"60\" style=\"clear:both;display:block;\"><\/div>[vc_row_inner][vc_column_inner offset=&#8220;vc_col-lg-12 vc_col-md-12 vc_col-xs-12&#8243;][vc_column_text]<\/p>\n<h2>Willkommen in unserer Autowaschanlage in Vejle!<\/h2>\n<h3>In unserer Autowaschanlage in Vejle mit vier Waschstra\u00dfen k\u00f6nnen Sie Ihre Lkw rund um die Uhr, werktags und samstags von 6:00 bis 18:00 Uhr waschen lassen.<\/h3>\n<p>Alle unsere Waschstra\u00dfen sind besetzt, und unsere Mitarbeiter sorgen daf\u00fcr, dass die Maschine nicht an unzug\u00e4ngliche Stellen gelangt. Wir bieten au\u00dferdem die M\u00f6glichkeit, Anh\u00e4nger in unmittelbarer N\u00e4he unserer Waschanlage abzuholen, sodass wir uns gleichzeitig um Ihren Lkw und Anh\u00e4nger k\u00fcmmern k\u00f6nnen.<\/p>\n<p>Qualit\u00e4tsw\u00e4sche f\u00fcr Ihren Lkw<\/p>\n<p>Qualit\u00e4t ist unser Schl\u00fcsselwort, und wir \u00fcbernehmen stets die Verantwortung f\u00fcr die korrekte W\u00e4sche Ihres Lkw. In Zusammenarbeit mit unserem Lieferanten f\u00fcr Waschmittel und Chemikalien verwenden wir optimale Waschmittel und Dosierung. Unsere Mitarbeiter sind in der richtigen W\u00e4sche geschult, und f\u00fcr alle unsere W\u00e4schen gibt es detaillierte Arbeitsbeschreibungen.<\/p>\n<p>Ma\u00dfgeschneiderte Vereinbarung f\u00fcr alle Stammkunden<\/p>\n<p>Damit Ihre Lkw stets professionell und frisch gewaschen auf der Stra\u00dfe unterwegs sind, bieten wir allen unseren Stammkunden ma\u00dfgeschneiderte Vereinbarungen an \u2013 egal ob Gro\u00df- oder Kleinunternehmen. Wir passen unsere Vereinbarungen an Ihre Bed\u00fcrfnisse an, damit Sie stets einen repr\u00e4sentativen Lkw erhalten, der den professionellen Auftritt Ihres Unternehmens widerspiegelt.<\/p>\n<p>Spezialbehandlung f\u00fcr Ihren Lkw<\/p>\n<p>Wir bieten Ihnen au\u00dferdem zus\u00e4tzliche Spezialbehandlungen f\u00fcr Ihren Lkw an, darunter auch Rostschutz. Diese Behandlungen sorgen f\u00fcr eine l\u00e4ngere und langlebigere Lebensdauer Ihres Lkws. Kontaktieren Sie uns, um mehr \u00fcber unsere Spezialbehandlungen zu erfahren.<\/p>\n<p>Professionelle Lkw-W\u00e4sche in Vejle \u2013 Kontaktieren Sie uns noch heute<\/p>\n<p>Halten Sie Ihren Fuhrpark mit unserer effizienten Lkw-W\u00e4sche in Vejle in einem pr\u00e4sentablen Zustand. Kommen Sie vorbei und \u00fcberzeugen Sie sich selbst vom Unterschied. Kontaktieren Sie uns unter (+45) 75 72 37 11 oder administration@megawash.dk.[\/vc_column_text]<div class=\"ult-spacer spacer-69ed1b026dde4\" data-id=\"69ed1b026dde4\" data-height=\"0\" data-height-mobile=\"30\" data-height-tab=\"0\" data-height-tab-portrait=\"30\" data-height-mobile-landscape=\"30\" style=\"clear:both;display:block;\"><\/div>[vc_empty_space height=&#8220;60px&#8220;][vc_btn title=&#8220;Ring: (+45) 7572 3711&#8243; style=&#8220;custom&#8220; custom_background=&#8220;#2b5e45&#8243; custom_text=&#8220;#ffffff&#8220; shape=&#8220;square&#8220; align=&#8220;left&#8220; link=&#8220;url:tel%3A75723711|&#8220;][vc_empty_space height=&#8220;60px&#8220;][vc_raw_html]W2Zvcm1pbmF0b3JfZm9ybSBpZD0iNjYiXQ==[\/vc_raw_html][\/vc_column_inner][\/vc_row_inner]<div class=\"ult-spacer spacer-69ed1b026de0a\" data-id=\"69ed1b026de0a\" data-height=\"90\" data-height-mobile=\"60\" data-height-tab=\"90\" data-height-tab-portrait=\"60\" data-height-mobile-landscape=\"60\" style=\"clear:both;display:block;\"><\/div>[\/vc_column][vc_column width=&#8220;2\/6&#8243;]<div class=\"ult-spacer spacer-69ed1b026de2b\" data-id=\"69ed1b026de2b\" data-height=\"90\" data-height-mobile=\"60\" data-height-tab=\"90\" data-height-tab-portrait=\"60\" data-height-mobile-landscape=\"60\" style=\"clear:both;display:block;\"><\/div>[vc_widget_sidebar sidebar_id=&#8220;sidebar-2&#8243; el_class=&#8220;kf&#8220;][\/vc_column][\/vc_row][vc_row full_width=&#8220;stretch_row&#8220; css=&#8220;.vc_custom_1624967179343{background-color: #f7f7f7 !important;}&#8220;][vc_column]<div class=\"ult-spacer spacer-69ed1b026de49\" data-id=\"69ed1b026de49\" data-height=\"90\" data-height-mobile=\"60\" data-height-tab=\"90\" data-height-tab-portrait=\"60\" data-height-mobile-landscape=\"60\" style=\"clear:both;display:block;\"><\/div>[vc_column_text]<\/p>\n<h3>Besuchen Sie uns auf MegaWash Vejle<\/h3>\n<p>[\/vc_column_text][vc_empty_space height=&#8220;30px&#8220;][vc_raw_html]W3RhYmxlIGlkPTcgcmVzcG9uc2l2ZT1zdGFjayByZXNwb25zaXZlX2JyZWFrcG9pbnQ9InBob25lIiAvXQ==[\/vc_raw_html][vc_empty_space height=&#8220;30px&#8220;][vc_gmaps link=&#8220;#E-8_JTNDaWZyYW1lJTIwc3JjJTNEJTIyaHR0cHMlM0ElMkYlMkZ3d3cuZ29vZ2xlLmNvbSUyRm1hcHMlMkZlbWJlZCUzRnBiJTNEJTIxMW0xOCUyMTFtMTIlMjExbTMlMjExZDIwMDU1MS40NzY0NDI5OTY4OCUyMTJkOS41NjMxMDgzOTU5NTI2MDIlMjEzZDU1Ljc1NjM1NTQ5MDIyMDA0NSUyMTJtMyUyMTFmMCUyMTJmMCUyMTNmMCUyMTNtMiUyMTFpMTAyNCUyMTJpNzY4JTIxNGYxMy4xJTIxM20zJTIxMW0yJTIxMXMweDQ2NGM4MTVkOWM1ZGM0OWQlMjUzQTB4YTVkYmU2MzA5ZmIyMzFiOCUyMTJzRnJvc3R2ZWolMjUyMDFCJTI1MkMlMjUyMDcxMDAlMjUyMFZlamxlJTIxNWUwJTIxM20yJTIxMXNkYSUyMTJzZGslMjE0djE2MjQ5NjMyNDM4MTElMjE1bTIlMjExc2RhJTIxMnNkayUyMiUyMHdpZHRoJTNEJTIyNjAwJTIyJTIwaGVpZ2h0JTNEJTIyNDUwJTIyJTIwc3R5bGUlM0QlMjJib3JkZXIlM0EwJTNCJTIyJTIwYWxsb3dmdWxsc2NyZWVuJTNEJTIyJTIyJTIwbG9hZGluZyUzRCUyMmxhenklMjIlM0UlM0MlMkZpZnJhbWUlM0U=&#8220; size=&#8220;200px&#8220;]<div class=\"ult-spacer spacer-69ed1b026de67\" data-id=\"69ed1b026de67\" data-height=\"90\" data-height-mobile=\"60\" data-height-tab=\"90\" data-height-tab-portrait=\"60\" data-height-mobile-landscape=\"60\" style=\"clear:both;display:block;\"><\/div>[\/vc_column][\/vc_row][vc_row full_width=&#8220;stretch_row_content_no_spaces&#8220; equal_height=&#8220;yes&#8220;][vc_column width=&#8220;1\/2&#8243; el_class=&#8220;stretch&#8220;][vc_column_text]<\/p>\n<h3>Kundenzufriedenheit steht bei uns an erster Stelle<\/h3>\n<p>Wenn die W\u00e4sche nicht Ihren Erwartungen entspricht, haben wir immer ein offenes Ohr f\u00fcr Sie. Sie erreichen uns unter unserer Haupttelefonnummer und dann sorgen wir gerne daf\u00fcr, dass die richtige Person benachrichtigt wird, um f\u00fcr Sie eine L\u00f6sung zu finden.[\/vc_column_text][vc_empty_space height=&#8220;20px&#8220;][vc_btn title=&#8220;K\u00f6nnen wir f\u00fcr Sie etwas waschen, reinigen oder desinfizieren? Kontaktieren Sie uns uns wir finden eine L\u00f6sung f\u00fcr Sie.&#8220; style=&#8220;custom&#8220; custom_background=&#8220;#778174&#8243; custom_text=&#8220;#ffffff&#8220; shape=&#8220;square&#8220; size=&#8220;sm&#8220; link=&#8220;url:https%3A%2F%2Fmegawash.dk%2Fde%2Fkontaktieren-sie-uns-noch-heute%2F|title:Kontaktieren%20Sie%20uns%20noch%20heute|&#8220;][\/vc_column][vc_column width=&#8220;1\/2&#8243; css=&#8220;.vc_custom_1624966730618{background-image: url(https:\/\/megawash.dk\/wp-content\/uploads\/2021\/06\/iStock-1031587806-min-scaled.jpg?id=2755) !important;background-position: center !important;background-repeat: no-repeat !important;background-size: cover !important;}&#8220;]<div class=\"ult-spacer spacer-69ed1b026de8e\" data-id=\"69ed1b026de8e\" data-height=\"\" data-height-mobile=\"250\" data-height-tab=\"\" data-height-tab-portrait=\"400\" data-height-mobile-landscape=\"300\" style=\"clear:both;display:block;\"><\/div>[\/vc_column][\/vc_row][vc_row][vc_column][vc_raw_html]PHNjcmlwdCB0eXBlPSJhcHBsaWNhdGlvbi9sZCtqc29uIj4NCnsNCiAgIkBjb250ZXh0IjogImh0dHBzOi8vc2NoZW1hLm9yZyIsDQogICJAdHlwZSI6ICJMb2NhbEJ1c2luZXNzIiwNCiAgIm5hbWUiOiAiTWVnYSBXYXNoIFZlamxlIiwNCiAgImRlc2NyaXB0aW9uIjogIk1lZ2EgV2FzaCBpIFZlamxlIGVyIGVuIHN0b3J2b2duc3Zhc2ssIGRlciB0aWxieWRlciBsYXN0YmlsdmFzayBzYW10IHZhc2tlaGFsIHRpbCBrYXNzZXZvZ24uIERlc3VkZW4gdGlsYnlkZXIgZGUgdHJhaWxlcnZhc2sgc2FtdCBlbWJhbGxhZ2V2YXNrIG9nIGRlc2luZmVrdGlvbi4iLA0KICAiVkFUaWQiOiAiMzE4ODQxMzYiLA0KICAiaW1hZ2UiOiAiaHR0cHM6Ly9tZWdhd2FzaC5kay93cC1jb250ZW50L3VwbG9hZHMvMjAyMS8wNi9sb2dvLnBuZyIsDQogICJAaWQiOiAiaHR0cHM6Ly93d3cuZ29vZ2xlLmNvbS9zZWFyY2g\/cT1tZWdhK3dhc2gmcmx6PTFDMUdDRVVfZGFESzk2NkRLOTY2Jm9xPW1lZ2Erd2FzaCZhcXM9Y2hyb21lLi42OWk1N2o0NmkxNzVpMTk5aTUxMmwyajBpMTBpNTEyajQ2aTE3NWkxOTlpNTEyajY5aTYwbDMuMjA3NGowajcmc291cmNlaWQ9Y2hyb21lJmllPVVURi04IiwNCiAgInVybCI6ICJodHRwczovL21lZ2F3YXNoLmRrL3ZlamxlLyIsDQogICJ0ZWxlcGhvbmUiOiAiKzQ1NzU3MiAzNzExIiwNCiAgImVtYWlsIjogInZlamxlLnZhc2tAbWVnYXdhc2guZGsiLA0KICAiaGFzTWFwIjogImh0dHBzOi8vZ29vLmdsL21hcHMvRTNWODRXOUJNRnFrMnFMYzYiLA0KICAiYWRkcmVzcyI6IHsNCiAgICAiQHR5cGUiOiAiUG9zdGFsQWRkcmVzcyIsDQogICAgInN0cmVldEFkZHJlc3MiOiAiRnJvc3R2ZWogMUIiLA0KICAgICJhZGRyZXNzTG9jYWxpdHkiOiAiVmVqbGUiLA0KICAgICJwb3N0YWxDb2RlIjogIjcxMDAiLA0KICAgICJhZGRyZXNzQ291bnRyeSI6ICJESyIsDQogICAgImFkZHJlc3NyZWdpb24iOiAiSnlsbGFuZCINCiAgfSwNCiAgImdlbyI6IHsNCiAgICAiQHR5cGUiOiAiR2VvQ29vcmRpbmF0ZXMiLA0KICAgICJsYXRpdHVkZSI6IDU1Ljc0ODExOSwNCiAgICAibG9uZ2l0dWRlIjogOS41OTA4NTkNCiAgfSwNCiAgICAiYXJlYVNlcnZlZCI6IFt7DQogICAgICAiQHR5cGUiOiAiQ2l0eSIsDQogICAgICAibmFtZSI6ICBbIlZlamxlIiwgIkhlZGVuc3RlZCIsICJLb2xkaW5nIiwgIkZyZWRlcmljaWEiXQ0KICAgIH1dLA0KICAib3BlbmluZ0hvdXJzU3BlY2lmaWNhdGlvbiI6IFt7DQogICAgIkB0eXBlIjogIk9wZW5pbmdIb3Vyc1NwZWNpZmljYXRpb24iLA0KICAgICJkYXlPZldlZWsiOiBbDQogICAgICAiTW9uZGF5IiwNCiAgICAgICJUdWVzZGF5IiwNCiAgICAgICJXZWRuZXNkYXkiLA0KICAgICAgIlRodXJzZGF5IiwNCiAgICAgICJGcmlkYXkiDQogICAgXSwNCiAgICAib3BlbnMiOiAiMDY6MDAiLA0KICAgICJjbG9zZXMiOiAiMjI6MDAiDQogIH0sew0KICAgICJAdHlwZSI6ICJPcGVuaW5nSG91cnNTcGVjaWZpY2F0aW9uIiwNCiAgICAiZGF5T2ZXZWVrIjogIlNhdHVyZGF5IiwNCiAgICAib3BlbnMiOiAiMDY6MDAiLA0KICAgICJjbG9zZXMiOiAiMTg6MDAiDQogIH1dLA0KICAic2FtZUFzIjogWw0KICAgICJodHRwczovL2RhLWRrLmZhY2Vib29rLmNvbS9tZWdhd2FzaC5kay8iLA0KICAgICJodHRwczovL3d3dy5wcm9mZi5kay9maXJtYS9tZWdhLXdhc2gtYXMvdmVqbGUvYmlsdiVDMyVBNnJrc3RlZGVyL0dTOVJZRkkwMDY0LyIsDQogICAgImh0dHBzOi8vd3d3LmtyYWsuZGsvbWVnYSt3YXNoK2ElMkZzK3ZlamxlLzY2NTQzOTMzL2Zpcm1hIg0KICBdLA0KICAiaGFzT2ZmZXJDYXRhbG9nIjogew0KICAgICJAdHlwZSI6ICJPZmZlckNhdGFsb2ciLA0KICAgICJuYW1lIjogIk1lZ2EgV2FzaCIsDQogICAgIml0ZW1MaXN0RWxlbWVudCI6IFsNCiAgICAgIHsNCiAgICAgICAgICAgICJAdHlwZSI6ICJPZmZlciIsDQogICAgICAgICAgICAiaXRlbU9mZmVyZWQiOiB7DQogICAgICAgICAgICAgICJAdHlwZSI6ICJTZXJ2aWNlIiwNCiAgICAgICAgICAgICAgIm5hbWUiOiAiU3RvcnZvZ25zdmFzayINCiAgICAgICAgICAgIH0NCiAgICAgICAgICB9LA0Kew0KICAgICAgICAgICAgIkB0eXBlIjogIk9mZmVyIiwNCiAgICAgICAgICAgICJpdGVtT2ZmZXJlZCI6IHsNCiAgICAgICAgICAgICAgIkB0eXBlIjogIlNlcnZpY2UiLA0KICAgICAgICAgICAgICAibmFtZSI6ICJMYXN0YmlsdmFzayINCiAgICAgICAgICAgIH0NCiAgICAgICAgICB9LA0KICAgICAgew0KICAgICAgICAgICAgIkB0eXBlIjogIk9mZmVyIiwNCiAgICAgICAgICAgICJpdGVtT2ZmZXJlZCI6IHsNCiAgICAgICAgICAgICAgIkB0eXBlIjogIlNlcnZpY2UiLA0KICAgICAgICAgICAgICAibmFtZSI6ICJWYXNrZWhhbCB0aWwga2Fzc2V2b2duIg0KICAgICAgICAgICAgfQ0KICAgICAgICAgIH0sDQp7DQogICAgICAgICAgICAiQHR5cGUiOiAiT2ZmZXIiLA0KICAgICAgICAgICAgIml0ZW1PZmZlcmVkIjogew0KICAgICAgICAgICAgICAiQHR5cGUiOiAiU2VydmljZSIsDQogICAgICAgICAgICAgICJuYW1lIjogIlZhc2sgYWYgZW1iYWxsYWdlIg0KICAgICAgICAgICAgfQ0KICAgICAgICAgIH0sDQp7DQogICAgICAgICAgICAiQHR5cGUiOiAiT2ZmZXIiLA0KICAgICAgICAgICAgIml0ZW1PZmZlcmVkIjogew0KICAgICAgICAgICAgICAiQHR5cGUiOiAiU2VydmljZSIsDQogICAgICAgICAgICAgICJuYW1lIjogIkRlc2luZmVrdGlvbiINCiAgICAgICAgICAgIH0NCiAgICAgICAgICB9LA0Kew0KICAgICAgICAgICAgIkB0eXBlIjogIk9mZmVyIiwNCiAgICAgICAgICAgICJpdGVtT2ZmZXJlZCI6IHsNCiAgICAgICAgICAgICAgIkB0eXBlIjogIlNlcnZpY2UiLA0KICAgICAgICAgICAgICAibmFtZSI6ICJNYXRlcmlhbGViYW5rIg0KICAgICAgICAgICAgfQ0KICAgICAgICAgIH0NCiAgICAgXQ0KICB9DQoNCn0NCjwvc2NyaXB0Pg==[\/vc_raw_html][\/vc_column][\/vc_row]<\/p>\n<\/section>","protected":false},"excerpt":{"rendered":"<p>In Vejle bietet unsere Waschanlage werktags eine 24-Stunden-W\u00e4sche an sowie samstags von 6:00 bis 18:00 Uhr <\/p>\n","protected":false},"author":1,"featured_media":2889,"parent":0,"menu_order":9,"comment_status":"closed","ping_status":"closed","template":"","meta":{"footnotes":""},"categories":[],"class_list":["post-2992","page","type-page","status-publish","has-post-thumbnail"],"yoast_head":"<!-- This site is optimized with the Yoast SEO plugin v21.6 - https:\/\/yoast.com\/wordpress\/plugins\/seo\/ -->\n<title>LKW-Waschanlage in Vejle | Schnelle und effiziente Lkw-Waschanlage | Megawash A\/S<\/title>\n<meta name=\"description\" content=\"Bei Mega Wash in Vejle bieten wir das Waschen von LKWs, Anh\u00e4ngern und Verpackungen an. Klicken Sie hier, um mehr zu lesen und ein tolles Angebot zu erhalten!\" \/>\n<meta name=\"robots\" content=\"index, follow, max-snippet:-1, max-image-preview:large, max-video-preview:-1\" \/>\n<link rel=\"canonical\" href=\"https:\/\/megawash.dk\/de\/vejle\/\" \/>\n<meta property=\"og:locale\" content=\"de_DE\" \/>\n<meta property=\"og:type\" content=\"article\" \/>\n<meta property=\"og:title\" content=\"LKW-Waschanlage in Vejle | Schnelle und effiziente Lkw-Waschanlage | Megawash A\/S\" \/>\n<meta property=\"og:description\" content=\"Bei Mega Wash in Vejle bieten wir das Waschen von LKWs, Anh\u00e4ngern und Verpackungen an. Klicken Sie hier, um mehr zu lesen und ein tolles Angebot zu erhalten!\" \/>\n<meta property=\"og:url\" content=\"https:\/\/megawash.dk\/de\/vejle\/\" \/>\n<meta property=\"og:site_name\" content=\"MegaWash\" \/>\n<meta property=\"article:modified_time\" content=\"2025-06-13T07:18:59+00:00\" \/>\n<meta property=\"og:image\" content=\"https:\/\/megawash.dk\/wp-content\/uploads\/2021\/06\/Megawash_001-2000c.jpg\" \/>\n\t<meta property=\"og:image:width\" content=\"2000\" \/>\n\t<meta property=\"og:image:height\" content=\"1186\" \/>\n\t<meta property=\"og:image:type\" content=\"image\/jpeg\" \/>\n<meta name=\"twitter:card\" content=\"summary_large_image\" \/>\n<meta name=\"twitter:label1\" content=\"Gesch\u00e4tzte Lesezeit\" \/>\n\t<meta name=\"twitter:data1\" content=\"2\u00a0Minuten\" \/>\n<script type=\"application\/ld+json\" class=\"yoast-schema-graph\">{\"@context\":\"https:\/\/schema.org\",\"@graph\":[{\"@type\":\"WebPage\",\"@id\":\"https:\/\/megawash.dk\/de\/vejle\/\",\"url\":\"https:\/\/megawash.dk\/de\/vejle\/\",\"name\":\"LKW-Waschanlage in Vejle | Schnelle und effiziente Lkw-Waschanlage | Megawash A\/S\",\"isPartOf\":{\"@id\":\"https:\/\/megawash.dk\/de\/#website\"},\"datePublished\":\"2021-06-29T09:13:32+00:00\",\"dateModified\":\"2025-06-13T07:18:59+00:00\",\"description\":\"Bei Mega Wash in Vejle bieten wir das Waschen von LKWs, Anh\u00e4ngern und Verpackungen an. Klicken Sie hier, um mehr zu lesen und ein tolles Angebot zu erhalten!\",\"breadcrumb\":{\"@id\":\"https:\/\/megawash.dk\/de\/vejle\/#breadcrumb\"},\"inLanguage\":\"de\",\"potentialAction\":[{\"@type\":\"ReadAction\",\"target\":[\"https:\/\/megawash.dk\/de\/vejle\/\"]}]},{\"@type\":\"BreadcrumbList\",\"@id\":\"https:\/\/megawash.dk\/de\/vejle\/#breadcrumb\",\"itemListElement\":[{\"@type\":\"ListItem\",\"position\":1,\"name\":\"Hjem\",\"item\":\"https:\/\/megawash.dk\/de\/\"},{\"@type\":\"ListItem\",\"position\":2,\"name\":\"Waschanlage in Vejle\"}]},{\"@type\":\"WebSite\",\"@id\":\"https:\/\/megawash.dk\/de\/#website\",\"url\":\"https:\/\/megawash.dk\/de\/\",\"name\":\"MegaWash\",\"description\":\"Vaskehal til lastbiler og kassevogn i \u00c5rhus og Recharge City: Vask af lastbil\",\"publisher\":{\"@id\":\"https:\/\/megawash.dk\/de\/#organization\"},\"potentialAction\":[{\"@type\":\"SearchAction\",\"target\":{\"@type\":\"EntryPoint\",\"urlTemplate\":\"https:\/\/megawash.dk\/de\/?s={search_term_string}\"},\"query-input\":\"required name=search_term_string\"}],\"inLanguage\":\"de\"},{\"@type\":\"Organization\",\"@id\":\"https:\/\/megawash.dk\/de\/#organization\",\"name\":\"MegaWash\",\"url\":\"https:\/\/megawash.dk\/de\/\",\"logo\":{\"@type\":\"ImageObject\",\"inLanguage\":\"de\",\"@id\":\"https:\/\/megawash.dk\/de\/#\/schema\/logo\/image\/\",\"url\":\"https:\/\/megawash.dk\/wp-content\/uploads\/2023\/04\/megawash-logo-pantone-2727c-2798c.png\",\"contentUrl\":\"https:\/\/megawash.dk\/wp-content\/uploads\/2023\/04\/megawash-logo-pantone-2727c-2798c.png\",\"width\":2048,\"height\":1046,\"caption\":\"MegaWash\"},\"image\":{\"@id\":\"https:\/\/megawash.dk\/de\/#\/schema\/logo\/image\/\"}}]}<\/script>\n<!-- \/ Yoast SEO plugin. -->","yoast_head_json":{"title":"LKW-Waschanlage in Vejle | Schnelle und effiziente Lkw-Waschanlage | Megawash A\/S","description":"Bei Mega Wash in Vejle bieten wir das Waschen von LKWs, Anh\u00e4ngern und Verpackungen an. Klicken Sie hier, um mehr zu lesen und ein tolles Angebot zu erhalten!","robots":{"index":"index","follow":"follow","max-snippet":"max-snippet:-1","max-image-preview":"max-image-preview:large","max-video-preview":"max-video-preview:-1"},"canonical":"https:\/\/megawash.dk\/de\/vejle\/","og_locale":"de_DE","og_type":"article","og_title":"LKW-Waschanlage in Vejle | Schnelle und effiziente Lkw-Waschanlage | Megawash A\/S","og_description":"Bei Mega Wash in Vejle bieten wir das Waschen von LKWs, Anh\u00e4ngern und Verpackungen an. Klicken Sie hier, um mehr zu lesen und ein tolles Angebot zu erhalten!","og_url":"https:\/\/megawash.dk\/de\/vejle\/","og_site_name":"MegaWash","article_modified_time":"2025-06-13T07:18:59+00:00","og_image":[{"width":2000,"height":1186,"url":"https:\/\/megawash.dk\/wp-content\/uploads\/2021\/06\/Megawash_001-2000c.jpg","type":"image\/jpeg"}],"twitter_card":"summary_large_image","twitter_misc":{"Gesch\u00e4tzte Lesezeit":"2\u00a0Minuten"},"schema":{"@context":"https:\/\/schema.org","@graph":[{"@type":"WebPage","@id":"https:\/\/megawash.dk\/de\/vejle\/","url":"https:\/\/megawash.dk\/de\/vejle\/","name":"LKW-Waschanlage in Vejle | Schnelle und effiziente Lkw-Waschanlage | Megawash A\/S","isPartOf":{"@id":"https:\/\/megawash.dk\/de\/#website"},"datePublished":"2021-06-29T09:13:32+00:00","dateModified":"2025-06-13T07:18:59+00:00","description":"Bei Mega Wash in Vejle bieten wir das Waschen von LKWs, Anh\u00e4ngern und Verpackungen an. Klicken Sie hier, um mehr zu lesen und ein tolles Angebot zu erhalten!","breadcrumb":{"@id":"https:\/\/megawash.dk\/de\/vejle\/#breadcrumb"},"inLanguage":"de","potentialAction":[{"@type":"ReadAction","target":["https:\/\/megawash.dk\/de\/vejle\/"]}]},{"@type":"BreadcrumbList","@id":"https:\/\/megawash.dk\/de\/vejle\/#breadcrumb","itemListElement":[{"@type":"ListItem","position":1,"name":"Hjem","item":"https:\/\/megawash.dk\/de\/"},{"@type":"ListItem","position":2,"name":"Waschanlage in Vejle"}]},{"@type":"WebSite","@id":"https:\/\/megawash.dk\/de\/#website","url":"https:\/\/megawash.dk\/de\/","name":"MegaWash","description":"Vaskehal til lastbiler og kassevogn i \u00c5rhus og Recharge City: Vask af lastbil","publisher":{"@id":"https:\/\/megawash.dk\/de\/#organization"},"potentialAction":[{"@type":"SearchAction","target":{"@type":"EntryPoint","urlTemplate":"https:\/\/megawash.dk\/de\/?s={search_term_string}"},"query-input":"required name=search_term_string"}],"inLanguage":"de"},{"@type":"Organization","@id":"https:\/\/megawash.dk\/de\/#organization","name":"MegaWash","url":"https:\/\/megawash.dk\/de\/","logo":{"@type":"ImageObject","inLanguage":"de","@id":"https:\/\/megawash.dk\/de\/#\/schema\/logo\/image\/","url":"https:\/\/megawash.dk\/wp-content\/uploads\/2023\/04\/megawash-logo-pantone-2727c-2798c.png","contentUrl":"https:\/\/megawash.dk\/wp-content\/uploads\/2023\/04\/megawash-logo-pantone-2727c-2798c.png","width":2048,"height":1046,"caption":"MegaWash"},"image":{"@id":"https:\/\/megawash.dk\/de\/#\/schema\/logo\/image\/"}}]}},"_links":{"self":[{"href":"https:\/\/megawash.dk\/de\/wp-json\/wp\/v2\/pages\/2992","targetHints":{"allow":["GET"]}}],"collection":[{"href":"https:\/\/megawash.dk\/de\/wp-json\/wp\/v2\/pages"}],"about":[{"href":"https:\/\/megawash.dk\/de\/wp-json\/wp\/v2\/types\/page"}],"author":[{"embeddable":true,"href":"https:\/\/megawash.dk\/de\/wp-json\/wp\/v2\/users\/1"}],"replies":[{"embeddable":true,"href":"https:\/\/megawash.dk\/de\/wp-json\/wp\/v2\/comments?post=2992"}],"version-history":[{"count":5,"href":"https:\/\/megawash.dk\/de\/wp-json\/wp\/v2\/pages\/2992\/revisions"}],"predecessor-version":[{"id":3788,"href":"https:\/\/megawash.dk\/de\/wp-json\/wp\/v2\/pages\/2992\/revisions\/3788"}],"wp:featuredmedia":[{"embeddable":true,"href":"https:\/\/megawash.dk\/de\/wp-json\/wp\/v2\/media\/2889"}],"wp:attachment":[{"href":"https:\/\/megawash.dk\/de\/wp-json\/wp\/v2\/media?parent=2992"}],"wp:term":[{"taxonomy":"category","embeddable":true,"href":"https:\/\/megawash.dk\/de\/wp-json\/wp\/v2\/categories?post=2992"}],"curies":[{"name":"wp","href":"https:\/\/api.w.org\/{rel}","templated":true}]}}