{"id":2983,"date":"2021-06-29T11:13:32","date_gmt":"2021-06-29T09:13:32","guid":{"rendered":"https:\/\/megawash.dk\/padborg\/"},"modified":"2025-06-13T09:22:23","modified_gmt":"2025-06-13T07:22:23","slug":"padborg","status":"publish","type":"page","link":"https:\/\/megawash.dk\/de\/padborg\/","title":{"rendered":"Waschanlage in Padborg"},"content":{"rendered":"<section class=\"wpb-content-wrapper\"><p>[vc_row full_width=&#8220;stretch_row&#8220;][vc_column width=&#8220;4\/6&#8243;]<div class=\"ult-spacer spacer-69ecf0d0b47c2\" data-id=\"69ecf0d0b47c2\" data-height=\"90\" data-height-mobile=\"60\" data-height-tab=\"90\" data-height-tab-portrait=\"60\" data-height-mobile-landscape=\"60\" style=\"clear:both;display:block;\"><\/div>[vc_row_inner][vc_column_inner offset=&#8220;vc_col-lg-12 vc_col-md-12 vc_col-xs-12&#8243;][vc_column_text]<\/p>\n<h2>Willkommen in unserer LKW-Waschanlage in Padborg<\/h2>\n<h3>Wo Sie f\u00fcnf LKW-Waschstra\u00dfen finden k\u00f6nnen, die von Sonntag, 13:00 Uhr bis Samstag, 14:00 Uhr 24-Stunden-Waschen Ihrer LKWs anbieten.<\/h3>\n<p>Alle Drive-In&#8217;s sind besetzt, d. h. unsere Mitarbeiter sind immer da, um sicherzustellen, dass Ihr LKW auch dort gewaschen wird, wo die Maschinen nicht hinkommen \u2013 damit Sie einen sauberen und frisch gewaschenen LKW f\u00fcr die Stra\u00dfe vor sich haben.<\/p>\n<p>In Padborg sind wir nicht nur auf das Waschen von LKWs spezialisiert, sondern auch auf die Desinfektion von Tiertransporten, welche von Auslandsreisen zur\u00fcckkehren. Nach der Desinfektion stellen wir ein Zertifikat aus, welches garantiert, dass alle geltenden Anforderungen eingehalten w\u00fcrden.<\/p>\n<p>Wir stellen sicher, dass die W\u00e4sche Ihres LKW qualitativ korrekt durchgef\u00fchrt wird, da wir in Zusammenarbeit mit unserem Seifen- und Chemikalienlieferanten f\u00fcr die Verwendung der optimalen Seife und deren korrekter Dosierung gesorgt haben. Unsere Mitarbeiter sind in der Durchf\u00fchrung einer guten W\u00e4sche geschult und folgen beim Waschen einer detaillierten Arbeitsbeschreibung.<\/p>\n<p>Z\u00f6gern Sie nicht, uns anzurufen, wenn Sie mit einem repr\u00e4sentativen und frisch gewaschenen LKW einen professionellen Auftritt auf der Stra\u00dfe w\u00fcnschen. Wir haben eine ma\u00dfgeschneiderte L\u00f6sung f\u00fcr alle unsere Stammkunden \u2013 ob gro\u00df oder klein.[\/vc_column_text]<div class=\"ult-spacer spacer-69ecf0d0b480c\" data-id=\"69ecf0d0b480c\" data-height=\"0\" data-height-mobile=\"30\" data-height-tab=\"0\" data-height-tab-portrait=\"30\" data-height-mobile-landscape=\"30\" style=\"clear:both;display:block;\"><\/div>[vc_empty_space height=&#8220;60px&#8220;][vc_btn title=&#8220;Ring: (+45) 7572 3711&#8243; style=&#8220;custom&#8220; custom_background=&#8220;#2b5e45&#8243; custom_text=&#8220;#ffffff&#8220; shape=&#8220;square&#8220; align=&#8220;left&#8220; link=&#8220;url:tel%3A75723711|&#8220;][vc_empty_space][\/vc_column_inner][\/vc_row_inner]<div class=\"ult-spacer spacer-69ecf0d0b483b\" data-id=\"69ecf0d0b483b\" data-height=\"90\" data-height-mobile=\"60\" data-height-tab=\"90\" data-height-tab-portrait=\"60\" data-height-mobile-landscape=\"60\" style=\"clear:both;display:block;\"><\/div>[\/vc_column][vc_column width=&#8220;2\/6&#8243;]<div class=\"ult-spacer spacer-69ecf0d0b485f\" data-id=\"69ecf0d0b485f\" data-height=\"90\" data-height-mobile=\"60\" data-height-tab=\"90\" data-height-tab-portrait=\"60\" data-height-mobile-landscape=\"60\" style=\"clear:both;display:block;\"><\/div>[vc_widget_sidebar sidebar_id=&#8220;sidebar-2&#8243; el_class=&#8220;kf&#8220;][\/vc_column][\/vc_row][vc_row full_width=&#8220;stretch_row&#8220; css=&#8220;.vc_custom_1624967179343{background-color: #f7f7f7 !important;}&#8220;][vc_column]<div class=\"ult-spacer spacer-69ecf0d0b487f\" data-id=\"69ecf0d0b487f\" data-height=\"90\" data-height-mobile=\"60\" data-height-tab=\"90\" data-height-tab-portrait=\"60\" data-height-mobile-landscape=\"60\" style=\"clear:both;display:block;\"><\/div>[vc_column_text]<br \/>\nBesuchen Sie uns auf der MegaWash Padborg<br \/>\n[\/vc_column_text][vc_empty_space height=&#8220;30px&#8220;][vc_raw_html]W3RhYmxlIGlkPTggcmVzcG9uc2l2ZT1zdGFjayByZXNwb25zaXZlX2JyZWFrcG9pbnQ9InBob25lIiAvXQ0K[\/vc_raw_html][vc_empty_space height=&#8220;30px&#8220;][vc_gmaps link=&#8220;#E-8_JTNDaWZyYW1lJTIwc3JjJTNEJTIyaHR0cHMlM0ElMkYlMkZ3d3cuZ29vZ2xlLmNvbSUyRm1hcHMlMkZlbWJlZCUzRnBiJTNEJTIxMW0xOCUyMTFtMTIlMjExbTMlMjExZDEzNzA0Ny42MzEyMzM4NjI5OCUyMTJkOS4yNTIxNDQyMDc1Mjc5NSUyMTNkNTQuODUzNTI1Nzc5ODI3OTMlMjEybTMlMjExZjAlMjEyZjAlMjEzZjAlMjEzbTIlMjExaTEwMjQlMjEyaTc2OCUyMTRmMTMuMSUyMTNtMyUyMTFtMiUyMTFzMHg0N2IzNWM1NmJmMWY1M2M5JTI1M0EweGJlZGUyOWU0ZWIxNjQxMjclMjEyc1Rob3JzdmVqJTI1MjAzJTI1MkMlMjUyMDYzMzAlMjUyMFBhZGJvcmclMjE1ZTAlMjEzbTIlMjExc2RhJTIxMnNkayUyMTR2MTYyNDk2OTkzNTY0MiUyMTVtMiUyMTFzZGElMjEyc2RrJTIyJTIwd2lkdGglM0QlMjI2MDAlMjIlMjBoZWlnaHQlM0QlMjI0NTAlMjIlMjBzdHlsZSUzRCUyMmJvcmRlciUzQTAlM0IlMjIlMjBhbGxvd2Z1bGxzY3JlZW4lM0QlMjIlMjIlMjBsb2FkaW5nJTNEJTIybGF6eSUyMiUzRSUzQyUyRmlmcmFtZSUzRQ==&#8220; size=&#8220;200px&#8220;]<div class=\"ult-spacer spacer-69ecf0d0b489d\" data-id=\"69ecf0d0b489d\" data-height=\"90\" data-height-mobile=\"60\" data-height-tab=\"90\" data-height-tab-portrait=\"60\" data-height-mobile-landscape=\"60\" style=\"clear:both;display:block;\"><\/div>[\/vc_column][\/vc_row][vc_row full_width=&#8220;stretch_row_content_no_spaces&#8220; equal_height=&#8220;yes&#8220;][vc_column width=&#8220;1\/2&#8243; el_class=&#8220;stretch&#8220;][vc_column_text]<\/p>\n<h3>Kundenzufriedenheit steht bei uns an erster Stelle<\/h3>\n<p>Wenn die W\u00e4sche nicht Ihren Erwartungen entspricht, haben wir immer ein offenes Ohr f\u00fcr Sie. Sie erreichen uns unter unserer Haupttelefonnummer und dann sorgen wir gerne daf\u00fcr, dass die richtige Person benachrichtigt wird, um f\u00fcr Sie eine L\u00f6sung zu finden.[\/vc_column_text][vc_empty_space height=&#8220;20px&#8220;][vc_btn title=&#8220;K\u00f6nnen wir f\u00fcr Sie etwas waschen, reinigen oder desinfizieren? Kontaktieren Sie uns uns wir finden eine L\u00f6sung f\u00fcr Sie.&#8220; style=&#8220;custom&#8220; custom_background=&#8220;#768174&#8243; custom_text=&#8220;#ffffff&#8220; shape=&#8220;square&#8220; size=&#8220;sm&#8220; link=&#8220;url:https%3A%2F%2Fmegawash.dk%2Fde%2Fkontaktieren-sie-uns-noch-heute%2F|title:Kontaktieren%20Sie%20uns%20noch%20heute|&#8220;][\/vc_column][vc_column width=&#8220;1\/2&#8243; css=&#8220;.vc_custom_1624966730618{background-image: url(https:\/\/megawash.dk\/wp-content\/uploads\/2021\/06\/iStock-1031587806-min-scaled.jpg?id=2755) !important;background-position: center !important;background-repeat: no-repeat !important;background-size: cover !important;}&#8220;]<div class=\"ult-spacer spacer-69ecf0d0b48bb\" data-id=\"69ecf0d0b48bb\" data-height=\"\" data-height-mobile=\"250\" data-height-tab=\"\" data-height-tab-portrait=\"400\" data-height-mobile-landscape=\"300\" style=\"clear:both;display:block;\"><\/div>[\/vc_column][\/vc_row][vc_row][vc_column][vc_raw_html]PHNjcmlwdCB0eXBlPSJhcHBsaWNhdGlvbi9sZCtqc29uIj4NCnsNCiAgIkBjb250ZXh0IjogImh0dHBzOi8vc2NoZW1hLm9yZyIsDQogICJAdHlwZSI6ICJMb2NhbEJ1c2luZXNzIiwNCiAgIm5hbWUiOiAiTWVnYSBXYXNoIFBhZGJvcmciLA0KICAiZGVzY3JpcHRpb24iOiAiTWVnYSBXYXNoIGkgUGFkYm9yZyBlciBlbiBzdG9ydm9nbnN2YXNrLCBkZXIgdGlsYnlkZXIgbGFzdGJpbHZhc2sgc2FtdCB2YXNrZWhhbCB0aWwga2Fzc2V2b2duLiBEZXN1ZGVuIHRpbGJ5ZGVyIGRlIHRyYWlsZXJ2YXNrIHNhbXQgZW1iYWxsYWdldmFzayBvZyBkZXNpbmZla3Rpb24uIiwNCiAgIlZBVGlkIjogIjMxODg0MTM2IiwNCiAgImltYWdlIjogImh0dHBzOi8vbWVnYXdhc2guZGsvd3AtY29udGVudC91cGxvYWRzLzIwMjEvMDYvbG9nby5wbmciLA0KICAiQGlkIjogImh0dHBzOi8vd3d3Lmdvb2dsZS5jb20vc2VhcmNoP3E9bWVnYSt3YXNoJnJsej0xQzFHQ0VVX2RhREs5NjZESzk2NiZvcT1tZWdhK3dhc2gmYXFzPWNocm9tZS4uNjlpNTdqNDZpMTc1aTE5OWk1MTJsMmowaTEwaTUxMmo0NmkxNzVpMTk5aTUxMmo2OWk2MGwzLjIwNzRqMGo3JnNvdXJjZWlkPWNocm9tZSZpZT1VVEYtOCIsDQogICJ1cmwiOiAiaHR0cHM6Ly9tZWdhd2FzaC5kay9wYWRib3JnLyIsDQogICJ0ZWxlcGhvbmUiOiAiKzQ1NzU3MiAzNzExIiwNCiAgImVtYWlsIjogInBhZGJvcmcudmFza0BtZWdhd2FzaC5kayIsDQogICJoYXNNYXAiOiAiaHR0cHM6Ly9nb28uZ2wvbWFwcy9hbmRONTRiREZhZWpMR3o3NiIsDQogICJhZGRyZXNzIjogew0KICAgICJAdHlwZSI6ICJQb3N0YWxBZGRyZXNzIiwNCiAgICAic3RyZWV0QWRkcmVzcyI6ICJUaG9yc3ZlaiAzIiwNCiAgICAiYWRkcmVzc0xvY2FsaXR5IjogIlBhZGJvcmciLA0KICAgICJwb3N0YWxDb2RlIjogIjYzMzAiLA0KICAgICJhZGRyZXNzQ291bnRyeSI6ICJESyIsDQogICAgImFkZHJlc3NSZWdpb24iOiAiU8O4bmRlcmp5bGxhbmQiDQogIH0sDQogICJnZW8iOiB7DQogICAgIkB0eXBlIjogIkdlb0Nvb3JkaW5hdGVzIiwNCiAgICAibGF0aXR1ZGUiOiA1NC44Mjg0NjY5LA0KICAgICJsb25naXR1ZGUiOiA5LjM1MDQ4MTQ5OTk5OTk5OQ0KICB9LA0KICAgICJhcmVhU2VydmVkIjogW3sNCiAgICAgICJAdHlwZSI6ICJDaXR5IiwNCiAgICAgICJuYW1lIjogIFsiUGFkYm9yZyIsICJGbGVuc2JvcmciLCAiS3J1c8OlIiwgIkFhYmVucmFhIl0NCiAgICB9XSwNCiAgIm9wZW5pbmdIb3Vyc1NwZWNpZmljYXRpb24iOiB7DQogICAgIkB0eXBlIjogIk9wZW5pbmdIb3Vyc1NwZWNpZmljYXRpb24iLA0KICAgICJkYXlPZldlZWsiOiBbDQogICAgICAiTW9uZGF5IiwNCiAgICAgICJUdWVzZGF5IiwNCiAgICAgICJXZWRuZXNkYXkiLA0KICAgICAgIlRodXJzZGF5IiwNCiAgICAgICJGcmlkYXkiLA0KICAgICAgIlNhdHVyZGF5IiwNCiAgICAgICJTdW5kYXkiDQogICAgXSwNCiAgICAib3BlbnMiOiAiMDA6MDAiLA0KICAgICJjbG9zZXMiOiAiMjM6NTkiDQogIH0sDQogICJzYW1lQXMiOiBbDQogICAgImh0dHBzOi8vZGEtZGsuZmFjZWJvb2suY29tL21lZ2F3YXNoLmRrLyIsDQogICAgImh0dHBzOi8vd3d3LnByb2ZmLmRrL2Zpcm1hL21lZ2F3YXNoLWFzL3BhZGJvcmcvYmlsdiVDMyVBNnJrc3RlZGVyL0dURFBMVEkwMDY0LyIsDQogICAgImh0dHBzOi8vd3d3LmtyYWsuZGsvbWVnYXdhc2grYSUyRnMrcGFkYm9yZy82Njk5MTgxNi9maXJtYT9wYWdlPTQmcXVlcnk9YXV0b21la2FuaWtlciUyMGFhYmVucmFhIg0KICBdLA0KICAiaGFzT2ZmZXJDYXRhbG9nIjogew0KICAgICJAdHlwZSI6ICJPZmZlckNhdGFsb2ciLA0KICAgICJuYW1lIjogIk1lZ2EgV2FzaCIsDQogICAgIml0ZW1MaXN0RWxlbWVudCI6IFsNCiAgICAgIHsNCiAgICAgICAgICAgICJAdHlwZSI6ICJPZmZlciIsDQogICAgICAgICAgICAiaXRlbU9mZmVyZWQiOiB7DQogICAgICAgICAgICAgICJAdHlwZSI6ICJTZXJ2aWNlIiwNCiAgICAgICAgICAgICAgIm5hbWUiOiAiU3RvcnZvZ25zdmFzayINCiAgICAgICAgICAgIH0NCiAgICAgICAgICB9LA0Kew0KICAgICAgICAgICAgIkB0eXBlIjogIk9mZmVyIiwNCiAgICAgICAgICAgICJpdGVtT2ZmZXJlZCI6IHsNCiAgICAgICAgICAgICAgIkB0eXBlIjogIlNlcnZpY2UiLA0KICAgICAgICAgICAgICAibmFtZSI6ICJMYXN0YmlsdmFzayINCiAgICAgICAgICAgIH0NCiAgICAgICAgICB9LA0KICAgICAgew0KICAgICAgICAgICAgIkB0eXBlIjogIk9mZmVyIiwNCiAgICAgICAgICAgICJpdGVtT2ZmZXJlZCI6IHsNCiAgICAgICAgICAgICAgIkB0eXBlIjogIlNlcnZpY2UiLA0KICAgICAgICAgICAgICAibmFtZSI6ICJWYXNrZWhhbCB0aWwga2Fzc2V2b2duIg0KICAgICAgICAgICAgfQ0KICAgICAgICAgIH0sDQp7DQogICAgICAgICAgICAiQHR5cGUiOiAiT2ZmZXIiLA0KICAgICAgICAgICAgIml0ZW1PZmZlcmVkIjogew0KICAgICAgICAgICAgICAiQHR5cGUiOiAiU2VydmljZSIsDQogICAgICAgICAgICAgICJuYW1lIjogIlZhc2sgYWYgZW1iYWxsYWdlIg0KICAgICAgICAgICAgfQ0KICAgICAgICAgIH0sDQp7DQogICAgICAgICAgICAiQHR5cGUiOiAiT2ZmZXIiLA0KICAgICAgICAgICAgIml0ZW1PZmZlcmVkIjogew0KICAgICAgICAgICAgICAiQHR5cGUiOiAiU2VydmljZSIsDQogICAgICAgICAgICAgICJuYW1lIjogIkRlc2luZmVrdGlvbiINCiAgICAgICAgICAgIH0NCiAgICAgICAgICB9LA0Kew0KICAgICAgICAgICAgIkB0eXBlIjogIk9mZmVyIiwNCiAgICAgICAgICAgICJpdGVtT2ZmZXJlZCI6IHsNCiAgICAgICAgICAgICAgIkB0eXBlIjogIlNlcnZpY2UiLA0KICAgICAgICAgICAgICAibmFtZSI6ICJNYXRlcmlhbGViYW5rIg0KICAgICAgICAgICAgfQ0KICAgICAgICAgIH0NCiAgICAgXQ0KICB9DQoNCn0NCjwvc2NyaXB0Pg==[\/vc_raw_html][\/vc_column][\/vc_row]<\/p>\n<\/section>","protected":false},"excerpt":{"rendered":"<p>In Padborg bietet unser LKW-Wasch-Drive-In eine 24-Stunden-W\u00e4sche f\u00fcr Ihre LKW von Sonntag, 13:00 Uhr bis Samstag, 14:00 Uhr<\/p>\n","protected":false},"author":1,"featured_media":3605,"parent":0,"menu_order":10,"comment_status":"closed","ping_status":"closed","template":"","meta":{"footnotes":""},"categories":[],"class_list":["post-2983","page","type-page","status-publish","has-post-thumbnail"],"yoast_head":"<!-- This site is optimized with the Yoast SEO plugin v21.6 - https:\/\/yoast.com\/wordpress\/plugins\/seo\/ -->\n<title>LKW-Waschanlage in Padborg | Schnelle und effiziente Lkw-Waschanlage | Megaw\u00e4sche<\/title>\n<meta name=\"description\" content=\"Bei Mega Wash in Padborg bieten wir das Waschen von LKWs, Anh\u00e4ngern und Verpackungen an. Klicken Sie hier, um mehr zu lesen und ein tolles Angebot zu erhalten!\" \/>\n<meta name=\"robots\" content=\"index, follow, max-snippet:-1, max-image-preview:large, max-video-preview:-1\" \/>\n<link rel=\"canonical\" href=\"https:\/\/megawash.dk\/de\/padborg\/\" \/>\n<meta property=\"og:locale\" content=\"de_DE\" \/>\n<meta property=\"og:type\" content=\"article\" \/>\n<meta property=\"og:title\" content=\"LKW-Waschanlage in Padborg | Schnelle und effiziente Lkw-Waschanlage | Megaw\u00e4sche\" \/>\n<meta property=\"og:description\" content=\"Bei Mega Wash in Padborg bieten wir das Waschen von LKWs, Anh\u00e4ngern und Verpackungen an. Klicken Sie hier, um mehr zu lesen und ein tolles Angebot zu erhalten!\" \/>\n<meta property=\"og:url\" content=\"https:\/\/megawash.dk\/de\/padborg\/\" \/>\n<meta property=\"og:site_name\" content=\"MegaWash\" \/>\n<meta property=\"article:modified_time\" content=\"2025-06-13T07:22:23+00:00\" \/>\n<meta property=\"og:image\" content=\"https:\/\/megawash.dk\/wp-content\/uploads\/2024\/12\/groen.png\" \/>\n\t<meta property=\"og:image:width\" content=\"2203\" \/>\n\t<meta property=\"og:image:height\" content=\"900\" \/>\n\t<meta property=\"og:image:type\" content=\"image\/png\" \/>\n<meta name=\"twitter:card\" content=\"summary_large_image\" \/>\n<meta name=\"twitter:label1\" content=\"Gesch\u00e4tzte Lesezeit\" \/>\n\t<meta name=\"twitter:data1\" content=\"2\u00a0Minuten\" \/>\n<script type=\"application\/ld+json\" class=\"yoast-schema-graph\">{\"@context\":\"https:\/\/schema.org\",\"@graph\":[{\"@type\":\"WebPage\",\"@id\":\"https:\/\/megawash.dk\/de\/padborg\/\",\"url\":\"https:\/\/megawash.dk\/de\/padborg\/\",\"name\":\"LKW-Waschanlage in Padborg | Schnelle und effiziente Lkw-Waschanlage | Megaw\u00e4sche\",\"isPartOf\":{\"@id\":\"https:\/\/megawash.dk\/de\/#website\"},\"datePublished\":\"2021-06-29T09:13:32+00:00\",\"dateModified\":\"2025-06-13T07:22:23+00:00\",\"description\":\"Bei Mega Wash in Padborg bieten wir das Waschen von LKWs, Anh\u00e4ngern und Verpackungen an. Klicken Sie hier, um mehr zu lesen und ein tolles Angebot zu erhalten!\",\"breadcrumb\":{\"@id\":\"https:\/\/megawash.dk\/de\/padborg\/#breadcrumb\"},\"inLanguage\":\"de\",\"potentialAction\":[{\"@type\":\"ReadAction\",\"target\":[\"https:\/\/megawash.dk\/de\/padborg\/\"]}]},{\"@type\":\"BreadcrumbList\",\"@id\":\"https:\/\/megawash.dk\/de\/padborg\/#breadcrumb\",\"itemListElement\":[{\"@type\":\"ListItem\",\"position\":1,\"name\":\"Hjem\",\"item\":\"https:\/\/megawash.dk\/de\/\"},{\"@type\":\"ListItem\",\"position\":2,\"name\":\"Waschanlage in Padborg\"}]},{\"@type\":\"WebSite\",\"@id\":\"https:\/\/megawash.dk\/de\/#website\",\"url\":\"https:\/\/megawash.dk\/de\/\",\"name\":\"MegaWash\",\"description\":\"Vaskehal til lastbiler og kassevogn i \u00c5rhus og Recharge City: Vask af lastbil\",\"publisher\":{\"@id\":\"https:\/\/megawash.dk\/de\/#organization\"},\"potentialAction\":[{\"@type\":\"SearchAction\",\"target\":{\"@type\":\"EntryPoint\",\"urlTemplate\":\"https:\/\/megawash.dk\/de\/?s={search_term_string}\"},\"query-input\":\"required name=search_term_string\"}],\"inLanguage\":\"de\"},{\"@type\":\"Organization\",\"@id\":\"https:\/\/megawash.dk\/de\/#organization\",\"name\":\"MegaWash\",\"url\":\"https:\/\/megawash.dk\/de\/\",\"logo\":{\"@type\":\"ImageObject\",\"inLanguage\":\"de\",\"@id\":\"https:\/\/megawash.dk\/de\/#\/schema\/logo\/image\/\",\"url\":\"https:\/\/megawash.dk\/wp-content\/uploads\/2023\/04\/megawash-logo-pantone-2727c-2798c.png\",\"contentUrl\":\"https:\/\/megawash.dk\/wp-content\/uploads\/2023\/04\/megawash-logo-pantone-2727c-2798c.png\",\"width\":2048,\"height\":1046,\"caption\":\"MegaWash\"},\"image\":{\"@id\":\"https:\/\/megawash.dk\/de\/#\/schema\/logo\/image\/\"}}]}<\/script>\n<!-- \/ Yoast SEO plugin. -->","yoast_head_json":{"title":"LKW-Waschanlage in Padborg | Schnelle und effiziente Lkw-Waschanlage | Megaw\u00e4sche","description":"Bei Mega Wash in Padborg bieten wir das Waschen von LKWs, Anh\u00e4ngern und Verpackungen an. Klicken Sie hier, um mehr zu lesen und ein tolles Angebot zu erhalten!","robots":{"index":"index","follow":"follow","max-snippet":"max-snippet:-1","max-image-preview":"max-image-preview:large","max-video-preview":"max-video-preview:-1"},"canonical":"https:\/\/megawash.dk\/de\/padborg\/","og_locale":"de_DE","og_type":"article","og_title":"LKW-Waschanlage in Padborg | Schnelle und effiziente Lkw-Waschanlage | Megaw\u00e4sche","og_description":"Bei Mega Wash in Padborg bieten wir das Waschen von LKWs, Anh\u00e4ngern und Verpackungen an. Klicken Sie hier, um mehr zu lesen und ein tolles Angebot zu erhalten!","og_url":"https:\/\/megawash.dk\/de\/padborg\/","og_site_name":"MegaWash","article_modified_time":"2025-06-13T07:22:23+00:00","og_image":[{"width":2203,"height":900,"url":"https:\/\/megawash.dk\/wp-content\/uploads\/2024\/12\/groen.png","type":"image\/png"}],"twitter_card":"summary_large_image","twitter_misc":{"Gesch\u00e4tzte Lesezeit":"2\u00a0Minuten"},"schema":{"@context":"https:\/\/schema.org","@graph":[{"@type":"WebPage","@id":"https:\/\/megawash.dk\/de\/padborg\/","url":"https:\/\/megawash.dk\/de\/padborg\/","name":"LKW-Waschanlage in Padborg | Schnelle und effiziente Lkw-Waschanlage | Megaw\u00e4sche","isPartOf":{"@id":"https:\/\/megawash.dk\/de\/#website"},"datePublished":"2021-06-29T09:13:32+00:00","dateModified":"2025-06-13T07:22:23+00:00","description":"Bei Mega Wash in Padborg bieten wir das Waschen von LKWs, Anh\u00e4ngern und Verpackungen an. Klicken Sie hier, um mehr zu lesen und ein tolles Angebot zu erhalten!","breadcrumb":{"@id":"https:\/\/megawash.dk\/de\/padborg\/#breadcrumb"},"inLanguage":"de","potentialAction":[{"@type":"ReadAction","target":["https:\/\/megawash.dk\/de\/padborg\/"]}]},{"@type":"BreadcrumbList","@id":"https:\/\/megawash.dk\/de\/padborg\/#breadcrumb","itemListElement":[{"@type":"ListItem","position":1,"name":"Hjem","item":"https:\/\/megawash.dk\/de\/"},{"@type":"ListItem","position":2,"name":"Waschanlage in Padborg"}]},{"@type":"WebSite","@id":"https:\/\/megawash.dk\/de\/#website","url":"https:\/\/megawash.dk\/de\/","name":"MegaWash","description":"Vaskehal til lastbiler og kassevogn i \u00c5rhus og Recharge City: Vask af lastbil","publisher":{"@id":"https:\/\/megawash.dk\/de\/#organization"},"potentialAction":[{"@type":"SearchAction","target":{"@type":"EntryPoint","urlTemplate":"https:\/\/megawash.dk\/de\/?s={search_term_string}"},"query-input":"required name=search_term_string"}],"inLanguage":"de"},{"@type":"Organization","@id":"https:\/\/megawash.dk\/de\/#organization","name":"MegaWash","url":"https:\/\/megawash.dk\/de\/","logo":{"@type":"ImageObject","inLanguage":"de","@id":"https:\/\/megawash.dk\/de\/#\/schema\/logo\/image\/","url":"https:\/\/megawash.dk\/wp-content\/uploads\/2023\/04\/megawash-logo-pantone-2727c-2798c.png","contentUrl":"https:\/\/megawash.dk\/wp-content\/uploads\/2023\/04\/megawash-logo-pantone-2727c-2798c.png","width":2048,"height":1046,"caption":"MegaWash"},"image":{"@id":"https:\/\/megawash.dk\/de\/#\/schema\/logo\/image\/"}}]}},"_links":{"self":[{"href":"https:\/\/megawash.dk\/de\/wp-json\/wp\/v2\/pages\/2983","targetHints":{"allow":["GET"]}}],"collection":[{"href":"https:\/\/megawash.dk\/de\/wp-json\/wp\/v2\/pages"}],"about":[{"href":"https:\/\/megawash.dk\/de\/wp-json\/wp\/v2\/types\/page"}],"author":[{"embeddable":true,"href":"https:\/\/megawash.dk\/de\/wp-json\/wp\/v2\/users\/1"}],"replies":[{"embeddable":true,"href":"https:\/\/megawash.dk\/de\/wp-json\/wp\/v2\/comments?post=2983"}],"version-history":[{"count":6,"href":"https:\/\/megawash.dk\/de\/wp-json\/wp\/v2\/pages\/2983\/revisions"}],"predecessor-version":[{"id":3792,"href":"https:\/\/megawash.dk\/de\/wp-json\/wp\/v2\/pages\/2983\/revisions\/3792"}],"wp:featuredmedia":[{"embeddable":true,"href":"https:\/\/megawash.dk\/de\/wp-json\/wp\/v2\/media\/3605"}],"wp:attachment":[{"href":"https:\/\/megawash.dk\/de\/wp-json\/wp\/v2\/media?parent=2983"}],"wp:term":[{"taxonomy":"category","embeddable":true,"href":"https:\/\/megawash.dk\/de\/wp-json\/wp\/v2\/categories?post=2983"}],"curies":[{"name":"wp","href":"https:\/\/api.w.org\/{rel}","templated":true}]}}