{"id":2980,"date":"2021-06-29T11:13:32","date_gmt":"2021-06-29T09:13:32","guid":{"rendered":"https:\/\/megawash.dk\/hoerning\/"},"modified":"2025-06-13T09:26:31","modified_gmt":"2025-06-13T07:26:31","slug":"hoerning","status":"publish","type":"page","link":"https:\/\/megawash.dk\/de\/hoerning\/","title":{"rendered":"Waschanlage in H\u00f8ring"},"content":{"rendered":"<section class=\"wpb-content-wrapper\"><p>[vc_row full_width=&#8220;stretch_row&#8220;][vc_column width=&#8220;4\/6&#8243;]<div class=\"ult-spacer spacer-69ecef4109550\" data-id=\"69ecef4109550\" data-height=\"90\" data-height-mobile=\"60\" data-height-tab=\"90\" data-height-tab-portrait=\"60\" data-height-mobile-landscape=\"60\" style=\"clear:both;display:block;\"><\/div>[vc_row_inner][vc_column_inner offset=&#8220;vc_col-lg-12 vc_col-md-12 vc_col-xs-12&#8243;][vc_column_text]<\/p>\n<h2>Willkommen in unserer Autowaschanlage in H\u00f8rning<\/h2>\n<h3>In unserer Autowaschanlage in H\u00f8rning k\u00f6nnen Sie Ihre Lkw werktags zwischen 8:00 und 18:00 Uhr waschen.<\/h3>\n<p>Unsere Mitarbeiter k\u00fcmmern sich darum, auch die Bereiche zu reinigen, die f\u00fcr die Maschine nicht erreichbar sind. So stellen wir sicher, dass Ihr Lkw gut aussieht und frisch gewaschen ist \u2013 bereit f\u00fcr die n\u00e4chste Fahrt.<\/p>\n<p>Qualit\u00e4tsw\u00e4sche f\u00fcr Ihren Lkw<\/p>\n<p>Qualit\u00e4t steht bei uns an erster Stelle. Wir stellen sicher, dass die W\u00e4sche Ihres Lkws stets fachgerecht durchgef\u00fchrt wird. Wir arbeiten eng mit unserem Lieferanten f\u00fcr Waschmittel und Chemikalien zusammen, um optimale Waschmittel und Dosierung zu verwenden. Unsere Mitarbeiter sind in der richtigen W\u00e4sche geschult, und f\u00fcr jede W\u00e4sche gibt es detaillierte Arbeitsbeschreibungen.<\/p>\n<p>Ma\u00dfgeschneiderter Vertrag f\u00fcr alle Stammkunden<\/p>\n<p>Wir bieten unseren Stammkunden, ob gro\u00df oder klein, einen ma\u00dfgeschneiderten Firmenvertrag an. Wenn Sie mit einem repr\u00e4sentativen und frisch gewaschenen Lkw einen professionellen Auftritt auf der Stra\u00dfe haben m\u00f6chten, rufen Sie uns einfach an. Wir helfen Ihnen gerne mit einem ma\u00dfgeschneiderten Vertrag, der Ihren Bed\u00fcrfnissen entspricht.<\/p>\n<p>Besuchen Sie unsere Autowaschanlage in H\u00f8rning und erleben Sie eine hochwertige LKW-W\u00e4sche. Wir verf\u00fcgen \u00fcber langj\u00e4hrige Erfahrung und wissen, worauf es ankommt, um Ihren LKW zum Gl\u00e4nzen zu bringen. Mit modernster Technologie und den besten Produkten sorgen wir stets f\u00fcr die optimale Pflege Ihres LKWs.<\/p>\n<p>Wenn Sie also das n\u00e4chste Mal eine gr\u00fcndliche LKW-W\u00e4sche ben\u00f6tigen, wenden Sie sich an unsere Autowaschanlage in H\u00f8rning. Wir geben Ihrem LKW die Pflege, die er verdient, damit er wieder frisch gewaschen und bereit f\u00fcr die n\u00e4chste Fahrt ist.<\/p>\n<p>Qualit\u00e4tsw\u00e4sche f\u00fcr Ihren LKW in H\u00f8rning<\/p>\n<p>Unser erfahrenes Team k\u00fcmmert sich professionell um Ihr Fahrzeug. Kontaktieren Sie uns noch heute und fordern Sie ein unverbindliches Angebot f\u00fcr eine LKW-W\u00e4sche an: administration@megawash.dk oder (+45) 75 72 37 11.[\/vc_column_text]<div class=\"ult-spacer spacer-69ecef4109599\" data-id=\"69ecef4109599\" data-height=\"0\" data-height-mobile=\"30\" data-height-tab=\"0\" data-height-tab-portrait=\"30\" data-height-mobile-landscape=\"30\" style=\"clear:both;display:block;\"><\/div>[vc_empty_space height=&#8220;60px&#8220;][vc_btn title=&#8220;Ring: (+45) 7572 3711&#8243; style=&#8220;custom&#8220; custom_background=&#8220;#2b5e45&#8243; custom_text=&#8220;#ffffff&#8220; shape=&#8220;square&#8220; align=&#8220;left&#8220; link=&#8220;url:tel%3A75723711|&#8220;][vc_empty_space height=&#8220;60px&#8220;][\/vc_column_inner][\/vc_row_inner]<div class=\"ult-spacer spacer-69ecef41095bf\" data-id=\"69ecef41095bf\" data-height=\"90\" data-height-mobile=\"60\" data-height-tab=\"90\" data-height-tab-portrait=\"60\" data-height-mobile-landscape=\"60\" style=\"clear:both;display:block;\"><\/div>[\/vc_column][vc_column width=&#8220;2\/6&#8243;]<div class=\"ult-spacer spacer-69ecef41095e1\" data-id=\"69ecef41095e1\" data-height=\"90\" data-height-mobile=\"60\" data-height-tab=\"90\" data-height-tab-portrait=\"60\" data-height-mobile-landscape=\"60\" style=\"clear:both;display:block;\"><\/div>[vc_widget_sidebar sidebar_id=&#8220;sidebar-2&#8243; el_class=&#8220;kf&#8220;][\/vc_column][\/vc_row][vc_row full_width=&#8220;stretch_row&#8220; css=&#8220;.vc_custom_1624967179343{background-color: #f7f7f7 !important;}&#8220;][vc_column]<div class=\"ult-spacer spacer-69ecef4109600\" data-id=\"69ecef4109600\" data-height=\"90\" data-height-mobile=\"60\" data-height-tab=\"90\" data-height-tab-portrait=\"60\" data-height-mobile-landscape=\"60\" style=\"clear:both;display:block;\"><\/div>[vc_column_text]<\/p>\n<h3>Besuchen Sie uns bei MegaWash H\u00f8rning<\/h3>\n<p>[\/vc_column_text][vc_empty_space height=&#8220;30px&#8220;][vc_raw_html]W3RhYmxlIGlkPTEwIHJlc3BvbnNpdmU9c3RhY2sgcmVzcG9uc2l2ZV9icmVha3BvaW50PSJwaG9uZSIgL10NCg==[\/vc_raw_html][vc_empty_space height=&#8220;30px&#8220;][vc_gmaps link=&#8220;#E-8_JTNDaWZyYW1lJTIwc3JjJTNEJTIyaHR0cHMlM0ElMkYlMkZ3d3cuZ29vZ2xlLmNvbSUyRm1hcHMlMkZlbWJlZCUzRnBiJTNEJTIxMW0xOCUyMTFtMTIlMjExbTMlMjExZDExMzgxMC42ODc5MDEwNjAwOCUyMTJkOS45Nzk4MzU3NDQ2ODIyOSUyMTNkNTYuMTQwOTYwNjM4MDExMDUlMjEybTMlMjExZjAlMjEyZjAlMjEzZjAlMjEzbTIlMjExaTEwMjQlMjEyaTc2OCUyMTRmMTMuMSUyMTNtMyUyMTFtMiUyMTFzMHg0NjRjNmJiZmE3N2RhZjIzJTI1M0EweDYxMzQ4Yzk1NzU5M2QzNTAlMjEyc055ZGFtc3ZlaiUyNTIwMiUyNTJDJTI1MjA4MzYyJTI1MjBIJTI1QzMlMjVCOHJuaW5nJTIxNWUwJTIxM20yJTIxMXNkYSUyMTJzZGslMjE0djE2MjQ5NzAyOTg1NjYlMjE1bTIlMjExc2RhJTIxMnNkayUyMiUyMHdpZHRoJTNEJTIyNjAwJTIyJTIwaGVpZ2h0JTNEJTIyNDUwJTIyJTIwc3R5bGUlM0QlMjJib3JkZXIlM0EwJTNCJTIyJTIwYWxsb3dmdWxsc2NyZWVuJTNEJTIyJTIyJTIwbG9hZGluZyUzRCUyMmxhenklMjIlM0UlM0MlMkZpZnJhbWUlM0U=&#8220; size=&#8220;200px&#8220;]<div class=\"ult-spacer spacer-69ecef410961d\" data-id=\"69ecef410961d\" data-height=\"90\" data-height-mobile=\"60\" data-height-tab=\"90\" data-height-tab-portrait=\"60\" data-height-mobile-landscape=\"60\" style=\"clear:both;display:block;\"><\/div>[\/vc_column][\/vc_row][vc_row full_width=&#8220;stretch_row_content_no_spaces&#8220; equal_height=&#8220;yes&#8220;][vc_column width=&#8220;1\/2&#8243; el_class=&#8220;stretch&#8220;][vc_column_text]<\/p>\n<h3>Kundenzufriedenheit steht bei uns an erster Stelle<\/h3>\n<p>Wenn die W\u00e4sche nicht Ihren Erwartungen entspricht, haben wir immer ein offenes Ohr f\u00fcr Sie. Sie erreichen uns unter unserer Haupttelefonnummer und dann sorgen wir gerne daf\u00fcr, dass die richtige Person benachrichtigt wird, um f\u00fcr Sie eine L\u00f6sung zu finden.[\/vc_column_text][vc_empty_space height=&#8220;20px&#8220;][vc_btn title=&#8220;K\u00f6nnen wir f\u00fcr Sie etwas waschen, reinigen oder desinfizieren? Kontaktieren Sie uns uns wir finden eine L\u00f6sung f\u00fcr Sie.&#8220; style=&#8220;custom&#8220; custom_background=&#8220;#778174&#8243; custom_text=&#8220;#ffffff&#8220; shape=&#8220;square&#8220; size=&#8220;sm&#8220; link=&#8220;url:https%3A%2F%2Fmegawash.dk%2Fde%2Fkontaktieren-sie-uns-noch-heute%2F|title:Kontaktieren%20Sie%20uns%20noch%20heute|&#8220;][\/vc_column][vc_column width=&#8220;1\/2&#8243; css=&#8220;.vc_custom_1624966730618{background-image: url(https:\/\/megawash.dk\/wp-content\/uploads\/2021\/06\/iStock-1031587806-min-scaled.jpg?id=2755) !important;background-position: center !important;background-repeat: no-repeat !important;background-size: cover !important;}&#8220;]<div class=\"ult-spacer spacer-69ecef4109639\" data-id=\"69ecef4109639\" data-height=\"\" data-height-mobile=\"250\" data-height-tab=\"\" data-height-tab-portrait=\"400\" data-height-mobile-landscape=\"300\" style=\"clear:both;display:block;\"><\/div>[\/vc_column][\/vc_row][vc_row][vc_column][vc_raw_html]PHNjcmlwdCB0eXBlPSJhcHBsaWNhdGlvbi9sZCtqc29uIj4NCnsNCiAgIkBjb250ZXh0IjogImh0dHBzOi8vc2NoZW1hLm9yZyIsDQogICJAdHlwZSI6ICJMb2NhbEJ1c2luZXNzIiwNCiAgIm5hbWUiOiAiTWVnYSBXYXNoIEjDuHJuaW5nIiwNCiAgImRlc2NyaXB0aW9uIjogIk1lZ2EgV2FzaCBpIEjDuHJuaW5nIGVyIGVuIHN0b3J2b2duc3Zhc2ssIGRlciB0aWxieWRlciBsYXN0YmlsdmFzayBzYW10IHZhc2tlaGFsIHRpbCBrYXNzZXZvZ24uIERlc3VkZW4gdGlsYnlkZXIgZGUgdHJhaWxlcnZhc2sgc2FtdCBlbWJhbGxhZ2V2YXNrIG9nIGRlc2luZmVrdGlvbi4iLA0KICAiVkFUaWQiOiAiMzE4ODQxMzYiLA0KICAiaW1hZ2UiOiAiaHR0cHM6Ly9tZWdhd2FzaC5kay93cC1jb250ZW50L3VwbG9hZHMvMjAyMS8wNi9sb2dvLnBuZyIsDQogICJAaWQiOiAiaHR0cHM6Ly93d3cuZ29vZ2xlLmNvbS9zZWFyY2g\/cT1tZWdhK3dhc2gmcmx6PTFDMUdDRVVfZGFESzk2NkRLOTY2Jm9xPW1lZ2Erd2FzaCZhcXM9Y2hyb21lLi42OWk1N2o0NmkxNzVpMTk5aTUxMmwyajBpMTBpNTEyajQ2aTE3NWkxOTlpNTEyajY5aTYwbDMuMjA3NGowajcmc291cmNlaWQ9Y2hyb21lJmllPVVURi04IiwNCiAgInVybCI6ICJodHRwczovL21lZ2F3YXNoLmRrL2hvZXJuaW5nLyIsDQogICJ0ZWxlcGhvbmUiOiAiKzQ1NzU3MiAzNzExIiwNCiAgImVtYWlsIjogImFhcmh1c3N5ZEBtZWdhd2FzaC5kayIsDQogICJoYXNNYXAiOiAiaHR0cHM6Ly9nb28uZ2wvbWFwcy9uZ1Y4cUg2Nk5waW1KNzZiOCIsDQogICJhZGRyZXNzIjogew0KICAgICJAdHlwZSI6ICJQb3N0YWxBZGRyZXNzIiwNCiAgICAic3RyZWV0QWRkcmVzcyI6ICJOeWRhbXN2ZWogMiIsDQogICAgImFkZHJlc3NMb2NhbGl0eSI6ICJIw7hybmluZyIsDQogICAgInBvc3RhbENvZGUiOiAiODM2MiIsDQogICAgImFkZHJlc3NDb3VudHJ5IjogIkRLIg0KICB9LA0KICAiZ2VvIjogew0KICAgICJAdHlwZSI6ICJHZW9Db29yZGluYXRlcyIsDQogICAgImxhdGl0dWRlIjogNTYuMDg3NzEwNCwNCiAgICAibG9uZ2l0dWRlIjogMTAuMDQ0NjA0OQ0KICB9LA0KICAgICJhcmVhU2VydmVkIjogW3sNCiAgICAgICJAdHlwZSI6ICJDaXR5IiwNCiAgICAgICJuYW1lIjogIFsiSMO4cm5pbmciLCAiQWFyaHVzIiwgIlNrYW5kZXJib3JnIl0NCiAgICB9XSwNCiAib3BlbmluZ0hvdXJzU3BlY2lmaWNhdGlvbiI6IHsNCiAgICAiQHR5cGUiOiAiT3BlbmluZ0hvdXJzU3BlY2lmaWNhdGlvbiIsDQogICAgImRheU9mV2VlayI6IFsNCiAgICAgICJNb25kYXkiLA0KICAgICAgIlR1ZXNkYXkiLA0KICAgICAgIldlZG5lc2RheSIsDQogICAgICAiVGh1cnNkYXkiLA0KICAgICAgIkZyaWRheSINCiAgICBdLA0KICAgICJvcGVucyI6ICIwODowMCIsDQogICAgImNsb3NlcyI6ICIxODowMCINCiAgfSwNCiAgInNhbWVBcyI6ICJodHRwczovL2RhLWRrLmZhY2Vib29rLmNvbS9tZWdhd2FzaC5kay8iLA0KICAiaGFzT2ZmZXJDYXRhbG9nIjogew0KICAgICJAdHlwZSI6ICJPZmZlckNhdGFsb2ciLA0KICAgICJuYW1lIjogIk1lZ2EgV2FzaCIsDQogICAgIml0ZW1MaXN0RWxlbWVudCI6IFsNCiAgICAgIHsNCiAgICAgICAgICAgICJAdHlwZSI6ICJPZmZlciIsDQogICAgICAgICAgICAiaXRlbU9mZmVyZWQiOiB7DQogICAgICAgICAgICAgICJAdHlwZSI6ICJTZXJ2aWNlIiwNCiAgICAgICAgICAgICAgIm5hbWUiOiAiU3RvcnZvZ25zdmFzayINCiAgICAgICAgICAgIH0NCiAgICAgICAgICB9LA0Kew0KICAgICAgICAgICAgIkB0eXBlIjogIk9mZmVyIiwNCiAgICAgICAgICAgICJpdGVtT2ZmZXJlZCI6IHsNCiAgICAgICAgICAgICAgIkB0eXBlIjogIlNlcnZpY2UiLA0KICAgICAgICAgICAgICAibmFtZSI6ICJMYXN0YmlsdmFzayINCiAgICAgICAgICAgIH0NCiAgICAgICAgICB9LA0KICAgICAgew0KICAgICAgICAgICAgIkB0eXBlIjogIk9mZmVyIiwNCiAgICAgICAgICAgICJpdGVtT2ZmZXJlZCI6IHsNCiAgICAgICAgICAgICAgIkB0eXBlIjogIlNlcnZpY2UiLA0KICAgICAgICAgICAgICAibmFtZSI6ICJWYXNrZWhhbCB0aWwga2Fzc2V2b2duIg0KICAgICAgICAgICAgfQ0KICAgICAgICAgIH0sDQp7DQogICAgICAgICAgICAiQHR5cGUiOiAiT2ZmZXIiLA0KICAgICAgICAgICAgIml0ZW1PZmZlcmVkIjogew0KICAgICAgICAgICAgICAiQHR5cGUiOiAiU2VydmljZSIsDQogICAgICAgICAgICAgICJuYW1lIjogIlZhc2sgYWYgZW1iYWxsYWdlIg0KICAgICAgICAgICAgfQ0KICAgICAgICAgIH0sDQp7DQogICAgICAgICAgICAiQHR5cGUiOiAiT2ZmZXIiLA0KICAgICAgICAgICAgIml0ZW1PZmZlcmVkIjogew0KICAgICAgICAgICAgICAiQHR5cGUiOiAiU2VydmljZSIsDQogICAgICAgICAgICAgICJuYW1lIjogIkRlc2luZmVrdGlvbiINCiAgICAgICAgICAgIH0NCiAgICAgICAgICB9LA0Kew0KICAgICAgICAgICAgIkB0eXBlIjogIk9mZmVyIiwNCiAgICAgICAgICAgICJpdGVtT2ZmZXJlZCI6IHsNCiAgICAgICAgICAgICAgIkB0eXBlIjogIlNlcnZpY2UiLA0KICAgICAgICAgICAgICAibmFtZSI6ICJNYXRlcmlhbGViYW5rIg0KICAgICAgICAgICAgfQ0KICAgICAgICAgIH0NCiAgICAgXQ0KICB9DQoNCn0NCjwvc2NyaXB0Pg==[\/vc_raw_html][\/vc_column][\/vc_row]<\/p>\n<\/section>","protected":false},"excerpt":{"rendered":"<p>Unser Standort H\u00f8ring bietet an allen Wochentagen von 08:00 bis 18:00 Uhr Waschm\u00f6glichkeiten an.<\/p>\n","protected":false},"author":1,"featured_media":3605,"parent":0,"menu_order":12,"comment_status":"closed","ping_status":"closed","template":"","meta":{"footnotes":""},"categories":[],"class_list":["post-2980","page","type-page","status-publish","has-post-thumbnail"],"yoast_head":"<!-- This site is optimized with the Yoast SEO plugin v21.6 - https:\/\/yoast.com\/wordpress\/plugins\/seo\/ -->\n<title>LKW-Waschanlage in H\u00f8rning | Schnelle und effiziente Lkw-Waschanlage | Megaw\u00e4sche<\/title>\n<meta name=\"description\" content=\"Bei Mega Wash in H\u00f8rning bieten wir das Waschen von LKWs, Anh\u00e4ngern und Verpackungen an. Klicken Sie hier, um mehr zu lesen und ein tolles Angebot zu erhalten!\" \/>\n<meta name=\"robots\" content=\"index, follow, max-snippet:-1, max-image-preview:large, max-video-preview:-1\" \/>\n<link rel=\"canonical\" href=\"https:\/\/megawash.dk\/de\/hoerning\/\" \/>\n<meta property=\"og:locale\" content=\"de_DE\" \/>\n<meta property=\"og:type\" content=\"article\" \/>\n<meta property=\"og:title\" content=\"LKW-Waschanlage in H\u00f8rning | Schnelle und effiziente Lkw-Waschanlage | Megaw\u00e4sche\" \/>\n<meta property=\"og:description\" content=\"Bei Mega Wash in H\u00f8rning bieten wir das Waschen von LKWs, Anh\u00e4ngern und Verpackungen an. Klicken Sie hier, um mehr zu lesen und ein tolles Angebot zu erhalten!\" \/>\n<meta property=\"og:url\" content=\"https:\/\/megawash.dk\/de\/hoerning\/\" \/>\n<meta property=\"og:site_name\" content=\"MegaWash\" \/>\n<meta property=\"article:modified_time\" content=\"2025-06-13T07:26:31+00:00\" \/>\n<meta property=\"og:image\" content=\"https:\/\/megawash.dk\/wp-content\/uploads\/2024\/12\/groen.png\" \/>\n\t<meta property=\"og:image:width\" content=\"2203\" \/>\n\t<meta property=\"og:image:height\" content=\"900\" \/>\n\t<meta property=\"og:image:type\" content=\"image\/png\" \/>\n<meta name=\"twitter:card\" content=\"summary_large_image\" \/>\n<meta name=\"twitter:label1\" content=\"Gesch\u00e4tzte Lesezeit\" \/>\n\t<meta name=\"twitter:data1\" content=\"2\u00a0Minuten\" \/>\n<script type=\"application\/ld+json\" class=\"yoast-schema-graph\">{\"@context\":\"https:\/\/schema.org\",\"@graph\":[{\"@type\":\"WebPage\",\"@id\":\"https:\/\/megawash.dk\/de\/hoerning\/\",\"url\":\"https:\/\/megawash.dk\/de\/hoerning\/\",\"name\":\"LKW-Waschanlage in H\u00f8rning | Schnelle und effiziente Lkw-Waschanlage | Megaw\u00e4sche\",\"isPartOf\":{\"@id\":\"https:\/\/megawash.dk\/de\/#website\"},\"datePublished\":\"2021-06-29T09:13:32+00:00\",\"dateModified\":\"2025-06-13T07:26:31+00:00\",\"description\":\"Bei Mega Wash in H\u00f8rning bieten wir das Waschen von LKWs, Anh\u00e4ngern und Verpackungen an. Klicken Sie hier, um mehr zu lesen und ein tolles Angebot zu erhalten!\",\"breadcrumb\":{\"@id\":\"https:\/\/megawash.dk\/de\/hoerning\/#breadcrumb\"},\"inLanguage\":\"de\",\"potentialAction\":[{\"@type\":\"ReadAction\",\"target\":[\"https:\/\/megawash.dk\/de\/hoerning\/\"]}]},{\"@type\":\"BreadcrumbList\",\"@id\":\"https:\/\/megawash.dk\/de\/hoerning\/#breadcrumb\",\"itemListElement\":[{\"@type\":\"ListItem\",\"position\":1,\"name\":\"Hjem\",\"item\":\"https:\/\/megawash.dk\/de\/\"},{\"@type\":\"ListItem\",\"position\":2,\"name\":\"Waschanlage in H\u00f8ring\"}]},{\"@type\":\"WebSite\",\"@id\":\"https:\/\/megawash.dk\/de\/#website\",\"url\":\"https:\/\/megawash.dk\/de\/\",\"name\":\"MegaWash\",\"description\":\"Vaskehal til lastbiler og kassevogn i \u00c5rhus og Recharge City: Vask af lastbil\",\"publisher\":{\"@id\":\"https:\/\/megawash.dk\/de\/#organization\"},\"potentialAction\":[{\"@type\":\"SearchAction\",\"target\":{\"@type\":\"EntryPoint\",\"urlTemplate\":\"https:\/\/megawash.dk\/de\/?s={search_term_string}\"},\"query-input\":\"required name=search_term_string\"}],\"inLanguage\":\"de\"},{\"@type\":\"Organization\",\"@id\":\"https:\/\/megawash.dk\/de\/#organization\",\"name\":\"MegaWash\",\"url\":\"https:\/\/megawash.dk\/de\/\",\"logo\":{\"@type\":\"ImageObject\",\"inLanguage\":\"de\",\"@id\":\"https:\/\/megawash.dk\/de\/#\/schema\/logo\/image\/\",\"url\":\"https:\/\/megawash.dk\/wp-content\/uploads\/2023\/04\/megawash-logo-pantone-2727c-2798c.png\",\"contentUrl\":\"https:\/\/megawash.dk\/wp-content\/uploads\/2023\/04\/megawash-logo-pantone-2727c-2798c.png\",\"width\":2048,\"height\":1046,\"caption\":\"MegaWash\"},\"image\":{\"@id\":\"https:\/\/megawash.dk\/de\/#\/schema\/logo\/image\/\"}}]}<\/script>\n<!-- \/ Yoast SEO plugin. -->","yoast_head_json":{"title":"LKW-Waschanlage in H\u00f8rning | Schnelle und effiziente Lkw-Waschanlage | Megaw\u00e4sche","description":"Bei Mega Wash in H\u00f8rning bieten wir das Waschen von LKWs, Anh\u00e4ngern und Verpackungen an. Klicken Sie hier, um mehr zu lesen und ein tolles Angebot zu erhalten!","robots":{"index":"index","follow":"follow","max-snippet":"max-snippet:-1","max-image-preview":"max-image-preview:large","max-video-preview":"max-video-preview:-1"},"canonical":"https:\/\/megawash.dk\/de\/hoerning\/","og_locale":"de_DE","og_type":"article","og_title":"LKW-Waschanlage in H\u00f8rning | Schnelle und effiziente Lkw-Waschanlage | Megaw\u00e4sche","og_description":"Bei Mega Wash in H\u00f8rning bieten wir das Waschen von LKWs, Anh\u00e4ngern und Verpackungen an. Klicken Sie hier, um mehr zu lesen und ein tolles Angebot zu erhalten!","og_url":"https:\/\/megawash.dk\/de\/hoerning\/","og_site_name":"MegaWash","article_modified_time":"2025-06-13T07:26:31+00:00","og_image":[{"width":2203,"height":900,"url":"https:\/\/megawash.dk\/wp-content\/uploads\/2024\/12\/groen.png","type":"image\/png"}],"twitter_card":"summary_large_image","twitter_misc":{"Gesch\u00e4tzte Lesezeit":"2\u00a0Minuten"},"schema":{"@context":"https:\/\/schema.org","@graph":[{"@type":"WebPage","@id":"https:\/\/megawash.dk\/de\/hoerning\/","url":"https:\/\/megawash.dk\/de\/hoerning\/","name":"LKW-Waschanlage in H\u00f8rning | Schnelle und effiziente Lkw-Waschanlage | Megaw\u00e4sche","isPartOf":{"@id":"https:\/\/megawash.dk\/de\/#website"},"datePublished":"2021-06-29T09:13:32+00:00","dateModified":"2025-06-13T07:26:31+00:00","description":"Bei Mega Wash in H\u00f8rning bieten wir das Waschen von LKWs, Anh\u00e4ngern und Verpackungen an. Klicken Sie hier, um mehr zu lesen und ein tolles Angebot zu erhalten!","breadcrumb":{"@id":"https:\/\/megawash.dk\/de\/hoerning\/#breadcrumb"},"inLanguage":"de","potentialAction":[{"@type":"ReadAction","target":["https:\/\/megawash.dk\/de\/hoerning\/"]}]},{"@type":"BreadcrumbList","@id":"https:\/\/megawash.dk\/de\/hoerning\/#breadcrumb","itemListElement":[{"@type":"ListItem","position":1,"name":"Hjem","item":"https:\/\/megawash.dk\/de\/"},{"@type":"ListItem","position":2,"name":"Waschanlage in H\u00f8ring"}]},{"@type":"WebSite","@id":"https:\/\/megawash.dk\/de\/#website","url":"https:\/\/megawash.dk\/de\/","name":"MegaWash","description":"Vaskehal til lastbiler og kassevogn i \u00c5rhus og Recharge City: Vask af lastbil","publisher":{"@id":"https:\/\/megawash.dk\/de\/#organization"},"potentialAction":[{"@type":"SearchAction","target":{"@type":"EntryPoint","urlTemplate":"https:\/\/megawash.dk\/de\/?s={search_term_string}"},"query-input":"required name=search_term_string"}],"inLanguage":"de"},{"@type":"Organization","@id":"https:\/\/megawash.dk\/de\/#organization","name":"MegaWash","url":"https:\/\/megawash.dk\/de\/","logo":{"@type":"ImageObject","inLanguage":"de","@id":"https:\/\/megawash.dk\/de\/#\/schema\/logo\/image\/","url":"https:\/\/megawash.dk\/wp-content\/uploads\/2023\/04\/megawash-logo-pantone-2727c-2798c.png","contentUrl":"https:\/\/megawash.dk\/wp-content\/uploads\/2023\/04\/megawash-logo-pantone-2727c-2798c.png","width":2048,"height":1046,"caption":"MegaWash"},"image":{"@id":"https:\/\/megawash.dk\/de\/#\/schema\/logo\/image\/"}}]}},"_links":{"self":[{"href":"https:\/\/megawash.dk\/de\/wp-json\/wp\/v2\/pages\/2980","targetHints":{"allow":["GET"]}}],"collection":[{"href":"https:\/\/megawash.dk\/de\/wp-json\/wp\/v2\/pages"}],"about":[{"href":"https:\/\/megawash.dk\/de\/wp-json\/wp\/v2\/types\/page"}],"author":[{"embeddable":true,"href":"https:\/\/megawash.dk\/de\/wp-json\/wp\/v2\/users\/1"}],"replies":[{"embeddable":true,"href":"https:\/\/megawash.dk\/de\/wp-json\/wp\/v2\/comments?post=2980"}],"version-history":[{"count":5,"href":"https:\/\/megawash.dk\/de\/wp-json\/wp\/v2\/pages\/2980\/revisions"}],"predecessor-version":[{"id":3796,"href":"https:\/\/megawash.dk\/de\/wp-json\/wp\/v2\/pages\/2980\/revisions\/3796"}],"wp:featuredmedia":[{"embeddable":true,"href":"https:\/\/megawash.dk\/de\/wp-json\/wp\/v2\/media\/3605"}],"wp:attachment":[{"href":"https:\/\/megawash.dk\/de\/wp-json\/wp\/v2\/media?parent=2980"}],"wp:term":[{"taxonomy":"category","embeddable":true,"href":"https:\/\/megawash.dk\/de\/wp-json\/wp\/v2\/categories?post=2980"}],"curies":[{"name":"wp","href":"https:\/\/api.w.org\/{rel}","templated":true}]}}