{"id":2971,"date":"2021-06-29T11:13:32","date_gmt":"2021-06-29T09:13:32","guid":{"rendered":"https:\/\/megawash.dk\/Recharge%20City\/"},"modified":"2025-06-13T09:36:18","modified_gmt":"2025-06-13T07:36:18","slug":"recharge-city","status":"publish","type":"page","link":"https:\/\/megawash.dk\/de\/recharge-city\/","title":{"rendered":"Waschanlage in Recharge City"},"content":{"rendered":"<section class=\"wpb-content-wrapper\"><p>[vc_row full_width=&#8220;stretch_row&#8220;][vc_column]<div class=\"ult-spacer spacer-69f587f27cf9f\" data-id=\"69f587f27cf9f\" data-height=\"90\" data-height-mobile=\"60\" data-height-tab=\"90\" data-height-tab-portrait=\"60\" data-height-mobile-landscape=\"60\" style=\"clear:both;display:block;\"><\/div>[vc_row_inner][vc_column_inner offset=&#8220;vc_col-lg-8 vc_col-md-8 vc_col-xs-12&#8243;][vc_column_text]<\/p>\n<h2>Willkommen in unserer Autowaschanlage in Recharge City!<\/h2>\n<h3>Lassen Sie Ihre Lkw professionell in Recharge City waschen \u2013 und sichern Sie sich einen sch\u00f6nen, frisch gewaschenen Lkw!<\/h3>\n<p>In unserer Autowaschanlage in Recharge City k\u00f6nnen Sie Ihre Lkw werktags zwischen 8:00 und 20:00 Uhr waschen lassen.<\/p>\n<p>Wir sind ein besetztes Zentrum, und unsere Mitarbeiter waschen auch dort, wo die Maschine nicht hinkommt. So stellen wir sicher, dass Ihr Lkw sauber und frisch gewaschen ist und wieder auf die Stra\u00dfe kommt.<\/p>\n<p>Wir legen Wert auf Qualit\u00e4t und stellen sicher, dass die W\u00e4sche Ihres Lkws fachgerecht durchgef\u00fchrt wird. Deshalb arbeiten wir mit unserem Lieferanten f\u00fcr Waschmittel und Chemikalien zusammen, um optimale Waschmittel und Dosierung zu verwenden. Unsere Mitarbeiter sind in der richtigen W\u00e4sche geschult, und wir stellen Ihnen detaillierte Arbeitsbeschreibungen f\u00fcr die W\u00e4schen zur Verf\u00fcgung.<\/p>\n<p>Ma\u00dfgeschneiderter Vertrag f\u00fcr alle Stammkunden \u2013 Professionelle W\u00e4sche f\u00fcr gro\u00dfe und kleine Lkw<\/p>\n<p>Wir bieten unseren Stammkunden, ob gro\u00df oder klein, einen ma\u00dfgeschneiderten Firmenvertrag an.<\/p>\n<p>Wir m\u00f6chten Ihnen einen repr\u00e4sentativen, frisch gewaschenen Lkw bieten, der auf der Stra\u00dfe einen professionellen Eindruck macht. Z\u00f6gern Sie nicht, uns anzurufen, wenn Sie eine hochwertige LKW-W\u00e4sche w\u00fcnschen.<\/p>\n<p>In unserer Waschanlage in Recharge City legen wir Wert auf guten Service und hohe Qualit\u00e4t. Wir verf\u00fcgen \u00fcber langj\u00e4hrige Erfahrung in der LKW-W\u00e4sche und wissen, worauf es ankommt, damit Ihre LKWs sch\u00f6n und gl\u00e4nzend aussehen. Wir setzen stets auf die neueste Technologie und die besten Produkte, um Ihnen die bestm\u00f6gliche W\u00e4sche Ihres LKWs zu gew\u00e4hrleisten.<\/p>\n<p>Erfahrung und modernste Technologie garantieren die beste W\u00e4sche \u2013 Wir sorgen daf\u00fcr, dass Ihr LKW sch\u00f6n und gl\u00e4nzend aussieht.<\/p>\n<p>Wenn Sie also das n\u00e4chste Mal eine professionelle LKW-W\u00e4sche w\u00fcnschen, kontaktieren Sie unsere Waschanlage in Recharge City. Wir bieten Ihrem LKW die beste Behandlung und sorgen daf\u00fcr, dass er wieder wie frisch gewaschen aussieht und bereit f\u00fcr die n\u00e4chste Fahrt ist.<\/p>\n<p>Ihr LKW verdient das Beste in Horsens \u2013 Kontaktieren Sie uns noch heute.<\/p>\n<p>Besuchen Sie unsere Waschanlage in Horsens f\u00fcr eine gr\u00fcndliche und schonende W\u00e4sche. Schreiben Sie uns noch heute an administration@megawash.dk oder rufen Sie uns an unter (+45) 7572 3711.[\/vc_column_text]<div class=\"ult-spacer spacer-69f587f27cfea\" data-id=\"69f587f27cfea\" data-height=\"0\" data-height-mobile=\"30\" data-height-tab=\"0\" data-height-tab-portrait=\"30\" data-height-mobile-landscape=\"30\" style=\"clear:both;display:block;\"><\/div>[vc_empty_space height=&#8220;60px&#8220;][vc_btn title=&#8220;Ring: (+45) 7572 3711&#8243; style=&#8220;custom&#8220; custom_background=&#8220;rgb(152, 190, 100)&#8220; custom_text=&#8220;#ffffff&#8220; shape=&#8220;square&#8220; align=&#8220;left&#8220; link=&#8220;url:tel%3A75723711|&#8220;][\/vc_column_inner][vc_column_inner offset=&#8220;vc_col-lg-4 vc_col-md-4 vc_col-xs-12&#8243;][vc_widget_sidebar sidebar_id=&#8220;sidebar-1&#8243; el_class=&#8220;contact-sidebar&#8220;][\/vc_column_inner][\/vc_row_inner]<div class=\"ult-spacer spacer-69f587f27d014\" data-id=\"69f587f27d014\" data-height=\"90\" data-height-mobile=\"60\" data-height-tab=\"90\" data-height-tab-portrait=\"60\" data-height-mobile-landscape=\"60\" style=\"clear:both;display:block;\"><\/div>[\/vc_column][\/vc_row][vc_row full_width=&#8220;stretch_row&#8220; css=&#8220;.vc_custom_1624967179343{background-color: #f7f7f7 !important;}&#8220;][vc_column]<div class=\"ult-spacer spacer-69f587f27d039\" data-id=\"69f587f27d039\" data-height=\"90\" data-height-mobile=\"60\" data-height-tab=\"90\" data-height-tab-portrait=\"60\" data-height-mobile-landscape=\"60\" style=\"clear:both;display:block;\"><\/div>[vc_column_text]<\/p>\n<h3>Besuchen Sie uns in der MegaWash Recharge City<\/h3>\n<p>[\/vc_column_text][vc_empty_space height=&#8220;30px&#8220;][vc_raw_html]W3RhYmxlIGlkPTExIHJlc3BvbnNpdmU9c3RhY2sgcmVzcG9uc2l2ZV9icmVha3BvaW50PSJwaG9uZSIgL10NCg==[\/vc_raw_html][vc_empty_space height=&#8220;30px&#8220;][vc_gmaps link=&#8220;#E-8_JTNDaWZyYW1lJTIwc3JjJTNEJTIyaHR0cHMlM0ElMkYlMkZ3d3cuZ29vZ2xlLmNvbSUyRm1hcHMlMkZlbWJlZCUzRnBiJTNEJTIxMW0xOCUyMTFtMTIlMjExbTMlMjExZDIyMzkuOTY3NzA5NTk3MTUyJTIxMmQ5LjczMzQ5MDI3NzY5MDQyNyUyMTNkNTUuODQ1ODc0OTg0ODE3NiUyMTJtMyUyMTFmMCUyMTJmMCUyMTNmMCUyMTNtMiUyMTFpMTAyNCUyMTJpNzY4JTIxNGYxMy4xJTIxM20zJTIxMW0yJTIxMXMweDQ2NGM3ZDBkZGRiYmY3M2IlMjUzQTB4NzRmOGU1ZTY2ZDk5MjIwYiUyMTJzS2FpJTI1MjBMaW5kYmVyZ3MlMjUyMFZlaiUyNTIwMTJFJTI1MkMlMjUyMDg3MDAlMjUyMEhvcnNlbnMlMjE1ZTAlMjEzbTIlMjExc2RhJTIxMnNkayUyMTR2MTcwOTU0NjI5MDQ2NCUyMTVtMiUyMTFzZGElMjEyc2RrJTIyJTIwd2lkdGglM0QlMjI2MDAlMjIlMjBoZWlnaHQlM0QlMjI0NTAlMjIlMjBzdHlsZSUzRCUyMmJvcmRlciUzQTAlM0IlMjIlMjBhbGxvd2Z1bGxzY3JlZW4lM0QlMjIlMjIlMjBsb2FkaW5nJTNEJTIybGF6eSUyMiUyMHJlZmVycmVycG9saWN5JTNEJTIybm8tcmVmZXJyZXItd2hlbi1kb3duZ3JhZGUlMjIlM0UlM0MlMkZpZnJhbWUlM0U=&#8220; size=&#8220;200px&#8220;]<div class=\"ult-spacer spacer-69f587f27d05c\" data-id=\"69f587f27d05c\" data-height=\"90\" data-height-mobile=\"60\" data-height-tab=\"90\" data-height-tab-portrait=\"60\" data-height-mobile-landscape=\"60\" style=\"clear:both;display:block;\"><\/div>[\/vc_column][\/vc_row][vc_row full_width=&#8220;stretch_row_content_no_spaces&#8220; equal_height=&#8220;yes&#8220;][vc_column width=&#8220;1\/2&#8243; el_class=&#8220;stretch&#8220;][vc_column_text]<\/p>\n<h3>Kundenzufriedenheit steht bei uns an erster Stelle<\/h3>\n<p>Wenn die W\u00e4sche nicht Ihren Erwartungen entspricht, haben wir immer ein offenes Ohr f\u00fcr Sie. Sie erreichen uns unter unserer Haupttelefonnummer und dann sorgen wir gerne daf\u00fcr, dass die richtige Person benachrichtigt wird, um f\u00fcr Sie eine L\u00f6sung zu finden.[\/vc_column_text][vc_empty_space height=&#8220;20px&#8220;][vc_btn title=&#8220;K\u00f6nnen wir f\u00fcr Sie etwas waschen, reinigen oder desinfizieren? Kontaktieren Sie uns uns wir finden eine L\u00f6sung f\u00fcr Sie.&#8220; style=&#8220;custom&#8220; custom_background=&#8220;rgb(152, 190, 100)&#8220; custom_text=&#8220;#ffffff&#8220; shape=&#8220;square&#8220; size=&#8220;sm&#8220; link=&#8220;url:https%3A%2F%2Fmegawash.dk%2Fde%2Fkontaktieren-sie-uns-noch-heute%2F|title:Kontaktieren%20Sie%20uns%20noch%20heute|&#8220;][\/vc_column][vc_column width=&#8220;1\/2&#8243; css=&#8220;.vc_custom_1624966730618{background-image: url(https:\/\/megawash.dk\/wp-content\/uploads\/2021\/06\/iStock-1031587806-min-scaled.jpg?id=2755) !important;background-position: center !important;background-repeat: no-repeat !important;background-size: cover !important;}&#8220;]<div class=\"ult-spacer spacer-69f587f27d07d\" data-id=\"69f587f27d07d\" data-height=\"\" data-height-mobile=\"250\" data-height-tab=\"\" data-height-tab-portrait=\"400\" data-height-mobile-landscape=\"300\" style=\"clear:both;display:block;\"><\/div>[\/vc_column][\/vc_row][vc_row][vc_column][vc_raw_html]PHNjcmlwdCB0eXBlPSJhcHBsaWNhdGlvbi9sZCtqc29uIj4NCnsNCiAgIkBjb250ZXh0IjogImh0dHBzOi8vc2NoZW1hLm9yZyIsDQogICJAdHlwZSI6ICJMb2NhbEJ1c2luZXNzIiwNCiAgIm5hbWUiOiAiTWVnYSBXYXNoIEhvcnNlbnMiLA0KICAiZGVzY3JpcHRpb24iOiAiTWVnYSBXYXNoIGkgSG9yc2VucyBlciBlbiBzdG9ydm9nbnN2YXNrLCBkZXIgdGlsYnlkZXIgbGFzdGJpbHZhc2sgc2FtdCB2YXNrZWhhbCB0aWwga2Fzc2V2b2duLiBEZXN1ZGVuIHRpbGJ5ZGVyIGRlIHRyYWlsZXJ2YXNrIHNhbXQgZW1iYWxsYWdldmFzayBvZyBkZXNpbmZla3Rpb24uIiwNCiAgIlZBVGlkIjogIjMxODg0MTM2IiwNCiAgImltYWdlIjogImh0dHBzOi8vbWVnYXdhc2guZGsvd3AtY29udGVudC91cGxvYWRzLzIwMjEvMDYvbG9nby5wbmciLA0KICAiQGlkIjogImh0dHBzOi8vd3d3Lmdvb2dsZS5jb20vc2VhcmNoP3E9bWVnYSt3YXNoJnJsej0xQzFHQ0VVX2RhREs5NjZESzk2NiZvcT1tZWdhK3dhc2gmYXFzPWNocm9tZS4uNjlpNTdqNDZpMTc1aTE5OWk1MTJsMmowaTEwaTUxMmo0NmkxNzVpMTk5aTUxMmo2OWk2MGwzLjIwNzRqMGo3JnNvdXJjZWlkPWNocm9tZSZpZT1VVEYtOCIsDQogICJ1cmwiOiAiaHR0cHM6Ly9tZWdhd2FzaC5kay9ob3JzZW5zLyIsDQogICJ0ZWxlcGhvbmUiOiAiKzQ1NzU3MiAzNzExIiwNCiAgImVtYWlsIjogImhvcnNlbnNAbWVnYXdhc2guZGsiLA0KICAiaGFzTWFwIjogImh0dHBzOi8vZ29vLmdsL21hcHMvYnRDVG1qYTFTREpQanVYcjgiLA0KICAiYWRkcmVzcyI6IHsNCiAgICAiQHR5cGUiOiAiUG9zdGFsQWRkcmVzcyIsDQogICAgInN0cmVldEFkZHJlc3MiOiAiT3Jpb25zdmVqIDEwIiwNCiAgICAiYWRkcmVzc0xvY2FsaXR5IjogIkhvcnNlbnMiLA0KICAgICJwb3N0YWxDb2RlIjogIjg3MDAiLA0KICAgICJhZGRyZXNzQ291bnRyeSI6ICJESyINCiAgfSwNCiAgImdlbyI6IHsNCiAgICAiQHR5cGUiOiAiR2VvQ29vcmRpbmF0ZXMiLA0KICAgICJsYXRpdHVkZSI6IDU1LjgzNzMxNCwNCiAgICAibG9uZ2l0dWRlIjogOS43ODI5MjQNCiAgfSwNCiAgICAiYXJlYVNlcnZlZCI6IFt7DQogICAgICAiQHR5cGUiOiAiQ2l0eSIsDQogICAgICAibmFtZSI6ICBbIkhvcnNlbnMiLCAiSGVkZW5zdGVkIl0NCiAgICB9XSwNCiAib3BlbmluZ0hvdXJzU3BlY2lmaWNhdGlvbiI6IHsNCiAgICAiQHR5cGUiOiAiT3BlbmluZ0hvdXJzU3BlY2lmaWNhdGlvbiIsDQogICAgImRheU9mV2VlayI6IFsNCiAgICAgICJNb25kYXkiLA0KICAgICAgIlR1ZXNkYXkiLA0KICAgICAgIldlZG5lc2RheSIsDQogICAgICAiVGh1cnNkYXkiLA0KICAgICAgIkZyaWRheSINCiAgICBdLA0KICAgICJvcGVucyI6ICIwODowMCIsDQogICAgImNsb3NlcyI6ICIxODowMCINCiAgfSwNCiAgInNhbWVBcyI6ICJodHRwczovL2RhLWRrLmZhY2Vib29rLmNvbS9tZWdhd2FzaC5kay8iLA0KICAiaGFzT2ZmZXJDYXRhbG9nIjogew0KICAgICJAdHlwZSI6ICJPZmZlckNhdGFsb2ciLA0KICAgICJuYW1lIjogIk1lZ2EgV2FzaCIsDQogICAgIml0ZW1MaXN0RWxlbWVudCI6IFsNCiAgICAgIHsNCiAgICAgICAgICAgICJAdHlwZSI6ICJPZmZlciIsDQogICAgICAgICAgICAiaXRlbU9mZmVyZWQiOiB7DQogICAgICAgICAgICAgICJAdHlwZSI6ICJTZXJ2aWNlIiwNCiAgICAgICAgICAgICAgIm5hbWUiOiAiU3RvcnZvZ25zdmFzayINCiAgICAgICAgICAgIH0NCiAgICAgICAgICB9LA0Kew0KICAgICAgICAgICAgIkB0eXBlIjogIk9mZmVyIiwNCiAgICAgICAgICAgICJpdGVtT2ZmZXJlZCI6IHsNCiAgICAgICAgICAgICAgIkB0eXBlIjogIlNlcnZpY2UiLA0KICAgICAgICAgICAgICAibmFtZSI6ICJMYXN0YmlsdmFzayINCiAgICAgICAgICAgIH0NCiAgICAgICAgICB9LA0KICAgICAgew0KICAgICAgICAgICAgIkB0eXBlIjogIk9mZmVyIiwNCiAgICAgICAgICAgICJpdGVtT2ZmZXJlZCI6IHsNCiAgICAgICAgICAgICAgIkB0eXBlIjogIlNlcnZpY2UiLA0KICAgICAgICAgICAgICAibmFtZSI6ICJWYXNrZWhhbCB0aWwga2Fzc2V2b2duIg0KICAgICAgICAgICAgfQ0KICAgICAgICAgIH0sDQp7DQogICAgICAgICAgICAiQHR5cGUiOiAiT2ZmZXIiLA0KICAgICAgICAgICAgIml0ZW1PZmZlcmVkIjogew0KICAgICAgICAgICAgICAiQHR5cGUiOiAiU2VydmljZSIsDQogICAgICAgICAgICAgICJuYW1lIjogIlZhc2sgYWYgZW1iYWxsYWdlIg0KICAgICAgICAgICAgfQ0KICAgICAgICAgIH0sDQp7DQogICAgICAgICAgICAiQHR5cGUiOiAiT2ZmZXIiLA0KICAgICAgICAgICAgIml0ZW1PZmZlcmVkIjogew0KICAgICAgICAgICAgICAiQHR5cGUiOiAiU2VydmljZSIsDQogICAgICAgICAgICAgICJuYW1lIjogIkRlc2luZmVrdGlvbiINCiAgICAgICAgICAgIH0NCiAgICAgICAgICB9LA0Kew0KICAgICAgICAgICAgIkB0eXBlIjogIk9mZmVyIiwNCiAgICAgICAgICAgICJpdGVtT2ZmZXJlZCI6IHsNCiAgICAgICAgICAgICAgIkB0eXBlIjogIlNlcnZpY2UiLA0KICAgICAgICAgICAgICAibmFtZSI6ICJNYXRlcmlhbGViYW5rIg0KICAgICAgICAgICAgfQ0KICAgICAgICAgIH0NCiAgICAgXQ0KICB9DQoNCn0NCjwvc2NyaXB0Pg==[\/vc_raw_html][\/vc_column][\/vc_row]<\/p>\n<\/section>","protected":false},"excerpt":{"rendered":"<p>In Recharge City k\u00f6nnen Sie Ihren LKW an allen Wochentagen von 08:00 bis 19:00 Uhr waschen.<\/p>\n","protected":false},"author":1,"featured_media":0,"parent":0,"menu_order":13,"comment_status":"closed","ping_status":"closed","template":"","meta":{"footnotes":""},"categories":[],"class_list":["post-2971","page","type-page","status-publish"],"yoast_head":"<!-- This site is optimized with the Yoast SEO plugin v21.6 - https:\/\/yoast.com\/wordpress\/plugins\/seo\/ -->\n<title>LKW-Waschanlage in Horsens | Schnelle und effiziente Lkw-Waschanlage | Megaw\u00e4sche<\/title>\n<meta name=\"description\" content=\"Bei Mega Wash in Horsens bieten wir das Waschen von LKWs, Anh\u00e4ngern und Verpackungen an. Klicken Sie hier, um mehr zu lesen und ein tolles Angebot zu erhalten!\" \/>\n<meta name=\"robots\" content=\"index, follow, max-snippet:-1, max-image-preview:large, max-video-preview:-1\" \/>\n<link rel=\"canonical\" href=\"https:\/\/megawash.dk\/de\/recharge-city\/\" \/>\n<meta property=\"og:locale\" content=\"de_DE\" \/>\n<meta property=\"og:type\" content=\"article\" \/>\n<meta property=\"og:title\" content=\"LKW-Waschanlage in Horsens | Schnelle und effiziente Lkw-Waschanlage | Megaw\u00e4sche\" \/>\n<meta property=\"og:description\" content=\"Bei Mega Wash in Horsens bieten wir das Waschen von LKWs, Anh\u00e4ngern und Verpackungen an. Klicken Sie hier, um mehr zu lesen und ein tolles Angebot zu erhalten!\" \/>\n<meta property=\"og:url\" content=\"https:\/\/megawash.dk\/de\/recharge-city\/\" \/>\n<meta property=\"og:site_name\" content=\"MegaWash\" \/>\n<meta property=\"article:modified_time\" content=\"2025-06-13T07:36:18+00:00\" \/>\n<meta name=\"twitter:card\" content=\"summary_large_image\" \/>\n<meta name=\"twitter:label1\" content=\"Gesch\u00e4tzte Lesezeit\" \/>\n\t<meta name=\"twitter:data1\" content=\"2\u00a0Minuten\" \/>\n<script type=\"application\/ld+json\" class=\"yoast-schema-graph\">{\"@context\":\"https:\/\/schema.org\",\"@graph\":[{\"@type\":\"WebPage\",\"@id\":\"https:\/\/megawash.dk\/de\/recharge-city\/\",\"url\":\"https:\/\/megawash.dk\/de\/recharge-city\/\",\"name\":\"LKW-Waschanlage in Horsens | Schnelle und effiziente Lkw-Waschanlage | Megaw\u00e4sche\",\"isPartOf\":{\"@id\":\"https:\/\/megawash.dk\/de\/#website\"},\"datePublished\":\"2021-06-29T09:13:32+00:00\",\"dateModified\":\"2025-06-13T07:36:18+00:00\",\"description\":\"Bei Mega Wash in Horsens bieten wir das Waschen von LKWs, Anh\u00e4ngern und Verpackungen an. Klicken Sie hier, um mehr zu lesen und ein tolles Angebot zu erhalten!\",\"breadcrumb\":{\"@id\":\"https:\/\/megawash.dk\/de\/recharge-city\/#breadcrumb\"},\"inLanguage\":\"de\",\"potentialAction\":[{\"@type\":\"ReadAction\",\"target\":[\"https:\/\/megawash.dk\/de\/recharge-city\/\"]}]},{\"@type\":\"BreadcrumbList\",\"@id\":\"https:\/\/megawash.dk\/de\/recharge-city\/#breadcrumb\",\"itemListElement\":[{\"@type\":\"ListItem\",\"position\":1,\"name\":\"Hjem\",\"item\":\"https:\/\/megawash.dk\/de\/\"},{\"@type\":\"ListItem\",\"position\":2,\"name\":\"Waschanlage in Recharge City\"}]},{\"@type\":\"WebSite\",\"@id\":\"https:\/\/megawash.dk\/de\/#website\",\"url\":\"https:\/\/megawash.dk\/de\/\",\"name\":\"MegaWash\",\"description\":\"Vaskehal til lastbiler og kassevogn i \u00c5rhus og Recharge City: Vask af lastbil\",\"publisher\":{\"@id\":\"https:\/\/megawash.dk\/de\/#organization\"},\"potentialAction\":[{\"@type\":\"SearchAction\",\"target\":{\"@type\":\"EntryPoint\",\"urlTemplate\":\"https:\/\/megawash.dk\/de\/?s={search_term_string}\"},\"query-input\":\"required name=search_term_string\"}],\"inLanguage\":\"de\"},{\"@type\":\"Organization\",\"@id\":\"https:\/\/megawash.dk\/de\/#organization\",\"name\":\"MegaWash\",\"url\":\"https:\/\/megawash.dk\/de\/\",\"logo\":{\"@type\":\"ImageObject\",\"inLanguage\":\"de\",\"@id\":\"https:\/\/megawash.dk\/de\/#\/schema\/logo\/image\/\",\"url\":\"https:\/\/megawash.dk\/wp-content\/uploads\/2023\/04\/megawash-logo-pantone-2727c-2798c.png\",\"contentUrl\":\"https:\/\/megawash.dk\/wp-content\/uploads\/2023\/04\/megawash-logo-pantone-2727c-2798c.png\",\"width\":2048,\"height\":1046,\"caption\":\"MegaWash\"},\"image\":{\"@id\":\"https:\/\/megawash.dk\/de\/#\/schema\/logo\/image\/\"}}]}<\/script>\n<!-- \/ Yoast SEO plugin. -->","yoast_head_json":{"title":"LKW-Waschanlage in Horsens | Schnelle und effiziente Lkw-Waschanlage | Megaw\u00e4sche","description":"Bei Mega Wash in Horsens bieten wir das Waschen von LKWs, Anh\u00e4ngern und Verpackungen an. Klicken Sie hier, um mehr zu lesen und ein tolles Angebot zu erhalten!","robots":{"index":"index","follow":"follow","max-snippet":"max-snippet:-1","max-image-preview":"max-image-preview:large","max-video-preview":"max-video-preview:-1"},"canonical":"https:\/\/megawash.dk\/de\/recharge-city\/","og_locale":"de_DE","og_type":"article","og_title":"LKW-Waschanlage in Horsens | Schnelle und effiziente Lkw-Waschanlage | Megaw\u00e4sche","og_description":"Bei Mega Wash in Horsens bieten wir das Waschen von LKWs, Anh\u00e4ngern und Verpackungen an. Klicken Sie hier, um mehr zu lesen und ein tolles Angebot zu erhalten!","og_url":"https:\/\/megawash.dk\/de\/recharge-city\/","og_site_name":"MegaWash","article_modified_time":"2025-06-13T07:36:18+00:00","twitter_card":"summary_large_image","twitter_misc":{"Gesch\u00e4tzte Lesezeit":"2\u00a0Minuten"},"schema":{"@context":"https:\/\/schema.org","@graph":[{"@type":"WebPage","@id":"https:\/\/megawash.dk\/de\/recharge-city\/","url":"https:\/\/megawash.dk\/de\/recharge-city\/","name":"LKW-Waschanlage in Horsens | Schnelle und effiziente Lkw-Waschanlage | Megaw\u00e4sche","isPartOf":{"@id":"https:\/\/megawash.dk\/de\/#website"},"datePublished":"2021-06-29T09:13:32+00:00","dateModified":"2025-06-13T07:36:18+00:00","description":"Bei Mega Wash in Horsens bieten wir das Waschen von LKWs, Anh\u00e4ngern und Verpackungen an. Klicken Sie hier, um mehr zu lesen und ein tolles Angebot zu erhalten!","breadcrumb":{"@id":"https:\/\/megawash.dk\/de\/recharge-city\/#breadcrumb"},"inLanguage":"de","potentialAction":[{"@type":"ReadAction","target":["https:\/\/megawash.dk\/de\/recharge-city\/"]}]},{"@type":"BreadcrumbList","@id":"https:\/\/megawash.dk\/de\/recharge-city\/#breadcrumb","itemListElement":[{"@type":"ListItem","position":1,"name":"Hjem","item":"https:\/\/megawash.dk\/de\/"},{"@type":"ListItem","position":2,"name":"Waschanlage in Recharge City"}]},{"@type":"WebSite","@id":"https:\/\/megawash.dk\/de\/#website","url":"https:\/\/megawash.dk\/de\/","name":"MegaWash","description":"Vaskehal til lastbiler og kassevogn i \u00c5rhus og Recharge City: Vask af lastbil","publisher":{"@id":"https:\/\/megawash.dk\/de\/#organization"},"potentialAction":[{"@type":"SearchAction","target":{"@type":"EntryPoint","urlTemplate":"https:\/\/megawash.dk\/de\/?s={search_term_string}"},"query-input":"required name=search_term_string"}],"inLanguage":"de"},{"@type":"Organization","@id":"https:\/\/megawash.dk\/de\/#organization","name":"MegaWash","url":"https:\/\/megawash.dk\/de\/","logo":{"@type":"ImageObject","inLanguage":"de","@id":"https:\/\/megawash.dk\/de\/#\/schema\/logo\/image\/","url":"https:\/\/megawash.dk\/wp-content\/uploads\/2023\/04\/megawash-logo-pantone-2727c-2798c.png","contentUrl":"https:\/\/megawash.dk\/wp-content\/uploads\/2023\/04\/megawash-logo-pantone-2727c-2798c.png","width":2048,"height":1046,"caption":"MegaWash"},"image":{"@id":"https:\/\/megawash.dk\/de\/#\/schema\/logo\/image\/"}}]}},"_links":{"self":[{"href":"https:\/\/megawash.dk\/de\/wp-json\/wp\/v2\/pages\/2971","targetHints":{"allow":["GET"]}}],"collection":[{"href":"https:\/\/megawash.dk\/de\/wp-json\/wp\/v2\/pages"}],"about":[{"href":"https:\/\/megawash.dk\/de\/wp-json\/wp\/v2\/types\/page"}],"author":[{"embeddable":true,"href":"https:\/\/megawash.dk\/de\/wp-json\/wp\/v2\/users\/1"}],"replies":[{"embeddable":true,"href":"https:\/\/megawash.dk\/de\/wp-json\/wp\/v2\/comments?post=2971"}],"version-history":[{"count":9,"href":"https:\/\/megawash.dk\/de\/wp-json\/wp\/v2\/pages\/2971\/revisions"}],"predecessor-version":[{"id":3800,"href":"https:\/\/megawash.dk\/de\/wp-json\/wp\/v2\/pages\/2971\/revisions\/3800"}],"wp:attachment":[{"href":"https:\/\/megawash.dk\/de\/wp-json\/wp\/v2\/media?parent=2971"}],"wp:term":[{"taxonomy":"category","embeddable":true,"href":"https:\/\/megawash.dk\/de\/wp-json\/wp\/v2\/categories?post=2971"}],"curies":[{"name":"wp","href":"https:\/\/api.w.org\/{rel}","templated":true}]}}